{"id":102498,"date":"2022-01-07T10:05:45","date_gmt":"2022-01-07T08:05:45","guid":{"rendered":"https:\/\/ryynanenconsulting.com\/?post_type=product&#038;p=102498"},"modified":"2026-03-13T08:20:21","modified_gmt":"2026-03-13T06:20:21","slug":"sandbox-innovations-ou-16394840","status":"publish","type":"product","link":"https:\/\/ryynanenconsulting.com\/et\/toode\/sandbox-innovations-ou-16394840\/","title":{"rendered":"Clemaint O\u00dc 12517582 Yritys on perustettu v. 2013 ja yrityksell\u00e4 ei ole ollut toimintaa"},"content":{"rendered":"","protected":false},"excerpt":{"rendered":"","protected":false},"featured_media":0,"template":"","meta":[],"product_cat":[100026],"product_tag":[],"yoast_head":"\n<title>Clemaint O\u00dc 12517582 Yritys on perustettu v. 2013 ja yrityksell\u00e4 ei ole ollut toimintaa - yhti\u00f6 Viroon, yritys Viroon, kirjanpito Virossa, valmisyritys Viroon, kirjanpito Viroon<\/title>\n<meta name=\"robots\"  content=\"noindex, follow\" \/>\n<meta property=\"og:locale\"  content=\"et_EE\" \/>\n<meta property=\"og:type\"  content=\"article\" \/>\n<meta property=\"og:title\"  content=\"Clemaint O\u00dc 12517582 Yritys on perustettu v. 2013 ja yrityksell\u00e4 ei ole ollut toimintaa\" \/>\n<meta property=\"og:url\"  content=\"https:\/\/ryynanenconsulting.com\/et\/toode\/sandbox-innovations-ou-16394840\/\" \/>\n<meta property=\"og:site_name\"  content=\"yhti\u00f6 Viroon, yritys Viroon, kirjanpito Virossa, valmisyritys Viroon, kirjanpito Viroon\" \/>\n<meta property=\"article:publisher\"  content=\"https:\/\/www.facebook.com\/ryynanenconsulting?ref=hl\" \/>\n<meta property=\"article:modified_time\"  content=\"2026-03-13T06:20:21+00:00\" \/>\n<script type=\"application\/ld+json\"  class=\"yoast-schema-graph\">{\"@context\":\"https:\/\/schema.org\",\"@graph\":[{\"@type\":\"Organization\",\"@id\":\"https:\/\/ryynanenconsulting.com\/#organization\",\"name\":\"Ryyn\u00e4nen Consulting O\u00dc\",\"url\":\"https:\/\/ryynanenconsulting.com\/\",\"sameAs\":[\"https:\/\/www.facebook.com\/ryynanenconsulting?ref=hl\",\"https:\/\/www.instagram.com\/ryynanenconsulting\/\"],\"logo\":{\"@type\":\"ImageObject\",\"@id\":\"https:\/\/ryynanenconsulting.com\/#logo\",\"inLanguage\":\"et\",\"url\":\"https:\/\/ryynanenconsulting.com\/oathitse\/2021\/12\/Logo-860x233-1.png\",\"contentUrl\":\"https:\/\/ryynanenconsulting.com\/oathitse\/2021\/12\/Logo-860x233-1.png\",\"width\":860,\"height\":233,\"caption\":\"Ryyn\u00e4nen Consulting O\u00dc\"},\"image\":{\"@id\":\"https:\/\/ryynanenconsulting.com\/#logo\"}},{\"@type\":\"WebSite\",\"@id\":\"https:\/\/ryynanenconsulting.com\/#website\",\"url\":\"https:\/\/ryynanenconsulting.com\/\",\"name\":\"yhti\u00f6 Viroon, yritys Viroon, kirjanpito Virossa, valmisyritys Viroon, kirjanpito Viroon\",\"description\":\"yhti\u00f6 Viroon, yritys Viroon, valmisyritys Viroon, kirjanpito Viroon, kirjanpito Virossa, konsultointi- RYYN\u00c4NEN CONSULTING O\u00dc ville@ryynanenconsulting.com\",\"publisher\":{\"@id\":\"https:\/\/ryynanenconsulting.com\/#organization\"},\"potentialAction\":[{\"@type\":\"SearchAction\",\"target\":{\"@type\":\"EntryPoint\",\"urlTemplate\":\"https:\/\/ryynanenconsulting.com\/?s={search_term_string}\"},\"query-input\":\"required name=search_term_string\"}],\"inLanguage\":\"et\"},{\"@type\":\"WebPage\",\"@id\":\"https:\/\/ryynanenconsulting.com\/toode\/sandbox-innovations-ou-16394840\/#webpage\",\"url\":\"https:\/\/ryynanenconsulting.com\/toode\/sandbox-innovations-ou-16394840\/\",\"name\":\"Clemaint O\u00dc 12517582 Yritys on perustettu v. 2013 ja yrityksell\u00e4 ei ole ollut toimintaa - yhti\u00f6 Viroon, yritys Viroon, kirjanpito Virossa, valmisyritys Viroon, kirjanpito Viroon\",\"isPartOf\":{\"@id\":\"https:\/\/ryynanenconsulting.com\/#website\"},\"datePublished\":\"2022-01-07T08:05:45+00:00\",\"dateModified\":\"2026-03-13T06:20:21+00:00\",\"breadcrumb\":{\"@id\":\"https:\/\/ryynanenconsulting.com\/toode\/sandbox-innovations-ou-16394840\/#breadcrumb\"},\"inLanguage\":\"et\",\"potentialAction\":[{\"@type\":\"ReadAction\",\"target\":[\"https:\/\/ryynanenconsulting.com\/toode\/sandbox-innovations-ou-16394840\/\"]}]},{\"@type\":\"BreadcrumbList\",\"@id\":\"https:\/\/ryynanenconsulting.com\/toode\/sandbox-innovations-ou-16394840\/#breadcrumb\",\"itemListElement\":[{\"@type\":\"ListItem\",\"position\":1,\"name\":\"Home\",\"item\":\"https:\/\/ryynanenconsulting.com\/\"},{\"@type\":\"ListItem\",\"position\":2,\"name\":\"Pood\",\"item\":\"https:\/\/ryynanenconsulting.com\/pood\/\"},{\"@type\":\"ListItem\",\"position\":3,\"name\":\"Clemaint O\u00dc 12517582 Yritys on perustettu v. 2013 ja yrityksell\u00e4 ei ole ollut toimintaa\"}]}]}<\/script>\n","yoast_head_json":{"title":"Clemaint O\u00dc 12517582 Yritys on perustettu v. 2013 ja yrityksell\u00e4 ei ole ollut toimintaa - yhti\u00f6 Viroon, yritys Viroon, kirjanpito Virossa, valmisyritys Viroon, kirjanpito Viroon","robots":{"index":"noindex","follow":"follow"},"og_locale":"et_EE","og_type":"article","og_title":"Clemaint O\u00dc 12517582 Yritys on perustettu v. 2013 ja yrityksell\u00e4 ei ole ollut toimintaa","og_url":"https:\/\/ryynanenconsulting.com\/et\/toode\/sandbox-innovations-ou-16394840\/","og_site_name":"yhti\u00f6 Viroon, yritys Viroon, kirjanpito Virossa, valmisyritys Viroon, kirjanpito Viroon","article_publisher":"https:\/\/www.facebook.com\/ryynanenconsulting?ref=hl","article_modified_time":"2026-03-13T06:20:21+00:00","schema":{"@context":"https:\/\/schema.org","@graph":[{"@type":"Organization","@id":"https:\/\/ryynanenconsulting.com\/#organization","name":"Ryyn\u00e4nen Consulting O\u00dc","url":"https:\/\/ryynanenconsulting.com\/","sameAs":["https:\/\/www.facebook.com\/ryynanenconsulting?ref=hl","https:\/\/www.instagram.com\/ryynanenconsulting\/"],"logo":{"@type":"ImageObject","@id":"https:\/\/ryynanenconsulting.com\/#logo","inLanguage":"et","url":"https:\/\/ryynanenconsulting.com\/oathitse\/2021\/12\/Logo-860x233-1.png","contentUrl":"https:\/\/ryynanenconsulting.com\/oathitse\/2021\/12\/Logo-860x233-1.png","width":860,"height":233,"caption":"Ryyn\u00e4nen Consulting O\u00dc"},"image":{"@id":"https:\/\/ryynanenconsulting.com\/#logo"}},{"@type":"WebSite","@id":"https:\/\/ryynanenconsulting.com\/#website","url":"https:\/\/ryynanenconsulting.com\/","name":"yhti\u00f6 Viroon, yritys Viroon, kirjanpito Virossa, valmisyritys Viroon, kirjanpito Viroon","description":"yhti\u00f6 Viroon, yritys Viroon, valmisyritys Viroon, kirjanpito Viroon, kirjanpito Virossa, konsultointi- RYYN\u00c4NEN CONSULTING O\u00dc ville@ryynanenconsulting.com","publisher":{"@id":"https:\/\/ryynanenconsulting.com\/#organization"},"potentialAction":[{"@type":"SearchAction","target":{"@type":"EntryPoint","urlTemplate":"https:\/\/ryynanenconsulting.com\/?s={search_term_string}"},"query-input":"required name=search_term_string"}],"inLanguage":"et"},{"@type":"WebPage","@id":"https:\/\/ryynanenconsulting.com\/toode\/sandbox-innovations-ou-16394840\/#webpage","url":"https:\/\/ryynanenconsulting.com\/toode\/sandbox-innovations-ou-16394840\/","name":"Clemaint O\u00dc 12517582 Yritys on perustettu v. 2013 ja yrityksell\u00e4 ei ole ollut toimintaa - yhti\u00f6 Viroon, yritys Viroon, kirjanpito Virossa, valmisyritys Viroon, kirjanpito Viroon","isPartOf":{"@id":"https:\/\/ryynanenconsulting.com\/#website"},"datePublished":"2022-01-07T08:05:45+00:00","dateModified":"2026-03-13T06:20:21+00:00","breadcrumb":{"@id":"https:\/\/ryynanenconsulting.com\/toode\/sandbox-innovations-ou-16394840\/#breadcrumb"},"inLanguage":"et","potentialAction":[{"@type":"ReadAction","target":["https:\/\/ryynanenconsulting.com\/toode\/sandbox-innovations-ou-16394840\/"]}]},{"@type":"BreadcrumbList","@id":"https:\/\/ryynanenconsulting.com\/toode\/sandbox-innovations-ou-16394840\/#breadcrumb","itemListElement":[{"@type":"ListItem","position":1,"name":"Home","item":"https:\/\/ryynanenconsulting.com\/"},{"@type":"ListItem","position":2,"name":"Pood","item":"https:\/\/ryynanenconsulting.com\/pood\/"},{"@type":"ListItem","position":3,"name":"Clemaint O\u00dc 12517582 Yritys on perustettu v. 2013 ja yrityksell\u00e4 ei ole ollut toimintaa"}]}]}},"_links":{"self":[{"href":"https:\/\/ryynanenconsulting.com\/et\/wp-json\/wp\/v2\/product\/102498"}],"collection":[{"href":"https:\/\/ryynanenconsulting.com\/et\/wp-json\/wp\/v2\/product"}],"about":[{"href":"https:\/\/ryynanenconsulting.com\/et\/wp-json\/wp\/v2\/types\/product"}],"wp:attachment":[{"href":"https:\/\/ryynanenconsulting.com\/et\/wp-json\/wp\/v2\/media?parent=102498"}],"wp:term":[{"taxonomy":"product_cat","embeddable":true,"href":"https:\/\/ryynanenconsulting.com\/et\/wp-json\/wp\/v2\/product_cat?post=102498"},{"taxonomy":"product_tag","embeddable":true,"href":"https:\/\/ryynanenconsulting.com\/et\/wp-json\/wp\/v2\/product_tag?post=102498"}],"curies":[{"name":"wp","href":"https:\/\/api.w.org\/{rel}","templated":true}]}}