{"id":103542,"date":"2022-05-16T13:23:53","date_gmt":"2022-05-16T10:23:53","guid":{"rendered":"https:\/\/ryynanenconsulting.com\/?page_id=103542"},"modified":"2026-02-26T17:07:03","modified_gmt":"2026-02-26T15:07:03","slug":"yksityishenkilon-osoitepalvelu-viroon-ja-viron-id-kortti","status":"publish","type":"page","link":"https:\/\/ryynanenconsulting.com\/et\/yksityishenkilon-osoitepalvelu-viroon-ja-viron-id-kortti\/","title":{"rendered":"Yksityishenkil\u00f6n osoitepalvelu Viroon, Viron ID-kortti ja muutto Viroon"},"content":{"rendered":"<div data-elementor-type=\"wp-page\"   data-elementor-id=\"103542\"   class=\"elementor elementor-103542\">\n\t\t\t\t\t\t\t\t\t<section data-particle_enable=\"false\"   data-particle-mobile-disabled=\"false\"   class=\"elementor-section elementor-top-section elementor-element elementor-element-7e57fe9 elementor-section-boxed elementor-section-height-default elementor-section-height-default\"   data-id=\"7e57fe9\"  data-element_type=\"section\">\n\t\t\t\t\t\t<div class=\"elementor-container elementor-column-gap-default\">\n\t\t\t\t\t<div class=\"elementor-column elementor-col-50 elementor-top-column elementor-element elementor-element-9f6e153\"  data-id=\"9f6e153\" data-element_type=\"column\">\n\t\t\t<div class=\"elementor-widget-wrap elementor-element-populated\">\n\t\t\t\t\t\t\t\t<div class=\"elementor-element elementor-element-4af2373 dce_masking-none elementor-widget elementor-widget-image\"   data-id=\"4af2373\"   data-element_type=\"widget\"  data-widget_type=\"image.default\">\n\t\t\t\t<div class=\"elementor-widget-container\">\n\t\t\t<style>\/*! elementor - v3.11.1 - 15-02-2023 *\/\n.elementor-widget-image{text-align:center}.elementor-widget-image a{display:inline-block}.elementor-widget-image a img[src$=\".svg\"]{width:48px}.elementor-widget-image img{vertical-align:middle;display:inline-block}<\/style>\t\t\t\t\t\t\t\t\t\t\t\t<img decoding=\"async\"   width=\"416\"   height=\"624\"   src=\"https:\/\/ryynanenconsulting.com\/oathitse\/2022\/01\/aadress-scaled-416x624.jpg\"   class=\"attachment-woocommerce_single size-woocommerce_single wp-image-101980\"   alt=\"\"   loading=\"lazy\"   srcset=\"https:\/\/ryynanenconsulting.com\/oathitse\/2022\/01\/aadress-scaled-416x624.jpg 416w, https:\/\/ryynanenconsulting.com\/oathitse\/2022\/01\/aadress-200x300.jpg 200w, https:\/\/ryynanenconsulting.com\/oathitse\/2022\/01\/aadress-683x1024.jpg 683w, https:\/\/ryynanenconsulting.com\/oathitse\/2022\/01\/aadress-768x1152.jpg 768w, https:\/\/ryynanenconsulting.com\/oathitse\/2022\/01\/aadress-1024x1536.jpg 1024w, https:\/\/ryynanenconsulting.com\/oathitse\/2022\/01\/aadress-1365x2048.jpg 1365w, https:\/\/ryynanenconsulting.com\/oathitse\/2022\/01\/aadress-8x12.jpg 8w, https:\/\/ryynanenconsulting.com\/oathitse\/2022\/01\/aadress-scaled.jpg 1707w\"   sizes=\"(max-width: 416px) 100vw, 416px\" \/>\t\t\t\t\t\t\t\t\t\t\t\t\t\t\t<\/div>\n\t\t\t\t<\/div>\n\t\t\t\t\t<\/div>\n\t\t<\/div>\n\t\t\t\t<div class=\"elementor-column elementor-col-50 elementor-top-column elementor-element elementor-element-c7be2d0\"   data-id=\"c7be2d0\"   data-element_type=\"column\">\n\t\t\t<div class=\"elementor-widget-wrap elementor-element-populated\">\n\t\t\t\t\t\t\t\t<div class=\"elementor-element elementor-element-cef6825 elementor-widget elementor-widget-text-editor\"   data-id=\"cef6825\"   data-element_type=\"widget\"   data-widget_type=\"text-editor.default\">\n\t\t\t\t<div class=\"elementor-widget-container\">\n\t\t\t<style>\/*! elementor - v3.11.1 - 15-02-2023 *\/\n.elementor-widget-text-editor.elementor-drop-cap-view-stacked .elementor-drop-cap{background-color:#818a91;color:#fff}.elementor-widget-text-editor.elementor-drop-cap-view-framed .elementor-drop-cap{color:#818a91;border:3px solid;background-color:transparent}.elementor-widget-text-editor:not(.elementor-drop-cap-view-default) .elementor-drop-cap{margin-top:8px}.elementor-widget-text-editor:not(.elementor-drop-cap-view-default) .elementor-drop-cap-letter{width:1em;height:1em}.elementor-widget-text-editor .elementor-drop-cap{float:left;text-align:center;line-height:1;font-size:50px}.elementor-widget-text-editor .elementor-drop-cap-letter{display:inline-block}<\/style>\t\t\t\t<p>Tarjoamme osoitepalvelua my\u00f6s yksityishenkil\u00f6ille, jotka eiv\u00e4t ole viel\u00e4 hankkineet vakituista asuinpaikkaa Virosta. T\u00e4m\u00e4 palvelu auttaa sinua erityisesti silloin, kun sinulla on mieless\u00e4 muutto Viroon.<\/p><p>Yksityishenkil\u00f6n osoitepalvelu ja virallinen osoite Virosta auttavat yksityishenkil\u00f6\u00e4 mm. avaamaan Viroon oman henkil\u00f6kohtaisen pankkitilin, saamaan virolaisen sosiaaliturvatunnuksen (Viron henkil\u00f6tunnus) ja Viro ID-kortin eli Viron henkil\u00f6kortin, jonka avulla voi hoitaa l\u00e4hes kaikki omat ja yrityksen asiat s\u00e4hk\u00f6isesti verkossa mist\u00e4 p\u00e4in maailmaa tahansa. Palvelusta on my\u00f6s apua, kun suunnittelet muuttoa Viroon.<\/p><p>Viron postiosoitteen ja Viron henkil\u00f6kortin saaminen edellytt\u00e4\u00e4 vuokrasopimuksen laatimista kanssamme. V\u00e4himm\u00e4isaika sopimukselle on 6 kk.<\/p><p>Yksityishenkil\u00f6 voi ilmoittaa t\u00e4m\u00e4n osoitteen my\u00f6s esimerkiksi Suomen maistraattiin, kun h\u00e4n tekee ilmoituksen ulkomaille muutosta ja mahdollisesti hakee verovapautta Suomesta. Mik\u00e4li henkil\u00f6ll\u00e4 on asuinpaikka Virossa, h\u00e4n on my\u00f6s oikeutettu ajamaan Suomessa vieraillessaan Viroon rekister\u00f6ity\u00e4 yrityksens\u00e4 tai henkil\u00f6kohtaisesti omistamaansa ajoneuvoaan. T\u00e4m\u00e4 j\u00e4rjestely auttaa my\u00f6s ulosottovelkaisia ja niit\u00e4, keiden luottotiedot ovat menneet. Suomen ja Viron ulosotto tekev\u00e4t yhteisty\u00f6t\u00e4, mutta Suomen ulosoton on huomattavasti vaikeampi toimia Virossa kuin Suomessa. Jos luottotietosi ovat menneet, voit aloittaa Virossa &#8220;puhtaalta p\u00f6yd\u00e4lt\u00e4&#8221;.<\/p><p>Suomen kansalainen ei voi kuitenkaan k\u00e4ytt\u00e4\u00e4 Viron henkil\u00f6korttia matkustusasiakirjana.\u00a0<\/p>\t\t\t\t\t\t<\/div>\n\t\t\t\t<\/div>\n\t\t\t\t\t<\/div>\n\t\t<\/div>\n\t\t\t\t\t\t\t<\/div>\n\t\t<\/section>\n\t\t\t\t<section data-particle_enable=\"false\"   data-particle-mobile-disabled=\"false\"   class=\"elementor-section elementor-top-section elementor-element elementor-element-0c2e9ee elementor-section-boxed elementor-section-height-default elementor-section-height-default\"   data-id=\"0c2e9ee\"   data-element_type=\"section\">\n\t\t\t\t\t\t<div class=\"elementor-container elementor-column-gap-default\">\n\t\t\t\t\t<div class=\"elementor-column elementor-col-50 elementor-top-column elementor-element elementor-element-478709b\"   data-id=\"478709b\" data-element_type=\"column\">\n\t\t\t<div class=\"elementor-widget-wrap elementor-element-populated\">\n\t\t\t\t\t\t\t\t<div class=\"elementor-element elementor-element-a5df898 elementor-widget elementor-widget-text-editor\"   data-id=\"a5df898\"  data-element_type=\"widget\" data-widget_type=\"text-editor.default\">\n\t\t\t\t<div class=\"elementor-widget-container\">\n\t\t\t\t\t\t\t<h3><b>Yksityishenkil\u00f6n osoitepalvelun hinta:<\/b><\/h3>\t\t\t\t\t\t<\/div>\n\t\t\t\t<\/div>\n\t\t\t\t\t<\/div>\n\t\t<\/div>\n\t\t\t\t<div class=\"elementor-column elementor-col-50 elementor-top-column elementor-element elementor-element-57c3011\"   data-id=\"57c3011\"   data-element_type=\"column\">\n\t\t\t<div class=\"elementor-widget-wrap\">\n\t\t\t\t\t\t\t\t\t<\/div>\n\t\t<\/div>\n\t\t\t\t\t\t\t<\/div>\n\t\t<\/section>\n\t\t\t\t<section data-particle_enable=\"false\"   data-particle-mobile-disabled=\"false\"   class=\"elementor-section elementor-top-section elementor-element elementor-element-572f721 elementor-section-boxed elementor-section-height-default elementor-section-height-default\"   data-id=\"572f721\"   data-element_type=\"section\">\n\t\t\t\t\t\t<div class=\"elementor-container elementor-column-gap-default\">\n\t\t\t\t\t<div class=\"elementor-column elementor-col-100 elementor-top-column elementor-element elementor-element-d1e01d0\"   data-id=\"d1e01d0\"  data-element_type=\"column\">\n\t\t\t<div class=\"elementor-widget-wrap elementor-element-populated\">\n\t\t\t\t\t\t\t\t<div class=\"elementor-element elementor-element-47493c1 elementor-widget elementor-widget-text-editor\"   data-id=\"47493c1\"  data-element_type=\"widget\" data-widget_type=\"text-editor.default\">\n\t\t\t\t<div class=\"elementor-widget-container\" >\n\t\t\t\t\t\t\t<p><em>100 \u20ac\/kk, min. sopimus 6 kk<\/em>,\u00a0<span style=\"text-decoration: underline;\"><strong>YHTEENS\u00c4 600 \u20ac<\/strong><\/span><span style=\"text-decoration: underline;\" ><strong>*<\/strong><\/span><\/p><p><em>80 \u20ac\/kk, min. sopimus 12 kk,\u00a0<\/em><span style=\"text-decoration: underline;\" ><strong>YHTEENS\u00c4 960 \u20ac*<\/strong><\/span><\/p><p><em>*Koko summa tulee maksaa kerralla.\u00a0\u00a0<\/em><\/p><p>Palvelu mahdollistaa virolaisen henkil\u00f6tunnuksen, viiden vuoden maassaoleskeluluvan, virolaisen ID-kortin eli Viron henkil\u00f6kortin ja henkil\u00f6kohtaisen pankkitilin Viroon. Hinta sis\u00e4lt\u00e4\u00e4 meid\u00e4n avun koko prosessissa ja my\u00f6s postien edelleenl\u00e4hett\u00e4misen.<\/p><p>Postiluukkuosoitteen avulla pystyy my\u00f6s avamaan pankkitilin Viroon \u2013 ilman sit\u00e4 se on eritt\u00e4in vaikeaa. Jos haluat avata ulkomaalaisen pankkitilin, suosittelemme ottamaan meilt\u00e4 henkil\u00f6kohtaisen osoitepalvelun Viroon. Jos olet muuttamassa pysyv\u00e4sti Viroon, voi olla j\u00e4rkev\u00e4\u00e4 ottaa aluksi henkil\u00f6kohtainen osoitepalvelu, koska se antaa peliaikaa varsinaisen asunnon etsimiseen Virosta. Usein sopivan asunnon etsiminen on aikaa viev\u00e4\u00e4 puuhaa. Sen lis\u00e4ksi vuokranantajat luottavat enemm\u00e4n vuokralaiseen, kenell\u00e4 on jo olemassa Viron ID-kortti, koska sitten on helpompi tehd\u00e4 taustaselvitys potentiaalisesta vuokralaisesta. My\u00f6skin Viron henkil\u00f6kortti mahdollistaa sopimuksien digitaalisen allekirjoittamisen ja pankkiin kirjautumisen. Virossa nyky\u00e4\u00e4n eritt\u00e4in harvoin allekirjoitetaan sopimuksia paperilla, koska sopimukset melkein aina digiallekirjoitetaan s\u00e4hk\u00f6isesti. Viron ID-kortti mahdollistaa my\u00f6s Tallinnan julkisen liikenteen k\u00e4ytt\u00e4misen ilmaiseksi. Viron henkil\u00f6kortti on my\u00f6s edellytys, jotta voisi hakea Viron ajokorttia.<\/p><p>Tulisi ottaa huomioon, ett\u00e4 alkaen 1.1.2026 ei saa olla en\u00e4\u00e4 samaan aikaan osoitetta Suomessa ja Virossa. Sinun tulee valita, kummassa maassa sinun osoitteesi on. Kun tekee muuttoilmoituksen Viron v\u00e4est\u00f6rekisteriin, menee siit\u00e4 automaattisesti ilmoitus Suomen v\u00e4est\u00f6rekisteriin, ett\u00e4 on muuttanut Viroon. Lis\u00e4tietoa l\u00f6ytyy Digi- ja v\u00e4est\u00f6tietoviraston <a href=\"https:\/\/dvv.fi\/muutot-suomen-ja-viron-valilla\"   target=\"_blank\" rel=\"noopener\">sivustolta<\/a>.<\/p><p class=\" translation-block\">Viron ID-kortin saaminen edellytt\u00e4\u00e4 1-2 kertaa k\u00e4ymist\u00e4 Tallinnassa ja hintaan sis\u00e4ltyy meid\u00e4n apumme joka k\u00e4yntikerralla. Hintaan sis\u00e4ltyy my\u00f6s pankkitilin avaaminen Viroon ja hakeutuminen verovelvolliseksi Viroon. Lis\u00e4ksi poliisilaitoksella tulee maksaa 45 \u20ac leimavero Viron ID-kortista. &nbsp;Jos haluat tilata henkil\u00f6kortin pikana, tulee maksaa 250 \u20ac leimavero. Pikana tilattaessa Viron henkil\u00f6kortti on valmis yleens\u00e4 1-2 p\u00e4iv\u00e4ss\u00e4. Poliisilaitokselle ei tarvitse ottaa mukaan valokuvia, koska kuvat otetaan siell\u00e4 paikanp\u00e4\u00e4ll\u00e4 valokuvauskoneessa. Normitilauksena Viron ID-kortti on yleens\u00e4 valmis noin yhden viikon aikana ensimm\u00e4isen k\u00e4yntikerran j\u00e4lkeen. Enn\u00e4tyksemme on, ett\u00e4 Viron ID-kortti oli valmis jo kahdessa ty\u00f6p\u00e4iv\u00e4ss\u00e4. T\u00e4ss\u00e4 on <a href=\"https:\/\/www.politsei.ee\/en\/instructions\/id-card-sample\" target=\"_blank\" rel=\"noopener\">kuva<\/a>, milt\u00e4 valmis Viron ID-kortti n\u00e4ytt\u00e4\u00e4.<\/p><p class=\" translation-block\">Tietoa yrityksen osoitepalvelusta l\u00f6ytyy <a href=\"https:\/\/ryynanenconsulting.com\/osoitepalvelu-virossa\/\" target=\"_self\">t\u00e4\u00e4lt\u00e4<\/a><\/p>\t\t\t\t\t\t<\/div>\n\t\t\t\t<\/div>\n\t\t\t\t\t<\/div>\n\t\t<\/div>\n\t\t\t\t\t\t\t<\/div>\n\t\t<\/section>\n\t\t\t\t\t\t\t<\/div>","protected":false},"excerpt":{"rendered":"<p>Tarjoamme osoitepalvelua my\u00f6s yksityishenkil\u00f6ille, jotka eiv\u00e4t ole viel\u00e4 hankkineet vakituista asuinpaikkaa Virosta. T\u00e4m\u00e4 palvelu auttaa sinua erityisesti silloin, kun sinulla on mieless\u00e4 muutto Viroon. Yksityishenkil\u00f6n osoitepalvelu ja virallinen osoite Virosta auttavat yksityishenkil\u00f6\u00e4 mm. avaamaan Viroon oman henkil\u00f6kohtaisen pankkitilin, saamaan virolaisen sosiaaliturvatunnuksen (Viron henkil\u00f6tunnus) ja Viro ID-kortin eli Viron henkil\u00f6kortin, jonka avulla voi hoitaa l\u00e4hes kaikki [&hellip;]<\/p>","protected":false},"author":1,"featured_media":0,"parent":0,"menu_order":0,"comment_status":"closed","ping_status":"closed","template":"elementor_header_footer","meta":[],"yoast_head":"\n<title>Yksityishenkil\u00f6n osoitepalvelu Viroon, Viron ID-kortti ja muutto Viroon - yhti\u00f6 Viroon, yritys Viroon, kirjanpito Virossa, valmisyritys Viroon, kirjanpito Viroon<\/title>\n<meta name=\"description\"  content=\"Yksityishenkil\u00f6n osoitepalvelu, Viron henkil\u00f6kortti ja virallinen osoite Virosta avaavat pankkitilin, saamaan Viron sotun ja Viron ID-kortin.\" \/>\n<meta name=\"robots\"  content=\"index, follow, max-snippet:-1, max-image-preview:large, max-video-preview:-1\" \/>\n<link rel=\"canonical\"  href=\"https:\/\/ryynanenconsulting.com\/et\/yksityishenkilon-osoitepalvelu-viroon-ja-viron-id-kortti\/\" \/>\n<meta property=\"og:locale\"  content=\"et_EE\" \/>\n<meta property=\"og:type\"  content=\"article\" \/>\n<meta property=\"og:title\"  content=\"Yksityishenkil\u00f6n osoitepalvelu Viroon, Viron ID-kortti ja muutto Viroon\" \/>\n<meta property=\"og:description\"  content=\"Yksityishenkil\u00f6n osoitepalvelu, Viron henkil\u00f6kortti ja virallinen osoite Virosta avaavat pankkitilin, saamaan Viron sotun ja Viron ID-kortin.\" \/>\n<meta property=\"og:url\"  content=\"https:\/\/ryynanenconsulting.com\/et\/yksityishenkilon-osoitepalvelu-viroon-ja-viron-id-kortti\/\" \/>\n<meta property=\"og:site_name\"  content=\"yhti\u00f6 Viroon, yritys Viroon, kirjanpito Virossa, valmisyritys Viroon, kirjanpito Viroon\" \/>\n<meta property=\"article:publisher\"  content=\"https:\/\/www.facebook.com\/ryynanenconsulting?ref=hl\" \/>\n<meta property=\"article:modified_time\"  content=\"2026-02-26T15:07:03+00:00\" \/>\n<meta property=\"og:image\"  content=\"https:\/\/ryynanenconsulting.com\/oathitse\/2022\/01\/aadress-scaled-416x624.jpg\" \/>\n<meta name=\"twitter:label1\" content=\"Est. reading time\" \/>\n\t<meta name=\"twitter:data1\" content=\"3 minutit\" \/>\n<script type=\"application\/ld+json\" class=\"yoast-schema-graph\">{\"@context\":\"https:\/\/schema.org\",\"@graph\":[{\"@type\":\"Organization\",\"@id\":\"https:\/\/ryynanenconsulting.com\/#organization\",\"name\":\"Ryyn\u00e4nen Consulting O\u00dc\",\"url\":\"https:\/\/ryynanenconsulting.com\/\",\"sameAs\":[\"https:\/\/www.facebook.com\/ryynanenconsulting?ref=hl\",\"https:\/\/www.instagram.com\/ryynanenconsulting\/\"],\"logo\":{\"@type\":\"ImageObject\",\"@id\":\"https:\/\/ryynanenconsulting.com\/#logo\",\"inLanguage\":\"et\",\"url\":\"https:\/\/ryynanenconsulting.com\/oathitse\/2021\/12\/Logo-860x233-1.png\",\"contentUrl\":\"https:\/\/ryynanenconsulting.com\/oathitse\/2021\/12\/Logo-860x233-1.png\",\"width\":860,\"height\":233,\"caption\":\"Ryyn\u00e4nen Consulting O\u00dc\"},\"image\":{\"@id\":\"https:\/\/ryynanenconsulting.com\/#logo\"}},{\"@type\":\"WebSite\",\"@id\":\"https:\/\/ryynanenconsulting.com\/#website\",\"url\":\"https:\/\/ryynanenconsulting.com\/\",\"name\":\"yhti\u00f6 Viroon, yritys Viroon, kirjanpito Virossa, valmisyritys Viroon, kirjanpito Viroon\",\"description\":\"yhti\u00f6 Viroon, yritys Viroon, valmisyritys Viroon, kirjanpito Viroon, kirjanpito Virossa, konsultointi- RYYN\u00c4NEN CONSULTING O\u00dc ville@ryynanenconsulting.com\",\"publisher\":{\"@id\":\"https:\/\/ryynanenconsulting.com\/#organization\"},\"potentialAction\":[{\"@type\":\"SearchAction\",\"target\":{\"@type\":\"EntryPoint\",\"urlTemplate\":\"https:\/\/ryynanenconsulting.com\/?s={search_term_string}\"},\"query-input\":\"required name=search_term_string\"}],\"inLanguage\":\"et\"},{\"@type\":\"ImageObject\",\"@id\":\"https:\/\/ryynanenconsulting.com\/yksityishenkilon-osoitepalvelu-viroon-ja-viron-id-kortti\/#primaryimage\",\"inLanguage\":\"et\",\"url\":\"https:\/\/ryynanenconsulting.com\/oathitse\/2022\/01\/aadress-scaled.jpg\",\"contentUrl\":\"https:\/\/ryynanenconsulting.com\/oathitse\/2022\/01\/aadress-scaled.jpg\",\"width\":1707,\"height\":2560},{\"@type\":\"WebPage\",\"@id\":\"https:\/\/ryynanenconsulting.com\/yksityishenkilon-osoitepalvelu-viroon-ja-viron-id-kortti\/#webpage\",\"url\":\"https:\/\/ryynanenconsulting.com\/yksityishenkilon-osoitepalvelu-viroon-ja-viron-id-kortti\/\",\"name\":\"Yksityishenkil\u00f6n osoitepalvelu Viroon, Viron ID-kortti ja muutto Viroon - yhti\u00f6 Viroon, yritys Viroon, kirjanpito Virossa, valmisyritys Viroon, kirjanpito Viroon\",\"isPartOf\":{\"@id\":\"https:\/\/ryynanenconsulting.com\/#website\"},\"primaryImageOfPage\":{\"@id\":\"https:\/\/ryynanenconsulting.com\/yksityishenkilon-osoitepalvelu-viroon-ja-viron-id-kortti\/#primaryimage\"},\"datePublished\":\"2022-05-16T10:23:53+00:00\",\"dateModified\":\"2026-02-26T15:07:03+00:00\",\"description\":\"Yksityishenkil\u00f6n osoitepalvelu, Viron henkil\u00f6kortti ja virallinen osoite Virosta avaavat pankkitilin, saamaan Viron sotun ja Viron ID-kortin.\",\"breadcrumb\":{\"@id\":\"https:\/\/ryynanenconsulting.com\/yksityishenkilon-osoitepalvelu-viroon-ja-viron-id-kortti\/#breadcrumb\"},\"inLanguage\":\"et\",\"potentialAction\":[{\"@type\":\"ReadAction\",\"target\":[\"https:\/\/ryynanenconsulting.com\/yksityishenkilon-osoitepalvelu-viroon-ja-viron-id-kortti\/\"]}]},{\"@type\":\"BreadcrumbList\",\"@id\":\"https:\/\/ryynanenconsulting.com\/yksityishenkilon-osoitepalvelu-viroon-ja-viron-id-kortti\/#breadcrumb\",\"itemListElement\":[{\"@type\":\"ListItem\",\"position\":1,\"name\":\"Home\",\"item\":\"https:\/\/ryynanenconsulting.com\/\"},{\"@type\":\"ListItem\",\"position\":2,\"name\":\"Yksityishenkil\u00f6n osoitepalvelu Viroon, Viron ID-kortti ja muutto Viroon\"}]}]}<\/script>\n","yoast_head_json":{"title":"Yksityishenkil\u00f6n osoitepalvelu Viroon, Viron ID-kortti ja muutto Viroon - yhti\u00f6 Viroon, yritys Viroon, kirjanpito Virossa, valmisyritys Viroon, kirjanpito Viroon","description":"Yksityishenkil\u00f6n osoitepalvelu, Viron henkil\u00f6kortti ja virallinen osoite Virosta avaavat pankkitilin, saamaan Viron sotun ja Viron ID-kortin.","robots":{"index":"index","follow":"follow","max-snippet":"max-snippet:-1","max-image-preview":"max-image-preview:large","max-video-preview":"max-video-preview:-1"},"canonical":"https:\/\/ryynanenconsulting.com\/et\/yksityishenkilon-osoitepalvelu-viroon-ja-viron-id-kortti\/","og_locale":"et_EE","og_type":"article","og_title":"Yksityishenkil\u00f6n osoitepalvelu Viroon, Viron ID-kortti ja muutto Viroon","og_description":"Yksityishenkil\u00f6n osoitepalvelu, Viron henkil\u00f6kortti ja virallinen osoite Virosta avaavat pankkitilin, saamaan Viron sotun ja Viron ID-kortin.","og_url":"https:\/\/ryynanenconsulting.com\/et\/yksityishenkilon-osoitepalvelu-viroon-ja-viron-id-kortti\/","og_site_name":"yhti\u00f6 Viroon, yritys Viroon, kirjanpito Virossa, valmisyritys Viroon, kirjanpito Viroon","article_publisher":"https:\/\/www.facebook.com\/ryynanenconsulting?ref=hl","article_modified_time":"2026-02-26T15:07:03+00:00","og_image":[{"url":"https:\/\/ryynanenconsulting.com\/oathitse\/2022\/01\/aadress-scaled-416x624.jpg"}],"twitter_misc":{"Est. reading time":"3 minutit"},"schema":{"@context":"https:\/\/schema.org","@graph":[{"@type":"Organization","@id":"https:\/\/ryynanenconsulting.com\/#organization","name":"Ryyn\u00e4nen Consulting O\u00dc","url":"https:\/\/ryynanenconsulting.com\/","sameAs":["https:\/\/www.facebook.com\/ryynanenconsulting?ref=hl","https:\/\/www.instagram.com\/ryynanenconsulting\/"],"logo":{"@type":"ImageObject","@id":"https:\/\/ryynanenconsulting.com\/#logo","inLanguage":"et","url":"https:\/\/ryynanenconsulting.com\/oathitse\/2021\/12\/Logo-860x233-1.png","contentUrl":"https:\/\/ryynanenconsulting.com\/oathitse\/2021\/12\/Logo-860x233-1.png","width":860,"height":233,"caption":"Ryyn\u00e4nen Consulting O\u00dc"},"image":{"@id":"https:\/\/ryynanenconsulting.com\/#logo"}},{"@type":"WebSite","@id":"https:\/\/ryynanenconsulting.com\/#website","url":"https:\/\/ryynanenconsulting.com\/","name":"yhti\u00f6 Viroon, yritys Viroon, kirjanpito Virossa, valmisyritys Viroon, kirjanpito Viroon","description":"yhti\u00f6 Viroon, yritys Viroon, valmisyritys Viroon, kirjanpito Viroon, kirjanpito Virossa, konsultointi- RYYN\u00c4NEN CONSULTING O\u00dc ville@ryynanenconsulting.com","publisher":{"@id":"https:\/\/ryynanenconsulting.com\/#organization"},"potentialAction":[{"@type":"SearchAction","target":{"@type":"EntryPoint","urlTemplate":"https:\/\/ryynanenconsulting.com\/?s={search_term_string}"},"query-input":"required name=search_term_string"}],"inLanguage":"et"},{"@type":"ImageObject","@id":"https:\/\/ryynanenconsulting.com\/yksityishenkilon-osoitepalvelu-viroon-ja-viron-id-kortti\/#primaryimage","inLanguage":"et","url":"https:\/\/ryynanenconsulting.com\/oathitse\/2022\/01\/aadress-scaled.jpg","contentUrl":"https:\/\/ryynanenconsulting.com\/oathitse\/2022\/01\/aadress-scaled.jpg","width":1707,"height":2560},{"@type":"WebPage","@id":"https:\/\/ryynanenconsulting.com\/yksityishenkilon-osoitepalvelu-viroon-ja-viron-id-kortti\/#webpage","url":"https:\/\/ryynanenconsulting.com\/yksityishenkilon-osoitepalvelu-viroon-ja-viron-id-kortti\/","name":"Yksityishenkil\u00f6n osoitepalvelu Viroon, Viron ID-kortti ja muutto Viroon - yhti\u00f6 Viroon, yritys Viroon, kirjanpito Virossa, valmisyritys Viroon, kirjanpito Viroon","isPartOf":{"@id":"https:\/\/ryynanenconsulting.com\/#website"},"primaryImageOfPage":{"@id":"https:\/\/ryynanenconsulting.com\/yksityishenkilon-osoitepalvelu-viroon-ja-viron-id-kortti\/#primaryimage"},"datePublished":"2022-05-16T10:23:53+00:00","dateModified":"2026-02-26T15:07:03+00:00","description":"Yksityishenkil\u00f6n osoitepalvelu, Viron henkil\u00f6kortti ja virallinen osoite Virosta avaavat pankkitilin, saamaan Viron sotun ja Viron ID-kortin.","breadcrumb":{"@id":"https:\/\/ryynanenconsulting.com\/yksityishenkilon-osoitepalvelu-viroon-ja-viron-id-kortti\/#breadcrumb"},"inLanguage":"et","potentialAction":[{"@type":"ReadAction","target":["https:\/\/ryynanenconsulting.com\/yksityishenkilon-osoitepalvelu-viroon-ja-viron-id-kortti\/"]}]},{"@type":"BreadcrumbList","@id":"https:\/\/ryynanenconsulting.com\/yksityishenkilon-osoitepalvelu-viroon-ja-viron-id-kortti\/#breadcrumb","itemListElement":[{"@type":"ListItem","position":1,"name":"Home","item":"https:\/\/ryynanenconsulting.com\/"},{"@type":"ListItem","position":2,"name":"Yksityishenkil\u00f6n osoitepalvelu Viroon, Viron ID-kortti ja muutto Viroon"}]}]}},"_links":{"self":[{"href":"https:\/\/ryynanenconsulting.com\/et\/wp-json\/wp\/v2\/pages\/103542"}],"collection":[{"href":"https:\/\/ryynanenconsulting.com\/et\/wp-json\/wp\/v2\/pages"}],"about":[{"href":"https:\/\/ryynanenconsulting.com\/et\/wp-json\/wp\/v2\/types\/page"}],"author":[{"embeddable":true,"href":"https:\/\/ryynanenconsulting.com\/et\/wp-json\/wp\/v2\/users\/1"}],"replies":[{"embeddable":true,"href":"https:\/\/ryynanenconsulting.com\/et\/wp-json\/wp\/v2\/comments?post=103542"}],"version-history":[{"count":168,"href":"https:\/\/ryynanenconsulting.com\/et\/wp-json\/wp\/v2\/pages\/103542\/revisions"}],"predecessor-version":[{"id":105057,"href":"https:\/\/ryynanenconsulting.com\/et\/wp-json\/wp\/v2\/pages\/103542\/revisions\/105057"}],"wp:attachment":[{"href":"https:\/\/ryynanenconsulting.com\/et\/wp-json\/wp\/v2\/media?parent=103542"}],"curies":[{"name":"wp","href":"https:\/\/api.w.org\/{rel}","templated":true}]}}