{"id":103341,"date":"2022-01-27T15:54:31","date_gmt":"2022-01-27T13:54:31","guid":{"rendered":"https:\/\/ryynanenconsulting.com\/?page_id=103341"},"modified":"2023-03-29T07:04:57","modified_gmt":"2023-03-29T04:04:57","slug":"rajavastuuyhtio","status":"publish","type":"page","link":"https:\/\/ryynanenconsulting.com\/et\/rajavastuuyhtio\/","title":{"rendered":"Rajavastuuyhti\u00f6"},"content":{"rendered":"<p>Rajavastuuyhti\u00f6 eli viroksi osa\u00fching (O\u00dc) on yleisin ja suosituin yhti\u00f6muoto Virossa. Kyseist\u00e4 yhti\u00f6muotoa Suomen laki ei tunne. Rajavastuuyhti\u00f6 on pienten ja keskisuurten yhti\u00f6iden yleisin k\u00e4ytt\u00e4m\u00e4 yhti\u00f6muoto, jolle on ominaista:<\/p>\n<ul>\n<li>organisaation joustavuus<\/li>\n<li>yhti\u00f6n perustamisen ja p\u00e4\u00e4t\u00f6ksenteon joustavuus osakeyhti\u00f6\u00f6n verrattuna (AS)<\/li>\n<li>vastuun rajoittuminen yhti\u00f6\u00f6n sijoitetun osuuden m\u00e4\u00e4r\u00e4\u00e4n, minimiosakep\u00e4\u00e4oma vaatimusta ei ole<\/li>\n<\/ul>\n<h2>Virolaisen rajavastuuyhti\u00f6n (O\u00dc) perustaminen<\/h2>\n<p>Rajavastuuyhti\u00f6 eli osakkuusyhti\u00f6 perustetaan osakkaiden v\u00e4lisell\u00e4 sopimuksella. Sopimuksen v\u00e4himm\u00e4issis\u00e4lt\u00f6 on m\u00e4\u00e4ritelty Viron laissa. Lis\u00e4ksi osakkaat voivat sopia rajavastuuyhti\u00f6n yhti\u00f6miesten oikeuksista ja velvollisuuksista.<\/p>\n<p>Rajavastuuyhti\u00f6n osakep\u00e4\u00e4oma ei jakaudu osakkeisiin, vaan yhti\u00f6osuuksiin. Perustajia ja osakkaita rajavastuuyhti\u00f6ss\u00e4 voi olla yksi tai useampia. N\u00e4m\u00e4 voivat olla joko yksityisi\u00e4 henkil\u00f6it\u00e4 tai yhti\u00f6it\u00e4. N\u00e4iden kansallisuudelle ei ole asetettu rajoituksia eli perustajina voi olla esimerkiksi suomalaisia osakeyhti\u00f6it\u00e4 ja yksityisi\u00e4 henkil\u00f6it\u00e4.<\/p>\n<p>Yhti\u00f6osuus on vapaasti luovutettavissa muille yhti\u00f6miehille. Ulkopuolisille tahoille luovutettaessa muilla yhti\u00f6miehill\u00e4 on aina etuosto-oikeus. Yhti\u00f6miehet eiv\u00e4t vastaa yhti\u00f6n sitoumuksista henkil\u00f6kohtaisella omaisuudellaan, vaan vastuu rajoittuu yhti\u00f6osuuden m\u00e4\u00e4r\u00e4\u00e4n.<\/p>\n<h2>Rajavastuuyhti\u00f6n perustaminen ja rekister\u00f6inti<\/h2>\n<p>Rajavastuuyhti\u00f6n perustaminen tulee ilmoittaa yhti\u00f6n sijaintipaikkakunnan mukaan m\u00e4\u00e4r\u00e4ytyv\u00e4\u00e4n kaupparekisteriin (\u00e4riregister). Rekister\u00f6innill\u00e4 yhti\u00f6 saa oikeuden harjoittaa liiketoimintaa. Perustettavan yhti\u00f6n lukuun on mahdollista tehd\u00e4 sopimuksia siten, ett\u00e4 vastuu n\u00e4ist\u00e4 siirtyy yhti\u00f6lle rekister\u00f6innin j\u00e4lkeen.<\/p>\n<p>Arvonlis\u00e4verollista liiketoimintaa harjoittava yhti\u00f6 on lis\u00e4ksi rekister\u00f6it\u00e4v\u00e4 arvonlis\u00e4verovelvolliseksi. Yhti\u00f6oikeudellisten asiakirjojen, kuten yhti\u00f6sopimuksen ja rekisteri-ilmoituksen tulee olla virolaisen notaarin oikeaksi todistamia eli notarisoituja. Usein n\u00e4m\u00e4 dokumentit voi my\u00f6s l\u00e4hett\u00e4\u00e4 s\u00e4hk\u00f6isesti kaupparekisteriin. T\u00e4m\u00e4 kuitenkin edellytt\u00e4\u00e4, ett\u00e4 kaikilla osakkailla on virolaiset s\u00e4hk\u00f6iset kirjautumisv\u00e4lineet.<\/p>\n<h2>Rajavastuuyhti\u00f6n toimielimet<\/h2>\n<p>Rajavastuuyhti\u00f6ll\u00e4 on kaksi pakollista toimielint\u00e4:<\/p>\n<ul>\n<li>osakkaiden kokous (\u00fcldkoosolek);<\/li>\n<li>hallitus (juhatus), jossa voi olla yksi tai useampia j\u00e4seni\u00e4.<\/li>\n<\/ul>\n<p>Rajavastuuyhti\u00f6n hallitukselle kuuluu yhti\u00f6n varsinainen hallinto ja vastuu yhti\u00f6n jokap\u00e4iv\u00e4isen liiketoiminnan piiriin kuuluvista asioista. Hallitus my\u00f6s edustaa yhti\u00f6t\u00e4 sen suhteissa kolmansiin osapuoliin. Mik\u00e4li j\u00e4seni\u00e4 on vain yksi, t\u00e4t\u00e4 kutsutaan johtajaksi (juhataja). Kukin hallituksen j\u00e4sen voi yksin edustaa yhti\u00f6t\u00e4, ellei edustusoikeutta ole rajoitettu. Rajoitukset sitovat kolmansia tahoja vain, mik\u00e4li ne on rekister\u00f6ity kaupparekisteriin.\u00a0Hallituksessa ei pid\u00e4 olla varaj\u00e4sent\u00e4, vaikka olisi vain yksi hallituksen j\u00e4sen.<\/p>\n<p>Toimitusjohtajaa Viron laki ei tunne. Yhti\u00f6ss\u00e4 voi t\u00e4st\u00e4 huolimatta olla (hallituksen ohella) toimitusjohtaja, mutta t\u00e4ll\u00e4 ei yksin lain nojalla ole oikeutta edustaa yhti\u00f6t\u00e4 sen suhteissa kolmansiin. Toimitusjohtajaa ei my\u00f6sk\u00e4\u00e4n voida ilmoittaa kaupparekisteriin. Osakkaat voivat tehd\u00e4 p\u00e4\u00e4t\u00f6ksi\u00e4 joko kokouksissa tai kokoontumatta, jolloin hallitus l\u00e4hett\u00e4\u00e4 p\u00e4\u00e4t\u00f6sesityksen hyv\u00e4ksytt\u00e4v\u00e4ksi. Osakkaat voivat halutessaan ottaa p\u00e4\u00e4tett\u00e4v\u00e4kseen my\u00f6s hallituksen ja hallintoneuvoston toimivaltaan kuuluvia yksitt\u00e4isi\u00e4 asioita.<\/p>","protected":false},"excerpt":{"rendered":"<p>Rajavastuuyhti\u00f6 eli viroksi osa\u00fching (O\u00dc) on yleisin ja suosituin yhti\u00f6muoto Virossa. Kyseist\u00e4 yhti\u00f6muotoa Suomen laki ei tunne. Rajavastuuyhti\u00f6 on pienten ja keskisuurten yhti\u00f6iden yleisin k\u00e4ytt\u00e4m\u00e4 yhti\u00f6muoto, jolle on ominaista: organisaation joustavuus yhti\u00f6n perustamisen ja p\u00e4\u00e4t\u00f6ksenteon joustavuus osakeyhti\u00f6\u00f6n verrattuna (AS) vastuun rajoittuminen yhti\u00f6\u00f6n sijoitetun osuuden m\u00e4\u00e4r\u00e4\u00e4n, minimiosakep\u00e4\u00e4oma vaatimusta ei ole Virolaisen rajavastuuyhti\u00f6n (O\u00dc) perustaminen Rajavastuuyhti\u00f6 eli [&hellip;]<\/p>","protected":false},"author":1,"featured_media":0,"parent":0,"menu_order":0,"comment_status":"closed","ping_status":"closed","template":"","meta":[],"yoast_head":"\n<title>Rajavastuuyhti\u00f6 - yhti\u00f6 Viroon, yritys Viroon, kirjanpito Virossa, valmisyritys Viroon, kirjanpito Viroon<\/title>\n<meta name=\"description\"  content=\"suosituin yhti\u00f6muoto Virossa, viroksi osa\u00fching,\" \/>\n<meta name=\"robots\"  content=\"index, follow, max-snippet:-1, max-image-preview:large, max-video-preview:-1\" \/>\n<link rel=\"canonical\"  href=\"https:\/\/ryynanenconsulting.com\/et\/rajavastuuyhtio\/\" \/>\n<meta property=\"og:locale\"  content=\"et_EE\" \/>\n<meta property=\"og:type\"  content=\"article\" \/>\n<meta property=\"og:title\"  content=\"Rajavastuuyhti\u00f6\" \/>\n<meta property=\"og:description\"  content=\"suosituin yhti\u00f6muoto Virossa, viroksi osa\u00fching,\" \/>\n<meta property=\"og:url\"  content=\"https:\/\/ryynanenconsulting.com\/et\/rajavastuuyhtio\/\" \/>\n<meta property=\"og:site_name\"  content=\"yhti\u00f6 Viroon, yritys Viroon, kirjanpito Virossa, valmisyritys Viroon, kirjanpito Viroon\" \/>\n<meta property=\"article:publisher\"  content=\"https:\/\/www.facebook.com\/ryynanenconsulting?ref=hl\" \/>\n<meta property=\"article:modified_time\"  content=\"2023-03-29T04:04:57+00:00\" \/>\n<meta name=\"twitter:label1\" content=\"Est. reading time\" \/>\n\t<meta name=\"twitter:data1\" content=\"2 minutit\" \/>\n<script type=\"application\/ld+json\" class=\"yoast-schema-graph\">{\"@context\":\"https:\/\/schema.org\",\"@graph\":[{\"@type\":\"Organization\",\"@id\":\"https:\/\/ryynanenconsulting.com\/#organization\",\"name\":\"Ryyn\u00e4nen Consulting O\u00dc\",\"url\":\"https:\/\/ryynanenconsulting.com\/\",\"sameAs\":[\"https:\/\/www.facebook.com\/ryynanenconsulting?ref=hl\",\"https:\/\/www.instagram.com\/ryynanenconsulting\/\"],\"logo\":{\"@type\":\"ImageObject\",\"@id\":\"https:\/\/ryynanenconsulting.com\/#logo\",\"inLanguage\":\"et\",\"url\":\"https:\/\/ryynanenconsulting.com\/oathitse\/2021\/12\/Logo-860x233-1.png\",\"contentUrl\":\"https:\/\/ryynanenconsulting.com\/oathitse\/2021\/12\/Logo-860x233-1.png\",\"width\":860,\"height\":233,\"caption\":\"Ryyn\u00e4nen Consulting O\u00dc\"},\"image\":{\"@id\":\"https:\/\/ryynanenconsulting.com\/#logo\"}},{\"@type\":\"WebSite\",\"@id\":\"https:\/\/ryynanenconsulting.com\/#website\",\"url\":\"https:\/\/ryynanenconsulting.com\/\",\"name\":\"yhti\u00f6 Viroon, yritys Viroon, kirjanpito Virossa, valmisyritys Viroon, kirjanpito Viroon\",\"description\":\"yhti\u00f6 Viroon, yritys Viroon, valmisyritys Viroon, kirjanpito Viroon, kirjanpito Virossa, konsultointi- RYYN\u00c4NEN CONSULTING O\u00dc ville@ryynanenconsulting.com\",\"publisher\":{\"@id\":\"https:\/\/ryynanenconsulting.com\/#organization\"},\"potentialAction\":[{\"@type\":\"SearchAction\",\"target\":{\"@type\":\"EntryPoint\",\"urlTemplate\":\"https:\/\/ryynanenconsulting.com\/?s={search_term_string}\"},\"query-input\":\"required name=search_term_string\"}],\"inLanguage\":\"et\"},{\"@type\":\"WebPage\",\"@id\":\"https:\/\/ryynanenconsulting.com\/rajavastuuyhtio\/#webpage\",\"url\":\"https:\/\/ryynanenconsulting.com\/rajavastuuyhtio\/\",\"name\":\"Rajavastuuyhti\u00f6 - yhti\u00f6 Viroon, yritys Viroon, kirjanpito Virossa, valmisyritys Viroon, kirjanpito Viroon\",\"isPartOf\":{\"@id\":\"https:\/\/ryynanenconsulting.com\/#website\"},\"datePublished\":\"2022-01-27T13:54:31+00:00\",\"dateModified\":\"2023-03-29T04:04:57+00:00\",\"description\":\"suosituin yhti\u00f6muoto Virossa, viroksi osa\u00fching,\",\"breadcrumb\":{\"@id\":\"https:\/\/ryynanenconsulting.com\/rajavastuuyhtio\/#breadcrumb\"},\"inLanguage\":\"et\",\"potentialAction\":[{\"@type\":\"ReadAction\",\"target\":[\"https:\/\/ryynanenconsulting.com\/rajavastuuyhtio\/\"]}]},{\"@type\":\"BreadcrumbList\",\"@id\":\"https:\/\/ryynanenconsulting.com\/rajavastuuyhtio\/#breadcrumb\",\"itemListElement\":[{\"@type\":\"ListItem\",\"position\":1,\"name\":\"Home\",\"item\":\"https:\/\/ryynanenconsulting.com\/\"},{\"@type\":\"ListItem\",\"position\":2,\"name\":\"Rajavastuuyhti\u00f6\"}]}]}<\/script>\n","yoast_head_json":{"title":"Rajavastuuyhti\u00f6 - yhti\u00f6 Viroon, yritys Viroon, kirjanpito Virossa, valmisyritys Viroon, kirjanpito Viroon","description":"suosituin yhti\u00f6muoto Virossa, viroksi osa\u00fching,","robots":{"index":"index","follow":"follow","max-snippet":"max-snippet:-1","max-image-preview":"max-image-preview:large","max-video-preview":"max-video-preview:-1"},"canonical":"https:\/\/ryynanenconsulting.com\/et\/rajavastuuyhtio\/","og_locale":"et_EE","og_type":"article","og_title":"Rajavastuuyhti\u00f6","og_description":"suosituin yhti\u00f6muoto Virossa, viroksi osa\u00fching,","og_url":"https:\/\/ryynanenconsulting.com\/et\/rajavastuuyhtio\/","og_site_name":"yhti\u00f6 Viroon, yritys Viroon, kirjanpito Virossa, valmisyritys Viroon, kirjanpito Viroon","article_publisher":"https:\/\/www.facebook.com\/ryynanenconsulting?ref=hl","article_modified_time":"2023-03-29T04:04:57+00:00","twitter_misc":{"Est. reading time":"2 minutit"},"schema":{"@context":"https:\/\/schema.org","@graph":[{"@type":"Organization","@id":"https:\/\/ryynanenconsulting.com\/#organization","name":"Ryyn\u00e4nen Consulting O\u00dc","url":"https:\/\/ryynanenconsulting.com\/","sameAs":["https:\/\/www.facebook.com\/ryynanenconsulting?ref=hl","https:\/\/www.instagram.com\/ryynanenconsulting\/"],"logo":{"@type":"ImageObject","@id":"https:\/\/ryynanenconsulting.com\/#logo","inLanguage":"et","url":"https:\/\/ryynanenconsulting.com\/oathitse\/2021\/12\/Logo-860x233-1.png","contentUrl":"https:\/\/ryynanenconsulting.com\/oathitse\/2021\/12\/Logo-860x233-1.png","width":860,"height":233,"caption":"Ryyn\u00e4nen Consulting O\u00dc"},"image":{"@id":"https:\/\/ryynanenconsulting.com\/#logo"}},{"@type":"WebSite","@id":"https:\/\/ryynanenconsulting.com\/#website","url":"https:\/\/ryynanenconsulting.com\/","name":"yhti\u00f6 Viroon, yritys Viroon, kirjanpito Virossa, valmisyritys Viroon, kirjanpito Viroon","description":"yhti\u00f6 Viroon, yritys Viroon, valmisyritys Viroon, kirjanpito Viroon, kirjanpito Virossa, konsultointi- RYYN\u00c4NEN CONSULTING O\u00dc ville@ryynanenconsulting.com","publisher":{"@id":"https:\/\/ryynanenconsulting.com\/#organization"},"potentialAction":[{"@type":"SearchAction","target":{"@type":"EntryPoint","urlTemplate":"https:\/\/ryynanenconsulting.com\/?s={search_term_string}"},"query-input":"required name=search_term_string"}],"inLanguage":"et"},{"@type":"WebPage","@id":"https:\/\/ryynanenconsulting.com\/rajavastuuyhtio\/#webpage","url":"https:\/\/ryynanenconsulting.com\/rajavastuuyhtio\/","name":"Rajavastuuyhti\u00f6 - yhti\u00f6 Viroon, yritys Viroon, kirjanpito Virossa, valmisyritys Viroon, kirjanpito Viroon","isPartOf":{"@id":"https:\/\/ryynanenconsulting.com\/#website"},"datePublished":"2022-01-27T13:54:31+00:00","dateModified":"2023-03-29T04:04:57+00:00","description":"suosituin yhti\u00f6muoto Virossa, viroksi osa\u00fching,","breadcrumb":{"@id":"https:\/\/ryynanenconsulting.com\/rajavastuuyhtio\/#breadcrumb"},"inLanguage":"et","potentialAction":[{"@type":"ReadAction","target":["https:\/\/ryynanenconsulting.com\/rajavastuuyhtio\/"]}]},{"@type":"BreadcrumbList","@id":"https:\/\/ryynanenconsulting.com\/rajavastuuyhtio\/#breadcrumb","itemListElement":[{"@type":"ListItem","position":1,"name":"Home","item":"https:\/\/ryynanenconsulting.com\/"},{"@type":"ListItem","position":2,"name":"Rajavastuuyhti\u00f6"}]}]}},"_links":{"self":[{"href":"https:\/\/ryynanenconsulting.com\/et\/wp-json\/wp\/v2\/pages\/103341"}],"collection":[{"href":"https:\/\/ryynanenconsulting.com\/et\/wp-json\/wp\/v2\/pages"}],"about":[{"href":"https:\/\/ryynanenconsulting.com\/et\/wp-json\/wp\/v2\/types\/page"}],"author":[{"embeddable":true,"href":"https:\/\/ryynanenconsulting.com\/et\/wp-json\/wp\/v2\/users\/1"}],"replies":[{"embeddable":true,"href":"https:\/\/ryynanenconsulting.com\/et\/wp-json\/wp\/v2\/comments?post=103341"}],"version-history":[{"count":8,"href":"https:\/\/ryynanenconsulting.com\/et\/wp-json\/wp\/v2\/pages\/103341\/revisions"}],"predecessor-version":[{"id":103990,"href":"https:\/\/ryynanenconsulting.com\/et\/wp-json\/wp\/v2\/pages\/103341\/revisions\/103990"}],"wp:attachment":[{"href":"https:\/\/ryynanenconsulting.com\/et\/wp-json\/wp\/v2\/media?parent=103341"}],"curies":[{"name":"wp","href":"https:\/\/api.w.org\/{rel}","templated":true}]}}