{"id":103340,"date":"2022-01-27T15:54:03","date_gmt":"2022-01-27T13:54:03","guid":{"rendered":"https:\/\/ryynanenconsulting.com\/?page_id=103340"},"modified":"2022-01-27T15:54:03","modified_gmt":"2022-01-27T13:54:03","slug":"as-eli-osakeyhtio","status":"publish","type":"page","link":"https:\/\/ryynanenconsulting.com\/et\/as-eli-osakeyhtio\/","title":{"rendered":"AS eli osakeyhti\u00f6"},"content":{"rendered":"<p>Osakeyhti\u00f6 (aktsiaselts \u2013 AS) on Viron p\u00e4\u00e4osin suomalaista osakeyhti\u00f6t\u00e4 vastaava yhti\u00f6muoto, jolle on ominaista:<\/p>\n<ul>\n<li>velvollisuus rekister\u00f6id\u00e4 osakkeet arvo-osuusrekisteriin<\/li>\n<li>pakollinen hallintoneuvosto yhti\u00f6n koosta riippumatta<\/li>\n<li>toiminnan julkisuus ja raportointivelvollisuus<\/li>\n<li>minimiosakep\u00e4\u00e4oma 25000 \u20ac.<\/li>\n<\/ul>\n<h3>Virolaisen osakeyhti\u00f6n perustaminen<\/h3>\n<p>Virolaisen osakeyhti\u00f6n (AS) perustamisasiakirjat ovat perustamissopimus ja yhti\u00f6j\u00e4rjestys. Perustajia ja osakkaita osakeyhti\u00f6ss\u00e4 voi olla yksi tai useampia. N\u00e4m\u00e4 voivat olla joko yksityisi\u00e4 henkil\u00f6it\u00e4 tai yhti\u00f6it\u00e4. Perustajien ja osakkaiden kansallisuudelle ei ole asetettu rajoituksia.<\/p>\n<p>Osakeyhti\u00f6n osakkeiden tulee 1.1.2001 alkaen olla osakeluetteloon merkittyj\u00e4 nimiosakkeita; haltijaosakkeiden k\u00e4ytt\u00f6 ei en\u00e4\u00e4 ole mahdollista. Kaikki osakeyhti\u00f6iden osakkeet on rekister\u00f6it\u00e4v\u00e4 Viron arvopaperikeskusrekisteriss\u00e4 arvo-osuusj\u00e4rjestelm\u00e4n puitteissa. Osakkeet ovat vapaasti luovutettavissa, ellei myynti\u00e4 ole yhti\u00f6j\u00e4rjestyksen lunastuslausekkeella rajoitettu.<\/p>\n<h3>Osakeyhti\u00f6n rekister\u00f6inti<\/h3>\n<p>Osakeyhti\u00f6n perustaminen tulee ilmoittaa yhti\u00f6n sijaintipaikkakunnan mukaan m\u00e4\u00e4r\u00e4ytyv\u00e4\u00e4n kaupparekisteriin (\u00e4riregister). Rekister\u00f6innill\u00e4 yhti\u00f6 saa oikeuden harjoittaa liiketoimintaa. Virossa toimii nelj\u00e4 alueellista kaupparekisteri\u00e4: Tallinnan, Tarton, P\u00e4rnun ja L\u00e4nsi-Viron. Perustamisesta tulee ilmoittaa my\u00f6s veroviranomaisille sek\u00e4 sosiaalivirastoon ja sairauskassalaitokselle.<\/p>\n<p>Arvonlis\u00e4verollista liiketoimintaa harjoittava yhti\u00f6 on lis\u00e4ksi rekister\u00f6it\u00e4v\u00e4 arvonlis\u00e4verovelvolliseksi. Rekisteri-ilmoitukseen tulee liitt\u00e4\u00e4 vakuutus p\u00e4\u00e4oman maksusta ja siit\u00e4, ett\u00e4 p\u00e4\u00e4oma on yhti\u00f6n vapaasti k\u00e4ytett\u00e4viss\u00e4 mik\u00e4li toiminta edellytt\u00e4\u00e4 viranomaiselta haettavaa lupaa, selvitys luvan my\u00f6nt\u00e4misest\u00e4.<\/p>\n<p>Perustamisasiakirjojen \u2013 kuten muidenkin yhti\u00f6oikeudellisten asiakirjojen \u2013 tulee olla virolaisen notaarin oikeaksi todistamia eli notarisoituja.<\/p>\n<h3>Virolaisen osakeyhti\u00f6n toimielimet<\/h3>\n<p>Osakeyhti\u00f6ll\u00e4 on kolme pakollista toimielint\u00e4:<\/p>\n<ul>\n<li>yhti\u00f6kokous (\u00fcldkoosolek)<\/li>\n<li>hallitus (juhatus), jossa voi olla yksi tai useampia j\u00e4seni\u00e4<\/li>\n<li>hallintoneuvosto (n\u00f5ukogu)<\/li>\n<\/ul>\n<p>Hallitukselle kuuluu yhti\u00f6n varsinainen hallinto ja vastuu yhti\u00f6n jokap\u00e4iv\u00e4isen liiketoiminnan piiriin kuuluvista asioista. Hallitus my\u00f6s edustaa yhti\u00f6t\u00e4 sen suhteissa kolmansiin. Mik\u00e4li j\u00e4seni\u00e4 on vain yksi, t\u00e4t\u00e4 kutsutaan johtajaksi (juhataja). Kukin hallituksen j\u00e4sen voi yksin edustaa yhti\u00f6t\u00e4, ellei edustusoikeutta ole rajoitettu. Rajoitukset on rekister\u00f6it\u00e4v\u00e4 kaupparekisteriin. Hallituksessa ei pid\u00e4 olla varaj\u00e4sent\u00e4, vaikka olisi vain yksi hallituksen j\u00e4sen.<\/p>\n<p>Toimitusjohtajaa Viron laki ei tunne. Yhti\u00f6ss\u00e4 voi t\u00e4st\u00e4 huolimatta olla (hallituksen ohella) toimitusjohtaja, mutta t\u00e4ll\u00e4 ei yksin lain nojalla ole oikeutta edustaa yhti\u00f6t\u00e4 sen suhteissa kolmansiin. Toimitusjohtajaa ei my\u00f6sk\u00e4\u00e4n voida ilmoittaa kaupparekisteriin.<\/p>\n<p>Yhti\u00f6kokoukset ovat varsinaisia tai ylim\u00e4\u00e4r\u00e4isi\u00e4, kuten Suomessakin. Mik\u00e4li yhti\u00f6ss\u00e4 on vain yksi osakas, yhti\u00f6kokousten pit\u00e4minen ei ole pakollista, vaan t\u00e4m\u00e4 voi tehd\u00e4 yhti\u00f6kokouksen toimivaltaan kuuluvat p\u00e4\u00e4t\u00f6kset ns. osakkeenomistajan p\u00e4\u00e4t\u00f6ksin\u00e4. Hallintoneuvosto valvoo hallituksen toimia.<br \/>\nHallintoneuvoston suostumus vaaditaan yhti\u00f6n normaalista liiketoiminnasta poikkeaviin toimiin, kuten toisen yhti\u00f6n osakkeiden hankintaan ja kiinteist\u00f6kauppoihin. Hallintoneuvostossa tulee olla v\u00e4hint\u00e4\u00e4n kolme j\u00e4sent\u00e4. N\u00e4ille ei ole asetettu kotipaikkavaatimuksia.<\/p>\n<h3>Tilintarkastus Virossa<\/h3>\n<p>Tilintarkastus on osakeyhti\u00f6ss\u00e4 pakollinen. Tilintarkastajana, jonka nimitt\u00e4\u00e4 yhti\u00f6kokous, voi toimia Virossa auktorisoitu tilintarkastaja tai tilintarkastusyhteis\u00f6. Varatilintarkastajan k\u00e4sitett\u00e4 Viron laki ei tunne.<\/p>\n<p>Arvonlis\u00e4vero tavaroiden ja palvelujen myynti Virossa on arvonlis\u00e4veron (k\u00e4ibemaks \/ KM) alaista. Verovelvollisia ovat Virossa elinkeinotoimintaa harjoittavat, joiden liikevaihto ylitt\u00e4\u00e4 40000 \u20ac vuodessa.<\/p>","protected":false},"excerpt":{"rendered":"<p>Osakeyhti\u00f6 (aktsiaselts \u2013 AS) on Viron p\u00e4\u00e4osin suomalaista osakeyhti\u00f6t\u00e4 vastaava yhti\u00f6muoto, jolle on ominaista: velvollisuus rekister\u00f6id\u00e4 osakkeet arvo-osuusrekisteriin pakollinen hallintoneuvosto yhti\u00f6n koosta riippumatta toiminnan julkisuus ja raportointivelvollisuus minimiosakep\u00e4\u00e4oma 25000 \u20ac. Virolaisen osakeyhti\u00f6n perustaminen Virolaisen osakeyhti\u00f6n (AS) perustamisasiakirjat ovat perustamissopimus ja yhti\u00f6j\u00e4rjestys. Perustajia ja osakkaita osakeyhti\u00f6ss\u00e4 voi olla yksi tai useampia. N\u00e4m\u00e4 voivat olla joko yksityisi\u00e4 [&hellip;]<\/p>","protected":false},"author":1,"featured_media":0,"parent":0,"menu_order":0,"comment_status":"closed","ping_status":"closed","template":"","meta":[],"yoast_head":"\n<title>AS eli osakeyhti\u00f6 | yhti\u00f6 Viroon, yritys Viroon<\/title>\n<meta name=\"description\"  content=\"AS eli osakeyhti\u00f6 - yhti\u00f6 Viroon, yritys Viroon. Osakeyhti\u00f6 (aktsiaselts \u2013 AS) on Viron p\u00e4\u00e4osin suomalaista osakeyhti\u00f6t\u00e4 vastaava yhti\u00f6muoto, jolle on ominaista\"  \/>\n<meta name=\"robots\"  content=\"index, follow, max-snippet:-1, max-image-preview:large, max-video-preview:-1\" \/>\n<link rel=\"canonical\"  href=\"https:\/\/ryynanenconsulting.com\/et\/as-eli-osakeyhtio\/\" \/>\n<meta property=\"og:locale\"  content=\"et_EE\" \/>\n<meta property=\"og:type\"  content=\"article\" \/>\n<meta property=\"og:title\"  content=\"AS eli osakeyhti\u00f6\" \/>\n<meta property=\"og:description\"  content=\"AS eli osakeyhti\u00f6 - yhti\u00f6 Viroon, yritys Viroon. Osakeyhti\u00f6 (aktsiaselts \u2013 AS) on Viron p\u00e4\u00e4osin suomalaista osakeyhti\u00f6t\u00e4 vastaava yhti\u00f6muoto, jolle on ominaista\" \/>\n<meta property=\"og:url\"  content=\"https:\/\/ryynanenconsulting.com\/et\/as-eli-osakeyhtio\/\" \/>\n<meta property=\"og:site_name\"  content=\"yhti\u00f6 Viroon, yritys Viroon, kirjanpito Virossa, valmisyritys Viroon, kirjanpito Viroon\" \/>\n<meta property=\"article:publisher\"  content=\"https:\/\/www.facebook.com\/ryynanenconsulting?ref=hl\" \/>\n<meta name=\"twitter:label1\"  content=\"Est. reading time\" \/>\n\t<meta name=\"twitter:data1\" content=\"3 minutit\" \/>\n<script type=\"application\/ld+json\" class=\"yoast-schema-graph\">{\"@context\":\"https:\/\/schema.org\",\"@graph\":[{\"@type\":\"Organization\",\"@id\":\"https:\/\/ryynanenconsulting.com\/#organization\",\"name\":\"Ryyn\u00e4nen Consulting O\u00dc\",\"url\":\"https:\/\/ryynanenconsulting.com\/\",\"sameAs\":[\"https:\/\/www.facebook.com\/ryynanenconsulting?ref=hl\",\"https:\/\/www.instagram.com\/ryynanenconsulting\/\"],\"logo\":{\"@type\":\"ImageObject\",\"@id\":\"https:\/\/ryynanenconsulting.com\/#logo\",\"inLanguage\":\"et\",\"url\":\"https:\/\/ryynanenconsulting.com\/oathitse\/2021\/12\/Logo-860x233-1.png\",\"contentUrl\":\"https:\/\/ryynanenconsulting.com\/oathitse\/2021\/12\/Logo-860x233-1.png\",\"width\":860,\"height\":233,\"caption\":\"Ryyn\u00e4nen Consulting O\u00dc\"},\"image\":{\"@id\":\"https:\/\/ryynanenconsulting.com\/#logo\"}},{\"@type\":\"WebSite\",\"@id\":\"https:\/\/ryynanenconsulting.com\/#website\",\"url\":\"https:\/\/ryynanenconsulting.com\/\",\"name\":\"yhti\u00f6 Viroon, yritys Viroon, kirjanpito Virossa, valmisyritys Viroon, kirjanpito Viroon\",\"description\":\"yhti\u00f6 Viroon, yritys Viroon, valmisyritys Viroon, kirjanpito Viroon, kirjanpito Virossa, konsultointi- RYYN\u00c4NEN CONSULTING O\u00dc ville@ryynanenconsulting.com\",\"publisher\":{\"@id\":\"https:\/\/ryynanenconsulting.com\/#organization\"},\"potentialAction\":[{\"@type\":\"SearchAction\",\"target\":{\"@type\":\"EntryPoint\",\"urlTemplate\":\"https:\/\/ryynanenconsulting.com\/?s={search_term_string}\"},\"query-input\":\"required name=search_term_string\"}],\"inLanguage\":\"et\"},{\"@type\":\"WebPage\",\"@id\":\"https:\/\/ryynanenconsulting.com\/as-eli-osakeyhtio\/#webpage\",\"url\":\"https:\/\/ryynanenconsulting.com\/as-eli-osakeyhtio\/\",\"name\":\"AS eli osakeyhti\u00f6 | yhti\u00f6 Viroon, yritys Viroon\",\"isPartOf\":{\"@id\":\"https:\/\/ryynanenconsulting.com\/#website\"},\"datePublished\":\"2022-01-27T13:54:03+00:00\",\"dateModified\":\"2022-01-27T13:54:03+00:00\",\"description\":\"AS eli osakeyhti\u00f6 - yhti\u00f6 Viroon, yritys Viroon. Osakeyhti\u00f6 (aktsiaselts \u2013 AS) on Viron p\u00e4\u00e4osin suomalaista osakeyhti\u00f6t\u00e4 vastaava yhti\u00f6muoto, jolle on ominaista\",\"breadcrumb\":{\"@id\":\"https:\/\/ryynanenconsulting.com\/as-eli-osakeyhtio\/#breadcrumb\"},\"inLanguage\":\"et\",\"potentialAction\":[{\"@type\":\"ReadAction\",\"target\":[\"https:\/\/ryynanenconsulting.com\/as-eli-osakeyhtio\/\"]}]},{\"@type\":\"BreadcrumbList\",\"@id\":\"https:\/\/ryynanenconsulting.com\/as-eli-osakeyhtio\/#breadcrumb\",\"itemListElement\":[{\"@type\":\"ListItem\",\"position\":1,\"name\":\"Home\",\"item\":\"https:\/\/ryynanenconsulting.com\/\"},{\"@type\":\"ListItem\",\"position\":2,\"name\":\"AS eli osakeyhti\u00f6\"}]}]}<\/script>\n","yoast_head_json":{"title":"AS eli osakeyhti\u00f6 | yhti\u00f6 Viroon, yritys Viroon","description":"AS eli osakeyhti\u00f6 - yhti\u00f6 Viroon, yritys Viroon. Osakeyhti\u00f6 (aktsiaselts \u2013 AS) on Viron p\u00e4\u00e4osin suomalaista osakeyhti\u00f6t\u00e4 vastaava yhti\u00f6muoto, jolle on ominaista","robots":{"index":"index","follow":"follow","max-snippet":"max-snippet:-1","max-image-preview":"max-image-preview:large","max-video-preview":"max-video-preview:-1"},"canonical":"https:\/\/ryynanenconsulting.com\/et\/as-eli-osakeyhtio\/","og_locale":"et_EE","og_type":"article","og_title":"AS eli osakeyhti\u00f6","og_description":"AS eli osakeyhti\u00f6 - yhti\u00f6 Viroon, yritys Viroon. Osakeyhti\u00f6 (aktsiaselts \u2013 AS) on Viron p\u00e4\u00e4osin suomalaista osakeyhti\u00f6t\u00e4 vastaava yhti\u00f6muoto, jolle on ominaista","og_url":"https:\/\/ryynanenconsulting.com\/et\/as-eli-osakeyhtio\/","og_site_name":"yhti\u00f6 Viroon, yritys Viroon, kirjanpito Virossa, valmisyritys Viroon, kirjanpito Viroon","article_publisher":"https:\/\/www.facebook.com\/ryynanenconsulting?ref=hl","twitter_misc":{"Est. reading time":"3 minutit"},"schema":{"@context":"https:\/\/schema.org","@graph":[{"@type":"Organization","@id":"https:\/\/ryynanenconsulting.com\/#organization","name":"Ryyn\u00e4nen Consulting O\u00dc","url":"https:\/\/ryynanenconsulting.com\/","sameAs":["https:\/\/www.facebook.com\/ryynanenconsulting?ref=hl","https:\/\/www.instagram.com\/ryynanenconsulting\/"],"logo":{"@type":"ImageObject","@id":"https:\/\/ryynanenconsulting.com\/#logo","inLanguage":"et","url":"https:\/\/ryynanenconsulting.com\/oathitse\/2021\/12\/Logo-860x233-1.png","contentUrl":"https:\/\/ryynanenconsulting.com\/oathitse\/2021\/12\/Logo-860x233-1.png","width":860,"height":233,"caption":"Ryyn\u00e4nen Consulting O\u00dc"},"image":{"@id":"https:\/\/ryynanenconsulting.com\/#logo"}},{"@type":"WebSite","@id":"https:\/\/ryynanenconsulting.com\/#website","url":"https:\/\/ryynanenconsulting.com\/","name":"yhti\u00f6 Viroon, yritys Viroon, kirjanpito Virossa, valmisyritys Viroon, kirjanpito Viroon","description":"yhti\u00f6 Viroon, yritys Viroon, valmisyritys Viroon, kirjanpito Viroon, kirjanpito Virossa, konsultointi- RYYN\u00c4NEN CONSULTING O\u00dc ville@ryynanenconsulting.com","publisher":{"@id":"https:\/\/ryynanenconsulting.com\/#organization"},"potentialAction":[{"@type":"SearchAction","target":{"@type":"EntryPoint","urlTemplate":"https:\/\/ryynanenconsulting.com\/?s={search_term_string}"},"query-input":"required name=search_term_string"}],"inLanguage":"et"},{"@type":"WebPage","@id":"https:\/\/ryynanenconsulting.com\/as-eli-osakeyhtio\/#webpage","url":"https:\/\/ryynanenconsulting.com\/as-eli-osakeyhtio\/","name":"AS eli osakeyhti\u00f6 | yhti\u00f6 Viroon, yritys Viroon","isPartOf":{"@id":"https:\/\/ryynanenconsulting.com\/#website"},"datePublished":"2022-01-27T13:54:03+00:00","dateModified":"2022-01-27T13:54:03+00:00","description":"AS eli osakeyhti\u00f6 - yhti\u00f6 Viroon, yritys Viroon. Osakeyhti\u00f6 (aktsiaselts \u2013 AS) on Viron p\u00e4\u00e4osin suomalaista osakeyhti\u00f6t\u00e4 vastaava yhti\u00f6muoto, jolle on ominaista","breadcrumb":{"@id":"https:\/\/ryynanenconsulting.com\/as-eli-osakeyhtio\/#breadcrumb"},"inLanguage":"et","potentialAction":[{"@type":"ReadAction","target":["https:\/\/ryynanenconsulting.com\/as-eli-osakeyhtio\/"]}]},{"@type":"BreadcrumbList","@id":"https:\/\/ryynanenconsulting.com\/as-eli-osakeyhtio\/#breadcrumb","itemListElement":[{"@type":"ListItem","position":1,"name":"Home","item":"https:\/\/ryynanenconsulting.com\/"},{"@type":"ListItem","position":2,"name":"AS eli osakeyhti\u00f6"}]}]}},"_links":{"self":[{"href":"https:\/\/ryynanenconsulting.com\/et\/wp-json\/wp\/v2\/pages\/103340"}],"collection":[{"href":"https:\/\/ryynanenconsulting.com\/et\/wp-json\/wp\/v2\/pages"}],"about":[{"href":"https:\/\/ryynanenconsulting.com\/et\/wp-json\/wp\/v2\/types\/page"}],"author":[{"embeddable":true,"href":"https:\/\/ryynanenconsulting.com\/et\/wp-json\/wp\/v2\/users\/1"}],"replies":[{"embeddable":true,"href":"https:\/\/ryynanenconsulting.com\/et\/wp-json\/wp\/v2\/comments?post=103340"}],"version-history":[{"count":1,"href":"https:\/\/ryynanenconsulting.com\/et\/wp-json\/wp\/v2\/pages\/103340\/revisions"}],"predecessor-version":[{"id":103342,"href":"https:\/\/ryynanenconsulting.com\/et\/wp-json\/wp\/v2\/pages\/103340\/revisions\/103342"}],"wp:attachment":[{"href":"https:\/\/ryynanenconsulting.com\/et\/wp-json\/wp\/v2\/media?parent=103340"}],"curies":[{"name":"wp","href":"https:\/\/api.w.org\/{rel}","templated":true}]}}