{"id":101990,"date":"2022-01-04T16:03:49","date_gmt":"2022-01-04T14:03:49","guid":{"rendered":"https:\/\/ryynanenconsulting.com\/?page_id=101990"},"modified":"2026-04-08T17:09:50","modified_gmt":"2026-04-08T14:09:50","slug":"yrityksen-purkaminen","status":"publish","type":"page","link":"https:\/\/ryynanenconsulting.com\/et\/yrityksen-purkaminen\/","title":{"rendered":"Yrityksen purkaminen"},"content":{"rendered":"<div data-elementor-type=\"wp-page\"  data-elementor-id=\"101990\"  class=\"elementor elementor-101990\">\n\t\t\t\t\t\t\t\t\t<section data-particle_enable=\"false\"   data-particle-mobile-disabled=\"false\"   data-dce-background-color=\"#ffffff\"   class=\"elementor-section elementor-top-section elementor-element elementor-element-79ff7a6 elementor-section-boxed elementor-section-height-default elementor-section-height-default\"   data-id=\"79ff7a6\"  data-element_type=\"section\"  data-settings=\"{&quot;background_background&quot;:&quot;classic&quot;}\">\n\t\t\t\t\t\t<div class=\"elementor-container elementor-column-gap-default\">\n\t\t\t\t\t<div class=\"elementor-column elementor-col-50 elementor-top-column elementor-element elementor-element-a9f022d\"   data-id=\"a9f022d\"  data-element_type=\"column\">\n\t\t\t<div class=\"elementor-widget-wrap elementor-element-populated\">\n\t\t\t\t\t\t\t\t<div class=\"elementor-element elementor-element-6303551 elementor-widget elementor-widget-text-editor\"   data-id=\"6303551\"   data-element_type=\"widget\" data-widget_type=\"text-editor.default\">\n\t\t\t\t<div class=\"elementor-widget-container\">\n\t\t\t<style>\/*! elementor - v3.11.1 - 15-02-2023 *\/\n.elementor-widget-text-editor.elementor-drop-cap-view-stacked .elementor-drop-cap{background-color:#818a91;color:#fff}.elementor-widget-text-editor.elementor-drop-cap-view-framed .elementor-drop-cap{color:#818a91;border:3px solid;background-color:transparent}.elementor-widget-text-editor:not(.elementor-drop-cap-view-default) .elementor-drop-cap{margin-top:8px}.elementor-widget-text-editor:not(.elementor-drop-cap-view-default) .elementor-drop-cap-letter{width:1em;height:1em}.elementor-widget-text-editor .elementor-drop-cap{float:left;text-align:center;line-height:1;font-size:50px}.elementor-widget-text-editor .elementor-drop-cap-letter{display:inline-block}<\/style>\t\t\t\t<p>Virolaisen yrityksen purkaminen ja yhti\u00f6n lopettaminen alkavat siit\u00e4, kun yrityksen omistajat tekev\u00e4t lopettamisp\u00e4\u00e4t\u00f6ksen ja -hakemuksen, joista n\u00e4kyy, kuka on yhti\u00f6n liiketoiminnan lopettaja, eli toisin sanoen selvitysmies. Lopettamisp\u00e4\u00e4t\u00f6s ja -hakemus allekirjoitetaan notaarissa Tallinnassa, maistraatissa Suomessa tai s\u00e4hk\u00f6isesti Viron e-kortilla.<\/p><p class=\" translation-block\">Sitten liiketoiminnan selvitysmies laittaa ilmoituksen Valtion Viralliseen Lehteen (<a title=\",\"  href=\"http:\/\/www.ametlikudteadaanded.ee\/\" target=\"_blank\" rel=\"noopener noreferrer\">www.ametlikudteadaanded.ee<\/a>), josta ilmenee, ett\u00e4 yrityksen purkaminen on k\u00e4ynnistetty. Kyseess\u00e4 on ns. julkinen haaste, jolla velkojia tiedotetaan yrityksen selvitystilasta. Julkinen haaste tulee tehd\u00e4 riippumatta siit\u00e4, onko yrityksell\u00e4 velkojia tai ei ja julkisen haasteen tulee olla Virallisessa lehdess\u00e4 v\u00e4hint\u00e4\u00e4n 7 kk, ennen kuin kaupparekisteri poistaa yrityksen.<\/p><p class=\" translation-block\" >Samalla tulee tehd\u00e4 my\u00f6s tilinp\u00e4\u00e4t\u00f6s ja tase, josta selvi\u00e4v\u00e4t yhti\u00f6n omaisuus ja velat. T\u00e4ss\u00e4 vaiheessa my\u00f6s irtisanotaan mahdolliset yhteisty\u00f6sopimukset ja ty\u00f6ntekij\u00e4t ja hakeudutaan pois ALV-rekisterist\u00e4 jne.<br>T\u00e4m\u00e4n j\u00e4lkeen tulee odottaa 4 kk, jotta esimerkiksi mahdolliset velkojat voivat esitt\u00e4\u00e4 vaatimuksia. T\u00e4m\u00e4n j\u00e4lkeen tehd\u00e4\u00e4n lopullinen tilinp\u00e4\u00e4t\u00f6s ja tase.<br>Sen j\u00e4lkeen lopullisen osingon voi nostaa yhti\u00f6st\u00e4. Osingosta tulee maksaa my\u00f6s tulovero. Suomeen verovelvollinen yksityishenkil\u00f6 voi joutua lis\u00e4ksi maksamaan osingoista p\u00e4\u00e4omaveroa Suomeen. Sitten tulee odottaa viel\u00e4 3 kk, jotta voi tehd\u00e4 lopettamishakemuksen kaupparekisteriin. Lopettamishakemuksen tekemisen j\u00e4lkeen kaupparekisteri poistaa yrityksen n. 3-4 vko aikana. <strong>Eli yrityksen lopettaminen kest\u00e4\u00e4 yhteens\u00e4 n. 7-9 kk.<\/strong><\/p><p>Tulee ottaa huomioon, ett\u00e4 jos yritys lopetetaan vapaaehtoisesti purkamalla, on kyseess\u00e4 <strong>selvitystilamenettely<\/strong>. T\u00e4ss\u00e4 tapauksessa yrityksell\u00e4 tulee olla enemm\u00e4n varallisuutta kuin velkaa. Toisaalta, jos yrityksell\u00e4 on enemm\u00e4n velkaa, kuin on varallisuutta, on kyseess\u00e4 <strong>konkurssimenettely<\/strong>. Konkurssimenettelyyn voi joutua my\u00f6s muulla tavalla kuin vapaaehtoisesti, esim. p\u00e4\u00e4miehen, velkojan tai viranomaisen toimesta. Jos konkurssihakemusta ei tehd\u00e4 20 p\u00e4iv\u00e4n aikana maksukyvytt\u00f6myyden alkamisesta, voivat hallituksen j\u00e4senet joutua vastuuseen yrityksen veloista.\u00a0My\u00f6skin tulee muistaa, ett\u00e4 virolaisen yrityksen tulee tehd\u00e4 joka vuosi tilinp\u00e4\u00e4t\u00f6s riippumatta siit\u00e4, onko yrityksell\u00e4 toimintaa tai ei. Eli yrityksen alasajo yleens\u00e4 ei onnistu ilmoittamalla Viron kaupparekisterille, ett\u00e4 yritys ei tee tilinp\u00e4\u00e4t\u00f6ksi\u00e4, koska toimintaa ei ole ollut. Toisaalta jos yrityksell\u00e4 ei ole ollut koskaan mit\u00e4\u00e4n toimintaa, voi hakea yrityksen nopeutettua purkamista.<\/p>\t\t\t\t\t\t<\/div>\n\t\t\t\t<\/div>\n\t\t\t\t\t<\/div>\n\t\t<\/div>\n\t\t\t\t<div class=\"elementor-column elementor-col-50 elementor-top-column elementor-element elementor-element-0ff5a83\"   data-id=\"0ff5a83\"   data-element_type=\"column\">\n\t\t\t<div class=\"elementor-widget-wrap elementor-element-populated\">\n\t\t\t\t\t\t\t\t<div class=\"elementor-element elementor-element-24238e3 dce_masking-none elementor-widget elementor-widget-image\"   data-id=\"24238e3\"   data-element_type=\"widget\"  data-widget_type=\"image.default\">\n\t\t\t\t<div class=\"elementor-widget-container\">\n\t\t\t<style>\/*! elementor - v3.11.1 - 15-02-2023 *\/\n.elementor-widget-image{text-align:center}.elementor-widget-image a{display:inline-block}.elementor-widget-image a img[src$=\".svg\"]{width:48px}.elementor-widget-image img{vertical-align:middle;display:inline-block}<\/style>\t\t\t\t\t\t\t\t\t\t\t\t<img decoding=\"async\"   width=\"684\"   height=\"1024\"   src=\"https:\/\/ryynanenconsulting.com\/oathitse\/2022\/01\/buroo-684x1024.jpg\"   class=\"attachment-large size-large wp-image-101996\"   alt=\"\"   loading=\"lazy\"   srcset=\"https:\/\/ryynanenconsulting.com\/oathitse\/2022\/01\/buroo-684x1024.jpg 684w, https:\/\/ryynanenconsulting.com\/oathitse\/2022\/01\/buroo-scaled-416x623.jpg 416w, https:\/\/ryynanenconsulting.com\/oathitse\/2022\/01\/buroo-200x300.jpg 200w, https:\/\/ryynanenconsulting.com\/oathitse\/2022\/01\/buroo-768x1150.jpg 768w, https:\/\/ryynanenconsulting.com\/oathitse\/2022\/01\/buroo-1025x1536.jpg 1025w, https:\/\/ryynanenconsulting.com\/oathitse\/2022\/01\/buroo-1367x2048.jpg 1367w, https:\/\/ryynanenconsulting.com\/oathitse\/2022\/01\/buroo-8x12.jpg 8w, https:\/\/ryynanenconsulting.com\/oathitse\/2022\/01\/buroo-scaled.jpg 1709w\"   sizes=\"(max-width: 684px) 100vw, 684px\" \/>\t\t\t\t\t\t\t\t\t\t\t\t\t\t\t<\/div>\n\t\t\t\t<\/div>\n\t\t\t\t\t<\/div>\n\t\t<\/div>\n\t\t\t\t\t\t\t<\/div>\n\t\t<\/section>\n\t\t\t\t\t\t\t<\/div>","protected":false},"excerpt":{"rendered":"<p>Virolaisen yrityksen purkaminen ja yhti\u00f6n lopettaminen alkavat siit\u00e4, kun yrityksen omistajat tekev\u00e4t lopettamisp\u00e4\u00e4t\u00f6ksen ja -hakemuksen, joista n\u00e4kyy, kuka on yhti\u00f6n liiketoiminnan lopettaja, eli toisin sanoen selvitysmies. Lopettamisp\u00e4\u00e4t\u00f6s ja -hakemus allekirjoitetaan notaarissa Tallinnassa, maistraatissa Suomessa tai s\u00e4hk\u00f6isesti Viron e-kortilla. Sitten liiketoiminnan selvitysmies laittaa ilmoituksen Valtion Viralliseen Lehteen (www.ametlikudteadaanded.ee), josta ilmenee, ett\u00e4 yrityksen purkaminen on k\u00e4ynnistetty. Kyseess\u00e4 [&hellip;]<\/p>","protected":false},"author":100001,"featured_media":0,"parent":0,"menu_order":0,"comment_status":"closed","ping_status":"closed","template":"elementor_header_footer","meta":[],"yoast_head":"\n<title>Yrityksen purkaminen - yhti\u00f6 Viroon, yritys Viroon, kirjanpito Virossa, valmisyritys Viroon, kirjanpito Viroon<\/title>\n<meta name=\"description\"  content=\"Virolaisen yrityksen purkaminen ja lopettaminen alkaa siit\u00e4, kun omistajat allekirjoittavat p\u00f6yt\u00e4kirjat, jossa valitaan selvitysmies.\" \/>\n<meta name=\"robots\"  content=\"index, follow, max-snippet:-1, max-image-preview:large, max-video-preview:-1\" \/>\n<link rel=\"canonical\"  href=\"https:\/\/ryynanenconsulting.com\/et\/yrityksen-purkaminen\/\" \/>\n<meta property=\"og:locale\"  content=\"et_EE\" \/>\n<meta property=\"og:type\"  content=\"article\" \/>\n<meta property=\"og:title\"  content=\"Yhti\u00f6 Viroon | Yritys Viroon | Kirjanpito\" \/>\n<meta property=\"og:description\"  content=\"Ryyn\u00e4nen Consulting\" \/>\n<meta property=\"og:url\"  content=\"https:\/\/ryynanenconsulting.com\/et\/yrityksen-purkaminen\/\" \/>\n<meta property=\"og:site_name\"  content=\"yhti\u00f6 Viroon, yritys Viroon, kirjanpito Virossa, valmisyritys Viroon, kirjanpito Viroon\" \/>\n<meta property=\"article:publisher\"  content=\"https:\/\/www.facebook.com\/ryynanenconsulting?ref=hl\" \/>\n<meta property=\"article:modified_time\"  content=\"2026-04-08T14:09:50+00:00\" \/>\n<meta property=\"og:image\"  content=\"https:\/\/ryynanenconsulting.com\/oathitse\/2022\/01\/fbcover-01-1024x576.png\" \/>\n\t<meta property=\"og:image:width\" content=\"1024\" \/>\n\t<meta property=\"og:image:height\" content=\"576\" \/>\n\t<meta property=\"og:image:type\" content=\"image\/png\" \/>\n<meta name=\"twitter:label1\" content=\"Est. reading time\" \/>\n\t<meta name=\"twitter:data1\"  content=\"3 minutit\" \/>\n<script type=\"application\/ld+json\"  class=\"yoast-schema-graph\">{\"@context\":\"https:\/\/schema.org\",\"@graph\":[{\"@type\":\"Organization\",\"@id\":\"https:\/\/ryynanenconsulting.com\/#organization\",\"name\":\"Ryyn\u00e4nen Consulting O\u00dc\",\"url\":\"https:\/\/ryynanenconsulting.com\/\",\"sameAs\":[\"https:\/\/www.facebook.com\/ryynanenconsulting?ref=hl\",\"https:\/\/www.instagram.com\/ryynanenconsulting\/\"],\"logo\":{\"@type\":\"ImageObject\",\"@id\":\"https:\/\/ryynanenconsulting.com\/#logo\",\"inLanguage\":\"et\",\"url\":\"https:\/\/ryynanenconsulting.com\/oathitse\/2021\/12\/Logo-860x233-1.png\",\"contentUrl\":\"https:\/\/ryynanenconsulting.com\/oathitse\/2021\/12\/Logo-860x233-1.png\",\"width\":860,\"height\":233,\"caption\":\"Ryyn\u00e4nen Consulting O\u00dc\"},\"image\":{\"@id\":\"https:\/\/ryynanenconsulting.com\/#logo\"}},{\"@type\":\"WebSite\",\"@id\":\"https:\/\/ryynanenconsulting.com\/#website\",\"url\":\"https:\/\/ryynanenconsulting.com\/\",\"name\":\"yhti\u00f6 Viroon, yritys Viroon, kirjanpito Virossa, valmisyritys Viroon, kirjanpito Viroon\",\"description\":\"yhti\u00f6 Viroon, yritys Viroon, valmisyritys Viroon, kirjanpito Viroon, kirjanpito Virossa, konsultointi- RYYN\u00c4NEN CONSULTING O\u00dc ville@ryynanenconsulting.com\",\"publisher\":{\"@id\":\"https:\/\/ryynanenconsulting.com\/#organization\"},\"potentialAction\":[{\"@type\":\"SearchAction\",\"target\":{\"@type\":\"EntryPoint\",\"urlTemplate\":\"https:\/\/ryynanenconsulting.com\/?s={search_term_string}\"},\"query-input\":\"required name=search_term_string\"}],\"inLanguage\":\"et\"},{\"@type\":\"ImageObject\",\"@id\":\"https:\/\/ryynanenconsulting.com\/yrityksen-purkaminen\/#primaryimage\",\"inLanguage\":\"et\",\"url\":\"https:\/\/ryynanenconsulting.com\/oathitse\/2022\/01\/fbcover-01.png\",\"contentUrl\":\"https:\/\/ryynanenconsulting.com\/oathitse\/2022\/01\/fbcover-01.png\",\"width\":8000,\"height\":4500},{\"@type\":\"WebPage\",\"@id\":\"https:\/\/ryynanenconsulting.com\/yrityksen-purkaminen\/#webpage\",\"url\":\"https:\/\/ryynanenconsulting.com\/yrityksen-purkaminen\/\",\"name\":\"Yrityksen purkaminen - yhti\u00f6 Viroon, yritys Viroon, kirjanpito Virossa, valmisyritys Viroon, kirjanpito Viroon\",\"isPartOf\":{\"@id\":\"https:\/\/ryynanenconsulting.com\/#website\"},\"primaryImageOfPage\":{\"@id\":\"https:\/\/ryynanenconsulting.com\/yrityksen-purkaminen\/#primaryimage\"},\"datePublished\":\"2022-01-04T14:03:49+00:00\",\"dateModified\":\"2026-04-08T14:09:50+00:00\",\"description\":\"Virolaisen yrityksen purkaminen ja lopettaminen alkaa siit\u00e4, kun omistajat allekirjoittavat p\u00f6yt\u00e4kirjat, jossa valitaan selvitysmies.\",\"breadcrumb\":{\"@id\":\"https:\/\/ryynanenconsulting.com\/yrityksen-purkaminen\/#breadcrumb\"},\"inLanguage\":\"et\",\"potentialAction\":[{\"@type\":\"ReadAction\",\"target\":[\"https:\/\/ryynanenconsulting.com\/yrityksen-purkaminen\/\"]}]},{\"@type\":\"BreadcrumbList\",\"@id\":\"https:\/\/ryynanenconsulting.com\/yrityksen-purkaminen\/#breadcrumb\",\"itemListElement\":[{\"@type\":\"ListItem\",\"position\":1,\"name\":\"Home\",\"item\":\"https:\/\/ryynanenconsulting.com\/\"},{\"@type\":\"ListItem\",\"position\":2,\"name\":\"Yrityksen purkaminen\"}]}]}<\/script>\n","yoast_head_json":{"title":"Yrityksen purkaminen - yhti\u00f6 Viroon, yritys Viroon, kirjanpito Virossa, valmisyritys Viroon, kirjanpito Viroon","description":"Virolaisen yrityksen purkaminen ja lopettaminen alkaa siit\u00e4, kun omistajat allekirjoittavat p\u00f6yt\u00e4kirjat, jossa valitaan selvitysmies.","robots":{"index":"index","follow":"follow","max-snippet":"max-snippet:-1","max-image-preview":"max-image-preview:large","max-video-preview":"max-video-preview:-1"},"canonical":"https:\/\/ryynanenconsulting.com\/et\/yrityksen-purkaminen\/","og_locale":"et_EE","og_type":"article","og_title":"Yhti\u00f6 Viroon | Yritys Viroon | Kirjanpito","og_description":"Ryyn\u00e4nen Consulting","og_url":"https:\/\/ryynanenconsulting.com\/et\/yrityksen-purkaminen\/","og_site_name":"yhti\u00f6 Viroon, yritys Viroon, kirjanpito Virossa, valmisyritys Viroon, kirjanpito Viroon","article_publisher":"https:\/\/www.facebook.com\/ryynanenconsulting?ref=hl","article_modified_time":"2026-04-08T14:09:50+00:00","og_image":[{"width":1024,"height":576,"url":"https:\/\/ryynanenconsulting.com\/oathitse\/2022\/01\/fbcover-01-1024x576.png","type":"image\/png"}],"twitter_misc":{"Est. reading time":"3 minutit"},"schema":{"@context":"https:\/\/schema.org","@graph":[{"@type":"Organization","@id":"https:\/\/ryynanenconsulting.com\/#organization","name":"Ryyn\u00e4nen Consulting O\u00dc","url":"https:\/\/ryynanenconsulting.com\/","sameAs":["https:\/\/www.facebook.com\/ryynanenconsulting?ref=hl","https:\/\/www.instagram.com\/ryynanenconsulting\/"],"logo":{"@type":"ImageObject","@id":"https:\/\/ryynanenconsulting.com\/#logo","inLanguage":"et","url":"https:\/\/ryynanenconsulting.com\/oathitse\/2021\/12\/Logo-860x233-1.png","contentUrl":"https:\/\/ryynanenconsulting.com\/oathitse\/2021\/12\/Logo-860x233-1.png","width":860,"height":233,"caption":"Ryyn\u00e4nen Consulting O\u00dc"},"image":{"@id":"https:\/\/ryynanenconsulting.com\/#logo"}},{"@type":"WebSite","@id":"https:\/\/ryynanenconsulting.com\/#website","url":"https:\/\/ryynanenconsulting.com\/","name":"yhti\u00f6 Viroon, yritys Viroon, kirjanpito Virossa, valmisyritys Viroon, kirjanpito Viroon","description":"yhti\u00f6 Viroon, yritys Viroon, valmisyritys Viroon, kirjanpito Viroon, kirjanpito Virossa, konsultointi- RYYN\u00c4NEN CONSULTING O\u00dc ville@ryynanenconsulting.com","publisher":{"@id":"https:\/\/ryynanenconsulting.com\/#organization"},"potentialAction":[{"@type":"SearchAction","target":{"@type":"EntryPoint","urlTemplate":"https:\/\/ryynanenconsulting.com\/?s={search_term_string}"},"query-input":"required name=search_term_string"}],"inLanguage":"et"},{"@type":"ImageObject","@id":"https:\/\/ryynanenconsulting.com\/yrityksen-purkaminen\/#primaryimage","inLanguage":"et","url":"https:\/\/ryynanenconsulting.com\/oathitse\/2022\/01\/fbcover-01.png","contentUrl":"https:\/\/ryynanenconsulting.com\/oathitse\/2022\/01\/fbcover-01.png","width":8000,"height":4500},{"@type":"WebPage","@id":"https:\/\/ryynanenconsulting.com\/yrityksen-purkaminen\/#webpage","url":"https:\/\/ryynanenconsulting.com\/yrityksen-purkaminen\/","name":"Yrityksen purkaminen - yhti\u00f6 Viroon, yritys Viroon, kirjanpito Virossa, valmisyritys Viroon, kirjanpito Viroon","isPartOf":{"@id":"https:\/\/ryynanenconsulting.com\/#website"},"primaryImageOfPage":{"@id":"https:\/\/ryynanenconsulting.com\/yrityksen-purkaminen\/#primaryimage"},"datePublished":"2022-01-04T14:03:49+00:00","dateModified":"2026-04-08T14:09:50+00:00","description":"Virolaisen yrityksen purkaminen ja lopettaminen alkaa siit\u00e4, kun omistajat allekirjoittavat p\u00f6yt\u00e4kirjat, jossa valitaan selvitysmies.","breadcrumb":{"@id":"https:\/\/ryynanenconsulting.com\/yrityksen-purkaminen\/#breadcrumb"},"inLanguage":"et","potentialAction":[{"@type":"ReadAction","target":["https:\/\/ryynanenconsulting.com\/yrityksen-purkaminen\/"]}]},{"@type":"BreadcrumbList","@id":"https:\/\/ryynanenconsulting.com\/yrityksen-purkaminen\/#breadcrumb","itemListElement":[{"@type":"ListItem","position":1,"name":"Home","item":"https:\/\/ryynanenconsulting.com\/"},{"@type":"ListItem","position":2,"name":"Yrityksen purkaminen"}]}]}},"_links":{"self":[{"href":"https:\/\/ryynanenconsulting.com\/et\/wp-json\/wp\/v2\/pages\/101990"}],"collection":[{"href":"https:\/\/ryynanenconsulting.com\/et\/wp-json\/wp\/v2\/pages"}],"about":[{"href":"https:\/\/ryynanenconsulting.com\/et\/wp-json\/wp\/v2\/types\/page"}],"author":[{"embeddable":true,"href":"https:\/\/ryynanenconsulting.com\/et\/wp-json\/wp\/v2\/users\/100001"}],"replies":[{"embeddable":true,"href":"https:\/\/ryynanenconsulting.com\/et\/wp-json\/wp\/v2\/comments?post=101990"}],"version-history":[{"count":34,"href":"https:\/\/ryynanenconsulting.com\/et\/wp-json\/wp\/v2\/pages\/101990\/revisions"}],"predecessor-version":[{"id":105102,"href":"https:\/\/ryynanenconsulting.com\/et\/wp-json\/wp\/v2\/pages\/101990\/revisions\/105102"}],"wp:attachment":[{"href":"https:\/\/ryynanenconsulting.com\/et\/wp-json\/wp\/v2\/media?parent=101990"}],"curies":[{"name":"wp","href":"https:\/\/api.w.org\/{rel}","templated":true}]}}