{"id":101879,"date":"2022-01-03T14:36:29","date_gmt":"2022-01-03T12:36:29","guid":{"rendered":"https:\/\/ryynanenconsulting.com\/?page_id=101879"},"modified":"2022-01-06T14:08:26","modified_gmt":"2022-01-06T12:08:26","slug":"markkinatutkimukset","status":"publish","type":"page","link":"https:\/\/ryynanenconsulting.com\/et\/markkinatutkimukset\/","title":{"rendered":"Markkinatutkimukset"},"content":{"rendered":"<div data-elementor-type=\"wp-page\"  data-elementor-id=\"101879\"  class=\"elementor elementor-101879\">\n\t\t\t\t\t\t\t\t\t<section data-particle_enable=\"false\"   data-particle-mobile-disabled=\"false\"   data-dce-background-color=\"#ffffff\"   class=\"elementor-section elementor-top-section elementor-element elementor-element-bc2768e elementor-section-boxed elementor-section-height-default elementor-section-height-default\"   data-id=\"bc2768e\"  data-element_type=\"section\"  data-settings=\"{&quot;background_background&quot;:&quot;classic&quot;}\">\n\t\t\t\t\t\t<div class=\"elementor-container elementor-column-gap-default\">\n\t\t\t\t\t<div class=\"elementor-column elementor-col-50 elementor-top-column elementor-element elementor-element-395193f\"   data-id=\"395193f\"  data-element_type=\"column\">\n\t\t\t<div class=\"elementor-widget-wrap elementor-element-populated\">\n\t\t\t\t\t\t\t\t<div class=\"elementor-element elementor-element-113e510 dce_masking-none elementor-widget elementor-widget-image\"   data-id=\"113e510\"   data-element_type=\"widget\" data-widget_type=\"image.default\">\n\t\t\t\t<div class=\"elementor-widget-container\">\n\t\t\t<style>\/*! elementor - v3.11.1 - 15-02-2023 *\/\n.elementor-widget-image{text-align:center}.elementor-widget-image a{display:inline-block}.elementor-widget-image a img[src$=\".svg\"]{width:48px}.elementor-widget-image img{vertical-align:middle;display:inline-block}<\/style>\t\t\t\t\t\t\t\t\t\t\t\t<img decoding=\"async\"   width=\"768\"   height=\"1024\"   src=\"https:\/\/ryynanenconsulting.com\/oathitse\/2022\/01\/market-768x1024.jpg\"   class=\"attachment-large size-large wp-image-101884\"   alt=\"\"   loading=\"lazy\"   srcset=\"https:\/\/ryynanenconsulting.com\/oathitse\/2022\/01\/market-768x1024.jpg 768w, https:\/\/ryynanenconsulting.com\/oathitse\/2022\/01\/market-416x555.jpg 416w, https:\/\/ryynanenconsulting.com\/oathitse\/2022\/01\/market-225x300.jpg 225w, https:\/\/ryynanenconsulting.com\/oathitse\/2022\/01\/market-1152x1536.jpg 1152w, https:\/\/ryynanenconsulting.com\/oathitse\/2022\/01\/market-1536x2048.jpg 1536w, https:\/\/ryynanenconsulting.com\/oathitse\/2022\/01\/market-9x12.jpg 9w, https:\/\/ryynanenconsulting.com\/oathitse\/2022\/01\/market.jpg 1920w\"   sizes=\"(max-width: 768px) 100vw, 768px\" \/>\t\t\t\t\t\t\t\t\t\t\t\t\t\t\t<\/div>\n\t\t\t\t<\/div>\n\t\t\t\t\t<\/div>\n\t\t<\/div>\n\t\t\t\t<div class=\"elementor-column elementor-col-50 elementor-top-column elementor-element elementor-element-c289c34\"   data-id=\"c289c34\"   data-element_type=\"column\">\n\t\t\t<div class=\"elementor-widget-wrap elementor-element-populated\">\n\t\t\t\t\t\t\t\t<div class=\"elementor-element elementor-element-2dd4006 elementor-widget elementor-widget-text-editor\"   data-id=\"2dd4006\"   data-element_type=\"widget\"  data-widget_type=\"text-editor.default\">\n\t\t\t\t<div class=\"elementor-widget-container\">\n\t\t\t<style>\/*! elementor - v3.11.1 - 15-02-2023 *\/\n.elementor-widget-text-editor.elementor-drop-cap-view-stacked .elementor-drop-cap{background-color:#818a91;color:#fff}.elementor-widget-text-editor.elementor-drop-cap-view-framed .elementor-drop-cap{color:#818a91;border:3px solid;background-color:transparent}.elementor-widget-text-editor:not(.elementor-drop-cap-view-default) .elementor-drop-cap{margin-top:8px}.elementor-widget-text-editor:not(.elementor-drop-cap-view-default) .elementor-drop-cap-letter{width:1em;height:1em}.elementor-widget-text-editor .elementor-drop-cap{float:left;text-align:center;line-height:1;font-size:50px}.elementor-widget-text-editor .elementor-drop-cap-letter{display:inline-block}<\/style>\t\t\t\t<p>Autamme suomalaisyrityksi\u00e4 Viron markkinoille etabloitumisen kaikissa vaiheissa.<\/p><p>Ydinosaamistamme tutkimusprosessissa on tiedonkeruu, josta yritys saa tietoa p\u00e4\u00e4t\u00f6sten tekemiseen.<\/p><p>Markkinatutkimukset Virossa\u00a0antaa luotettavaa ja puolueetonta tietoa maan markkinoilla vallitsevasta tilanteesta.<\/p><p>Ammmattitaitoisesti\u00a0toteutettu markkinointitutkimus mahdollistaa markkinoilla tapahtuvien muutosten ja trendien seuraamisen sek\u00e4 loppuk\u00e4ytt\u00e4jien mielipiteiss\u00e4 ja ajatusmaailmassa tapahtuvien muutosten havaitsemisen.<\/p><p>Toteutamme markkinatutkimuksia my\u00f6s muissa Baltian maissa.<\/p>\t\t\t\t\t\t<\/div>\n\t\t\t\t<\/div>\n\t\t\t\t\t<\/div>\n\t\t<\/div>\n\t\t\t\t\t\t\t<\/div>\n\t\t<\/section>\n\t\t\t\t\t\t\t<\/div>","protected":false},"excerpt":{"rendered":"<p>Autamme suomalaisyrityksi\u00e4 Viron markkinoille etabloitumisen kaikissa vaiheissa. Ydinosaamistamme tutkimusprosessissa on tiedonkeruu, josta yritys saa tietoa p\u00e4\u00e4t\u00f6sten tekemiseen. Markkinatutkimukset Virossa\u00a0antaa luotettavaa ja puolueetonta tietoa maan markkinoilla vallitsevasta tilanteesta. Ammmattitaitoisesti\u00a0toteutettu markkinointitutkimus mahdollistaa markkinoilla tapahtuvien muutosten ja trendien seuraamisen sek\u00e4 loppuk\u00e4ytt\u00e4jien mielipiteiss\u00e4 ja ajatusmaailmassa tapahtuvien muutosten havaitsemisen. Toteutamme markkinatutkimuksia my\u00f6s muissa Baltian maissa. Markkinointitutkimus on tehokas ty\u00f6kalu, kun [&hellip;]<\/p>","protected":false},"author":100001,"featured_media":0,"parent":0,"menu_order":0,"comment_status":"closed","ping_status":"closed","template":"elementor_header_footer","meta":[],"yoast_head":"\n<title>MARKKINATUTKIMUSET VIROSSA | Viron markkinatutkimus<\/title>\n<meta name=\"description\"  content=\"Autamme suomalaisyrityksi\u00e4 Viron markkinoille etabloitumisen kaikissa vaiheissa. T\u00e4rke\u00e4 vaihe on markkinatutkimukset Virossa.\" \/>\n<meta name=\"robots\"  content=\"index, follow, max-snippet:-1, max-image-preview:large, max-video-preview:-1\" \/>\n<link rel=\"canonical\"  href=\"https:\/\/ryynanenconsulting.com\/et\/markkinatutkimukset\/\" \/>\n<meta property=\"og:locale\"  content=\"et_EE\" \/>\n<meta property=\"og:type\"  content=\"article\" \/>\n<meta property=\"og:title\"  content=\"Yhti\u00f6 Viroon | Yritys Viroon | Kirjanpito\" \/>\n<meta property=\"og:description\"  content=\"Ryyn\u00e4nen Consulting\" \/>\n<meta property=\"og:url\"  content=\"https:\/\/ryynanenconsulting.com\/et\/markkinatutkimukset\/\" \/>\n<meta property=\"og:site_name\"  content=\"yhti\u00f6 Viroon, yritys Viroon, kirjanpito Virossa, valmisyritys Viroon, kirjanpito Viroon\" \/>\n<meta property=\"article:publisher\"  content=\"https:\/\/www.facebook.com\/ryynanenconsulting?ref=hl\" \/>\n<meta property=\"article:modified_time\"  content=\"2022-01-06T12:08:26+00:00\" \/>\n<meta property=\"og:image\"  content=\"https:\/\/ryynanenconsulting.com\/oathitse\/2022\/01\/fbcover-01-1024x576.png\" \/>\n\t<meta property=\"og:image:width\" content=\"1024\" \/>\n\t<meta property=\"og:image:height\" content=\"576\" \/>\n\t<meta property=\"og:image:type\" content=\"image\/png\" \/>\n<meta name=\"twitter:label1\" content=\"Est. reading time\" \/>\n\t<meta name=\"twitter:data1\"  content=\"2 minutit\" \/>\n<script type=\"application\/ld+json\"  class=\"yoast-schema-graph\">{\"@context\":\"https:\/\/schema.org\",\"@graph\":[{\"@type\":\"Organization\",\"@id\":\"https:\/\/ryynanenconsulting.com\/#organization\",\"name\":\"Ryyn\u00e4nen Consulting O\u00dc\",\"url\":\"https:\/\/ryynanenconsulting.com\/\",\"sameAs\":[\"https:\/\/www.facebook.com\/ryynanenconsulting?ref=hl\",\"https:\/\/www.instagram.com\/ryynanenconsulting\/\"],\"logo\":{\"@type\":\"ImageObject\",\"@id\":\"https:\/\/ryynanenconsulting.com\/#logo\",\"inLanguage\":\"et\",\"url\":\"https:\/\/ryynanenconsulting.com\/oathitse\/2021\/12\/Logo-860x233-1.png\",\"contentUrl\":\"https:\/\/ryynanenconsulting.com\/oathitse\/2021\/12\/Logo-860x233-1.png\",\"width\":860,\"height\":233,\"caption\":\"Ryyn\u00e4nen Consulting O\u00dc\"},\"image\":{\"@id\":\"https:\/\/ryynanenconsulting.com\/#logo\"}},{\"@type\":\"WebSite\",\"@id\":\"https:\/\/ryynanenconsulting.com\/#website\",\"url\":\"https:\/\/ryynanenconsulting.com\/\",\"name\":\"yhti\u00f6 Viroon, yritys Viroon, kirjanpito Virossa, valmisyritys Viroon, kirjanpito Viroon\",\"description\":\"yhti\u00f6 Viroon, yritys Viroon, valmisyritys Viroon, kirjanpito Viroon, kirjanpito Virossa, konsultointi- RYYN\u00c4NEN CONSULTING O\u00dc ville@ryynanenconsulting.com\",\"publisher\":{\"@id\":\"https:\/\/ryynanenconsulting.com\/#organization\"},\"potentialAction\":[{\"@type\":\"SearchAction\",\"target\":{\"@type\":\"EntryPoint\",\"urlTemplate\":\"https:\/\/ryynanenconsulting.com\/?s={search_term_string}\"},\"query-input\":\"required name=search_term_string\"}],\"inLanguage\":\"et\"},{\"@type\":\"ImageObject\",\"@id\":\"https:\/\/ryynanenconsulting.com\/markkinatutkimukset\/#primaryimage\",\"inLanguage\":\"et\",\"url\":\"https:\/\/ryynanenconsulting.com\/oathitse\/2022\/01\/fbcover-01.png\",\"contentUrl\":\"https:\/\/ryynanenconsulting.com\/oathitse\/2022\/01\/fbcover-01.png\",\"width\":8000,\"height\":4500},{\"@type\":\"WebPage\",\"@id\":\"https:\/\/ryynanenconsulting.com\/markkinatutkimukset\/#webpage\",\"url\":\"https:\/\/ryynanenconsulting.com\/markkinatutkimukset\/\",\"name\":\"MARKKINATUTKIMUSET VIROSSA | Viron markkinatutkimus\",\"isPartOf\":{\"@id\":\"https:\/\/ryynanenconsulting.com\/#website\"},\"primaryImageOfPage\":{\"@id\":\"https:\/\/ryynanenconsulting.com\/markkinatutkimukset\/#primaryimage\"},\"datePublished\":\"2022-01-03T12:36:29+00:00\",\"dateModified\":\"2022-01-06T12:08:26+00:00\",\"description\":\"Autamme suomalaisyrityksi\u00e4 Viron markkinoille etabloitumisen kaikissa vaiheissa. T\u00e4rke\u00e4 vaihe on markkinatutkimukset Virossa.\",\"breadcrumb\":{\"@id\":\"https:\/\/ryynanenconsulting.com\/markkinatutkimukset\/#breadcrumb\"},\"inLanguage\":\"et\",\"potentialAction\":[{\"@type\":\"ReadAction\",\"target\":[\"https:\/\/ryynanenconsulting.com\/markkinatutkimukset\/\"]}]},{\"@type\":\"BreadcrumbList\",\"@id\":\"https:\/\/ryynanenconsulting.com\/markkinatutkimukset\/#breadcrumb\",\"itemListElement\":[{\"@type\":\"ListItem\",\"position\":1,\"name\":\"Home\",\"item\":\"https:\/\/ryynanenconsulting.com\/\"},{\"@type\":\"ListItem\",\"position\":2,\"name\":\"Markkinatutkimukset\"}]}]}<\/script>\n","yoast_head_json":{"title":"MARKKINATUTKIMUSET VIROSSA | Viron markkinatutkimus","description":"Autamme suomalaisyrityksi\u00e4 Viron markkinoille etabloitumisen kaikissa vaiheissa. T\u00e4rke\u00e4 vaihe on markkinatutkimukset Virossa.","robots":{"index":"index","follow":"follow","max-snippet":"max-snippet:-1","max-image-preview":"max-image-preview:large","max-video-preview":"max-video-preview:-1"},"canonical":"https:\/\/ryynanenconsulting.com\/et\/markkinatutkimukset\/","og_locale":"et_EE","og_type":"article","og_title":"Yhti\u00f6 Viroon | Yritys Viroon | Kirjanpito","og_description":"Ryyn\u00e4nen Consulting","og_url":"https:\/\/ryynanenconsulting.com\/et\/markkinatutkimukset\/","og_site_name":"yhti\u00f6 Viroon, yritys Viroon, kirjanpito Virossa, valmisyritys Viroon, kirjanpito Viroon","article_publisher":"https:\/\/www.facebook.com\/ryynanenconsulting?ref=hl","article_modified_time":"2022-01-06T12:08:26+00:00","og_image":[{"width":1024,"height":576,"url":"https:\/\/ryynanenconsulting.com\/oathitse\/2022\/01\/fbcover-01-1024x576.png","type":"image\/png"}],"twitter_misc":{"Est. reading time":"2 minutit"},"schema":{"@context":"https:\/\/schema.org","@graph":[{"@type":"Organization","@id":"https:\/\/ryynanenconsulting.com\/#organization","name":"Ryyn\u00e4nen Consulting O\u00dc","url":"https:\/\/ryynanenconsulting.com\/","sameAs":["https:\/\/www.facebook.com\/ryynanenconsulting?ref=hl","https:\/\/www.instagram.com\/ryynanenconsulting\/"],"logo":{"@type":"ImageObject","@id":"https:\/\/ryynanenconsulting.com\/#logo","inLanguage":"et","url":"https:\/\/ryynanenconsulting.com\/oathitse\/2021\/12\/Logo-860x233-1.png","contentUrl":"https:\/\/ryynanenconsulting.com\/oathitse\/2021\/12\/Logo-860x233-1.png","width":860,"height":233,"caption":"Ryyn\u00e4nen Consulting O\u00dc"},"image":{"@id":"https:\/\/ryynanenconsulting.com\/#logo"}},{"@type":"WebSite","@id":"https:\/\/ryynanenconsulting.com\/#website","url":"https:\/\/ryynanenconsulting.com\/","name":"yhti\u00f6 Viroon, yritys Viroon, kirjanpito Virossa, valmisyritys Viroon, kirjanpito Viroon","description":"yhti\u00f6 Viroon, yritys Viroon, valmisyritys Viroon, kirjanpito Viroon, kirjanpito Virossa, konsultointi- RYYN\u00c4NEN CONSULTING O\u00dc ville@ryynanenconsulting.com","publisher":{"@id":"https:\/\/ryynanenconsulting.com\/#organization"},"potentialAction":[{"@type":"SearchAction","target":{"@type":"EntryPoint","urlTemplate":"https:\/\/ryynanenconsulting.com\/?s={search_term_string}"},"query-input":"required name=search_term_string"}],"inLanguage":"et"},{"@type":"ImageObject","@id":"https:\/\/ryynanenconsulting.com\/markkinatutkimukset\/#primaryimage","inLanguage":"et","url":"https:\/\/ryynanenconsulting.com\/oathitse\/2022\/01\/fbcover-01.png","contentUrl":"https:\/\/ryynanenconsulting.com\/oathitse\/2022\/01\/fbcover-01.png","width":8000,"height":4500},{"@type":"WebPage","@id":"https:\/\/ryynanenconsulting.com\/markkinatutkimukset\/#webpage","url":"https:\/\/ryynanenconsulting.com\/markkinatutkimukset\/","name":"MARKKINATUTKIMUSET VIROSSA | Viron markkinatutkimus","isPartOf":{"@id":"https:\/\/ryynanenconsulting.com\/#website"},"primaryImageOfPage":{"@id":"https:\/\/ryynanenconsulting.com\/markkinatutkimukset\/#primaryimage"},"datePublished":"2022-01-03T12:36:29+00:00","dateModified":"2022-01-06T12:08:26+00:00","description":"Autamme suomalaisyrityksi\u00e4 Viron markkinoille etabloitumisen kaikissa vaiheissa. T\u00e4rke\u00e4 vaihe on markkinatutkimukset Virossa.","breadcrumb":{"@id":"https:\/\/ryynanenconsulting.com\/markkinatutkimukset\/#breadcrumb"},"inLanguage":"et","potentialAction":[{"@type":"ReadAction","target":["https:\/\/ryynanenconsulting.com\/markkinatutkimukset\/"]}]},{"@type":"BreadcrumbList","@id":"https:\/\/ryynanenconsulting.com\/markkinatutkimukset\/#breadcrumb","itemListElement":[{"@type":"ListItem","position":1,"name":"Home","item":"https:\/\/ryynanenconsulting.com\/"},{"@type":"ListItem","position":2,"name":"Markkinatutkimukset"}]}]}},"_links":{"self":[{"href":"https:\/\/ryynanenconsulting.com\/et\/wp-json\/wp\/v2\/pages\/101879"}],"collection":[{"href":"https:\/\/ryynanenconsulting.com\/et\/wp-json\/wp\/v2\/pages"}],"about":[{"href":"https:\/\/ryynanenconsulting.com\/et\/wp-json\/wp\/v2\/types\/page"}],"author":[{"embeddable":true,"href":"https:\/\/ryynanenconsulting.com\/et\/wp-json\/wp\/v2\/users\/100001"}],"replies":[{"embeddable":true,"href":"https:\/\/ryynanenconsulting.com\/et\/wp-json\/wp\/v2\/comments?post=101879"}],"version-history":[{"count":14,"href":"https:\/\/ryynanenconsulting.com\/et\/wp-json\/wp\/v2\/pages\/101879\/revisions"}],"predecessor-version":[{"id":102288,"href":"https:\/\/ryynanenconsulting.com\/et\/wp-json\/wp\/v2\/pages\/101879\/revisions\/102288"}],"wp:attachment":[{"href":"https:\/\/ryynanenconsulting.com\/et\/wp-json\/wp\/v2\/media?parent=101879"}],"curies":[{"name":"wp","href":"https:\/\/api.w.org\/{rel}","templated":true}]}}