{"id":101872,"date":"2022-01-03T14:08:24","date_gmt":"2022-01-03T12:08:24","guid":{"rendered":"https:\/\/ryynanenconsulting.com\/?page_id=101872"},"modified":"2022-01-06T15:41:24","modified_gmt":"2022-01-06T13:41:24","slug":"rekrytointi","status":"publish","type":"page","link":"https:\/\/ryynanenconsulting.com\/et\/rekrytointi\/","title":{"rendered":"Rekrytointi"},"content":{"rendered":"<div data-elementor-type=\"wp-page\"  data-elementor-id=\"101872\"  class=\"elementor elementor-101872\">\n\t\t\t\t\t\t\t\t\t<section data-particle_enable=\"false\"   data-particle-mobile-disabled=\"false\"   data-dce-background-color=\"#ffffff\"   class=\"elementor-section elementor-top-section elementor-element elementor-element-bc2768e elementor-section-boxed elementor-section-height-default elementor-section-height-default\"   data-id=\"bc2768e\"   data-element_type=\"section\"  data-settings=\"{&quot;background_background&quot;:&quot;classic&quot;}\">\n\t\t\t\t\t\t<div class=\"elementor-container elementor-column-gap-default\">\n\t\t\t\t\t<div class=\"elementor-column elementor-col-50 elementor-top-column elementor-element elementor-element-395193f\"  data-id=\"395193f\" data-element_type=\"column\">\n\t\t\t<div class=\"elementor-widget-wrap elementor-element-populated\">\n\t\t\t\t\t\t\t\t<div class=\"elementor-element elementor-element-113e510 dce_masking-none elementor-widget elementor-widget-image\"   data-id=\"113e510\"   data-element_type=\"widget\"  data-widget_type=\"image.default\">\n\t\t\t\t<div class=\"elementor-widget-container\">\n\t\t\t<style>\/*! elementor - v3.11.1 - 15-02-2023 *\/\n.elementor-widget-image{text-align:center}.elementor-widget-image a{display:inline-block}.elementor-widget-image a img[src$=\".svg\"]{width:48px}.elementor-widget-image img{vertical-align:middle;display:inline-block}<\/style>\t\t\t\t\t\t\t\t\t\t\t\t<img decoding=\"async\"   width=\"683\"   height=\"1024\"   src=\"https:\/\/ryynanenconsulting.com\/oathitse\/2022\/01\/toovestlus-683x1024.jpg\"   class=\"attachment-large size-large wp-image-101875\"   alt=\"\"   loading=\"lazy\"   srcset=\"https:\/\/ryynanenconsulting.com\/oathitse\/2022\/01\/toovestlus-683x1024.jpg 683w, https:\/\/ryynanenconsulting.com\/oathitse\/2022\/01\/toovestlus-scaled-416x624.jpg 416w, https:\/\/ryynanenconsulting.com\/oathitse\/2022\/01\/toovestlus-200x300.jpg 200w, https:\/\/ryynanenconsulting.com\/oathitse\/2022\/01\/toovestlus-768x1152.jpg 768w, https:\/\/ryynanenconsulting.com\/oathitse\/2022\/01\/toovestlus-1024x1536.jpg 1024w, https:\/\/ryynanenconsulting.com\/oathitse\/2022\/01\/toovestlus-1365x2048.jpg 1365w, https:\/\/ryynanenconsulting.com\/oathitse\/2022\/01\/toovestlus-8x12.jpg 8w, https:\/\/ryynanenconsulting.com\/oathitse\/2022\/01\/toovestlus-scaled.jpg 1707w\"   sizes=\"(max-width: 683px) 100vw, 683px\" \/>\t\t\t\t\t\t\t\t\t\t\t\t\t\t\t<\/div>\n\t\t\t\t<\/div>\n\t\t\t\t\t<\/div>\n\t\t<\/div>\n\t\t\t\t<div class=\"elementor-column elementor-col-50 elementor-top-column elementor-element elementor-element-c289c34\"   data-id=\"c289c34\"   data-element_type=\"column\">\n\t\t\t<div class=\"elementor-widget-wrap elementor-element-populated\">\n\t\t\t\t\t\t\t\t<div class=\"elementor-element elementor-element-2dd4006 elementor-widget elementor-widget-text-editor\"   data-id=\"2dd4006\"   data-element_type=\"widget\"  data-widget_type=\"text-editor.default\">\n\t\t\t\t<div class=\"elementor-widget-container\">\n\t\t\t<style>\/*! elementor - v3.11.1 - 15-02-2023 *\/\n.elementor-widget-text-editor.elementor-drop-cap-view-stacked .elementor-drop-cap{background-color:#818a91;color:#fff}.elementor-widget-text-editor.elementor-drop-cap-view-framed .elementor-drop-cap{color:#818a91;border:3px solid;background-color:transparent}.elementor-widget-text-editor:not(.elementor-drop-cap-view-default) .elementor-drop-cap{margin-top:8px}.elementor-widget-text-editor:not(.elementor-drop-cap-view-default) .elementor-drop-cap-letter{width:1em;height:1em}.elementor-widget-text-editor .elementor-drop-cap{float:left;text-align:center;line-height:1;font-size:50px}.elementor-widget-text-editor .elementor-drop-cap-letter{display:inline-block}<\/style>\t\t\t\t<p>Tarjoamme asiakkaillemme joustavia ja korkealaatuisia rekrytointipalveluja.<\/p><p>Rekrytoimme m\u00e4\u00e4r\u00e4aikaisia ja vakituisia osaajia johto- ja asiantuntijatason, toimihenkil\u00f6tason ja suorittavan tason teht\u00e4viin. Suoritamme rekrytointia Viroon ja Suomeen.<\/p><p>Meill\u00e4 on hyv\u00e4 k\u00e4sitys Viron ty\u00f6voimarkkinoista, koska toimimme maassa aktivisesti.<\/p><p>Onnistuneen rekrytoinnin l\u00e4ht\u00f6kohtana on aina ammattimaisesti suoritettu rekrytointiprosessi. Hoidamme prosessin puolestasi; sinulle j\u00e4\u00e4 vain lopullinen valinta l\u00e4hett\u00e4miemme ehdokkaiden joukosta. Meid\u00e4n ydinosaamistamme on l\u00f6yt\u00e4\u00e4 hakijoista parhaat.<\/p><p>Aloitamme rekrytointiprosessin hakijaprofiilin ja toimenkuvan m\u00e4\u00e4rittelyll\u00e4, jonka j\u00e4lkeen laadimme aikataulusuunnitelman. Hakijaprofiilin perusteella k\u00e4ynnist\u00e4mme profiilin mukaisen haun eri kanavissa.<\/p><p>K\u00e4ymme tilannekohtaisesti l\u00e4pi useita eri medioita l\u00f6yt\u00e4\u00e4ksemme juuri sinun yrityksellesi oikeat ty\u00f6ntekij\u00e4t. Suunnittelemme puolestasi my\u00f6s lehti- ja Internet-ilmoitukset.<\/p>\t\t\t\t\t\t<\/div>\n\t\t\t\t<\/div>\n\t\t\t\t\t<\/div>\n\t\t<\/div>\n\t\t\t\t\t\t\t<\/div>\n\t\t<\/section>\n\t\t\t\t<section data-particle_enable=\"false\"   data-particle-mobile-disabled=\"false\"   class=\"elementor-section elementor-top-section elementor-element elementor-element-e83fdf8 elementor-section-boxed elementor-section-height-default elementor-section-height-default\"   data-id=\"e83fdf8\"   data-element_type=\"section\"   data-settings=\"{&quot;shape_divider_top&quot;:&quot;triangle&quot;}\">\n\t\t\t\t\t<div class=\"elementor-shape elementor-shape-top\" data-negative=\"false\">\n\t\t\t<svg xmlns=\"http:\/\/www.w3.org\/2000\/svg\"   viewbox=\"0 0 1000 100\" preserveaspectratio=\"none\">\n\t<path class=\"elementor-shape-fill\"  d=\"M500,98.9L0,6.1V0h1000v6.1L500,98.9z\"\/>\n<\/svg>\t\t<\/div>\n\t\t\t\t\t<div class=\"elementor-container elementor-column-gap-default\">\n\t\t\t\t\t<div class=\"elementor-column elementor-col-100 elementor-top-column elementor-element elementor-element-686f943\"   data-id=\"686f943\"   data-element_type=\"column\">\n\t\t\t<div class=\"elementor-widget-wrap elementor-element-populated\">\n\t\t\t\t\t\t\t\t<div class=\"elementor-element elementor-element-3e5c167 elementor-widget elementor-widget-text-editor\"   data-id=\"3e5c167\"   data-element_type=\"widget\"  data-widget_type=\"text-editor.default\">\n\t\t\t\t<div class=\"elementor-widget-container\" >\n\t\t\t\t\t\t\t<p>Kokemuksen ja osaamisen lis\u00e4ksi kiinnit\u00e4mme eritt\u00e4in paljon huomiota asiakkaamme yrityskulttuuriin ja toimintatapoihin sek\u00e4 arvoihin.<\/p><p>Meill\u00e4 on monien vuosiaen kokemus ty\u00f6ntekij\u00f6iden palkkaamisesta ja uran aikana olemme palkanneet useita kymmeni\u00e4 ihmisi\u00e4. Koko kokemus takaa rekrytoinnin korkean laadun!<\/p>\t\t\t\t\t\t<\/div>\n\t\t\t\t<\/div>\n\t\t\t\t<div class=\"elementor-element elementor-element-6d735b7 elementor-widget elementor-widget-heading\"   data-id=\"6d735b7\"   data-element_type=\"widget\"   data-widget_type=\"heading.default\">\n\t\t\t\t<div class=\"elementor-widget-container\">\n\t\t\t<h2 class=\"elementor-heading-title elementor-size-default\">Viron ty\u00f6sopimukset<\/h2>\t\t<\/div>\n\t\t\t\t<\/div>\n\t\t\t\t<div class=\"elementor-element elementor-element-15d8fec elementor-widget-divider--view-line elementor-widget elementor-widget-divider\"   data-id=\"15d8fec\"   data-element_type=\"widget\"   data-widget_type=\"divider.default\">\n\t\t\t\t<div class=\"elementor-widget-container\">\n\t\t\t<style>\/*! elementor - v3.11.1 - 15-02-2023 *\/\n.elementor-widget-divider{--divider-border-style:none;--divider-border-width:1px;--divider-color:#2c2c2c;--divider-icon-size:20px;--divider-element-spacing:10px;--divider-pattern-height:24px;--divider-pattern-size:20px;--divider-pattern-url:none;--divider-pattern-repeat:repeat-x}.elementor-widget-divider .elementor-divider{display:flex}.elementor-widget-divider .elementor-divider__text{font-size:15px;line-height:1;max-width:95%}.elementor-widget-divider .elementor-divider__element{margin:0 var(--divider-element-spacing);flex-shrink:0}.elementor-widget-divider .elementor-icon{font-size:var(--divider-icon-size)}.elementor-widget-divider .elementor-divider-separator{display:flex;margin:0;direction:ltr}.elementor-widget-divider--view-line_icon .elementor-divider-separator,.elementor-widget-divider--view-line_text .elementor-divider-separator{align-items:center}.elementor-widget-divider--view-line_icon .elementor-divider-separator:after,.elementor-widget-divider--view-line_icon .elementor-divider-separator:before,.elementor-widget-divider--view-line_text .elementor-divider-separator:after,.elementor-widget-divider--view-line_text .elementor-divider-separator:before{display:block;content:\"\";border-bottom:0;flex-grow:1;border-top:var(--divider-border-width) var(--divider-border-style) var(--divider-color)}.elementor-widget-divider--element-align-left .elementor-divider .elementor-divider-separator>.elementor-divider__svg:first-of-type{flex-grow:0;flex-shrink:100}.elementor-widget-divider--element-align-left .elementor-divider-separator:before{content:none}.elementor-widget-divider--element-align-left .elementor-divider__element{margin-left:0}.elementor-widget-divider--element-align-right .elementor-divider .elementor-divider-separator>.elementor-divider__svg:last-of-type{flex-grow:0;flex-shrink:100}.elementor-widget-divider--element-align-right .elementor-divider-separator:after{content:none}.elementor-widget-divider--element-align-right .elementor-divider__element{margin-right:0}.elementor-widget-divider:not(.elementor-widget-divider--view-line_text):not(.elementor-widget-divider--view-line_icon) .elementor-divider-separator{border-top:var(--divider-border-width) var(--divider-border-style) var(--divider-color)}.elementor-widget-divider--separator-type-pattern{--divider-border-style:none}.elementor-widget-divider--separator-type-pattern.elementor-widget-divider--view-line .elementor-divider-separator,.elementor-widget-divider--separator-type-pattern:not(.elementor-widget-divider--view-line) .elementor-divider-separator:after,.elementor-widget-divider--separator-type-pattern:not(.elementor-widget-divider--view-line) .elementor-divider-separator:before,.elementor-widget-divider--separator-type-pattern:not([class*=elementor-widget-divider--view]) .elementor-divider-separator{width:100%;min-height:var(--divider-pattern-height);-webkit-mask-size:var(--divider-pattern-size) 100%;mask-size:var(--divider-pattern-size) 100%;-webkit-mask-repeat:var(--divider-pattern-repeat);mask-repeat:var(--divider-pattern-repeat);background-color:var(--divider-color);-webkit-mask-image:var(--divider-pattern-url);mask-image:var(--divider-pattern-url)}.elementor-widget-divider--no-spacing{--divider-pattern-size:auto}.elementor-widget-divider--bg-round{--divider-pattern-repeat:round}.rtl .elementor-widget-divider .elementor-divider__text{direction:rtl}.e-con-inner>.elementor-widget-divider,.e-con>.elementor-widget-divider{width:var(--container-widget-width,100%);--flex-grow:var(--container-widget-flex-grow)}<\/style>\t\t<div class=\"elementor-divider\">\n\t\t\t<span class=\"elementor-divider-separator\">\n\t\t\t\t\t\t<\/span>\n\t\t<\/div>\n\t\t\t\t<\/div>\n\t\t\t\t<\/div>\n\t\t\t\t<div class=\"elementor-element elementor-element-f36b817 elementor-widget elementor-widget-text-editor\"   data-id=\"f36b817\"   data-element_type=\"widget\"   data-widget_type=\"text-editor.default\">\n\t\t\t\t<div class=\"elementor-widget-container\">\n\t\t\t\t\t\t\t<div class=\"wpb_column vc_column_container vc_col-sm-6\"><div class=\"vc_column-inner\"><div class=\"wpb_wrapper\" ><div class=\"wpb_text_column wpb_content_element\"><div class=\"wpb_wrapper\"><p>Viron ty\u00f6sopimukset poikkeavat monelta osalta Suomessa k\u00e4ytett\u00e4vist\u00e4 ty\u00f6sopimuksista. Ensinn\u00e4kin mik\u00e4 voi yll\u00e4tt\u00e4\u00e4, on se, ett\u00e4 Viron ty\u00f6sopimus voi olla jopa 10 sivua pitk\u00e4, Suomessa k\u00e4ytett\u00e4v\u00e4 vastaava ty\u00f6sopimus vain muutaman sivun pituinen.<\/p><p>Virossa usein my\u00f6s ty\u00f6sopimuksen lis\u00e4ksi allekirjoitetaan erikseen ty\u00f6nkuvaus, jossa ty\u00f6teht\u00e4v\u00e4t kuvataan mahdollisimman tarkkaan.<\/p><p>Jotta ty\u00f6sopimus ja ty\u00f6nkuvaus tulisi tehty\u00e4 oikein, vaatii se tarkkaa Viron ty\u00f6sopimuslain tuntemista.<\/p><\/div><\/div><\/div><\/div><\/div>\t\t\t\t\t\t<\/div>\n\t\t\t\t<\/div>\n\t\t\t\t\t<\/div>\n\t\t<\/div>\n\t\t\t\t\t\t\t<\/div>\n\t\t<\/section>\n\t\t\t\t\t\t\t<\/div>","protected":false},"excerpt":{"rendered":"<p>Tarjoamme asiakkaillemme joustavia ja korkealaatuisia rekrytointipalveluja. Rekrytoimme m\u00e4\u00e4r\u00e4aikaisia ja vakituisia osaajia johto- ja asiantuntijatason, toimihenkil\u00f6tason ja suorittavan tason teht\u00e4viin. Suoritamme rekrytointia Viroon ja Suomeen. Meill\u00e4 on hyv\u00e4 k\u00e4sitys Viron ty\u00f6voimarkkinoista, koska toimimme maassa aktivisesti. Onnistuneen rekrytoinnin l\u00e4ht\u00f6kohtana on aina ammattimaisesti suoritettu rekrytointiprosessi. Hoidamme prosessin puolestasi; sinulle j\u00e4\u00e4 vain lopullinen valinta l\u00e4hett\u00e4miemme ehdokkaiden joukosta. Meid\u00e4n ydinosaamistamme [&hellip;]<\/p>","protected":false},"author":100001,"featured_media":0,"parent":0,"menu_order":0,"comment_status":"closed","ping_status":"closed","template":"elementor_header_footer","meta":[],"yoast_head":"\n<title>REKRYTOINTI VIROSTA | Ty\u00f6ntekij\u00f6it\u00e4 Virosta<\/title>\n<meta name=\"description\"  content=\"Rekrytoimme m\u00e4\u00e4r\u00e4aikaisia &amp; vakituisia osaajia johto- ja asiantuntijatason, toimihenkil\u00f6tason ja suorittavan tason teht\u00e4viin. Viron ty\u00f6sopimukset avullamme.\" \/>\n<meta name=\"robots\"  content=\"index, follow, max-snippet:-1, max-image-preview:large, max-video-preview:-1\" \/>\n<link rel=\"canonical\"  href=\"https:\/\/ryynanenconsulting.com\/et\/rekrytointi\/\" \/>\n<meta property=\"og:locale\"  content=\"et_EE\" \/>\n<meta property=\"og:type\"  content=\"article\" \/>\n<meta property=\"og:title\"  content=\"Yhti\u00f6 Viroon | Yritys Viroon | Kirjanpito\" \/>\n<meta property=\"og:description\"  content=\"Ryyn\u00e4nen Consulting\" \/>\n<meta property=\"og:url\"  content=\"https:\/\/ryynanenconsulting.com\/et\/rekrytointi\/\" \/>\n<meta property=\"og:site_name\"  content=\"yhti\u00f6 Viroon, yritys Viroon, kirjanpito Virossa, valmisyritys Viroon, kirjanpito Viroon\" \/>\n<meta property=\"article:publisher\"  content=\"https:\/\/www.facebook.com\/ryynanenconsulting?ref=hl\" \/>\n<meta property=\"article:modified_time\"  content=\"2022-01-06T13:41:24+00:00\" \/>\n<meta property=\"og:image\"  content=\"https:\/\/ryynanenconsulting.com\/oathitse\/2022\/01\/fbcover-01-1024x576.png\" \/>\n\t<meta property=\"og:image:width\" content=\"1024\" \/>\n\t<meta property=\"og:image:height\" content=\"576\" \/>\n\t<meta property=\"og:image:type\" content=\"image\/png\" \/>\n<meta name=\"twitter:label1\" content=\"Est. reading time\" \/>\n\t<meta name=\"twitter:data1\"  content=\"2 minutit\"  \/>\n<script type=\"application\/ld+json\"  class=\"yoast-schema-graph\">{\"@context\":\"https:\/\/schema.org\",\"@graph\":[{\"@type\":\"Organization\",\"@id\":\"https:\/\/ryynanenconsulting.com\/#organization\",\"name\":\"Ryyn\u00e4nen Consulting O\u00dc\",\"url\":\"https:\/\/ryynanenconsulting.com\/\",\"sameAs\":[\"https:\/\/www.facebook.com\/ryynanenconsulting?ref=hl\",\"https:\/\/www.instagram.com\/ryynanenconsulting\/\"],\"logo\":{\"@type\":\"ImageObject\",\"@id\":\"https:\/\/ryynanenconsulting.com\/#logo\",\"inLanguage\":\"et\",\"url\":\"https:\/\/ryynanenconsulting.com\/oathitse\/2021\/12\/Logo-860x233-1.png\",\"contentUrl\":\"https:\/\/ryynanenconsulting.com\/oathitse\/2021\/12\/Logo-860x233-1.png\",\"width\":860,\"height\":233,\"caption\":\"Ryyn\u00e4nen Consulting O\u00dc\"},\"image\":{\"@id\":\"https:\/\/ryynanenconsulting.com\/#logo\"}},{\"@type\":\"WebSite\",\"@id\":\"https:\/\/ryynanenconsulting.com\/#website\",\"url\":\"https:\/\/ryynanenconsulting.com\/\",\"name\":\"yhti\u00f6 Viroon, yritys Viroon, kirjanpito Virossa, valmisyritys Viroon, kirjanpito Viroon\",\"description\":\"yhti\u00f6 Viroon, yritys Viroon, valmisyritys Viroon, kirjanpito Viroon, kirjanpito Virossa, konsultointi- RYYN\u00c4NEN CONSULTING O\u00dc ville@ryynanenconsulting.com\",\"publisher\":{\"@id\":\"https:\/\/ryynanenconsulting.com\/#organization\"},\"potentialAction\":[{\"@type\":\"SearchAction\",\"target\":{\"@type\":\"EntryPoint\",\"urlTemplate\":\"https:\/\/ryynanenconsulting.com\/?s={search_term_string}\"},\"query-input\":\"required name=search_term_string\"}],\"inLanguage\":\"et\"},{\"@type\":\"ImageObject\",\"@id\":\"https:\/\/ryynanenconsulting.com\/rekrytointi\/#primaryimage\",\"inLanguage\":\"et\",\"url\":\"https:\/\/ryynanenconsulting.com\/oathitse\/2022\/01\/fbcover-01.png\",\"contentUrl\":\"https:\/\/ryynanenconsulting.com\/oathitse\/2022\/01\/fbcover-01.png\",\"width\":8000,\"height\":4500},{\"@type\":\"WebPage\",\"@id\":\"https:\/\/ryynanenconsulting.com\/rekrytointi\/#webpage\",\"url\":\"https:\/\/ryynanenconsulting.com\/rekrytointi\/\",\"name\":\"REKRYTOINTI VIROSTA | Ty\u00f6ntekij\u00f6it\u00e4 Virosta\",\"isPartOf\":{\"@id\":\"https:\/\/ryynanenconsulting.com\/#website\"},\"primaryImageOfPage\":{\"@id\":\"https:\/\/ryynanenconsulting.com\/rekrytointi\/#primaryimage\"},\"datePublished\":\"2022-01-03T12:08:24+00:00\",\"dateModified\":\"2022-01-06T13:41:24+00:00\",\"description\":\"Rekrytoimme m\u00e4\u00e4r\u00e4aikaisia & vakituisia osaajia johto- ja asiantuntijatason, toimihenkil\u00f6tason ja suorittavan tason teht\u00e4viin. Viron ty\u00f6sopimukset avullamme.\",\"breadcrumb\":{\"@id\":\"https:\/\/ryynanenconsulting.com\/rekrytointi\/#breadcrumb\"},\"inLanguage\":\"et\",\"potentialAction\":[{\"@type\":\"ReadAction\",\"target\":[\"https:\/\/ryynanenconsulting.com\/rekrytointi\/\"]}]},{\"@type\":\"BreadcrumbList\",\"@id\":\"https:\/\/ryynanenconsulting.com\/rekrytointi\/#breadcrumb\",\"itemListElement\":[{\"@type\":\"ListItem\",\"position\":1,\"name\":\"Home\",\"item\":\"https:\/\/ryynanenconsulting.com\/\"},{\"@type\":\"ListItem\",\"position\":2,\"name\":\"Rekrytointi\"}]}]}<\/script>\n","yoast_head_json":{"title":"REKRYTOINTI VIROSTA | Ty\u00f6ntekij\u00f6it\u00e4 Virosta","description":"Rekrytoimme m\u00e4\u00e4r\u00e4aikaisia & vakituisia osaajia johto- ja asiantuntijatason, toimihenkil\u00f6tason ja suorittavan tason teht\u00e4viin. Viron ty\u00f6sopimukset avullamme.","robots":{"index":"index","follow":"follow","max-snippet":"max-snippet:-1","max-image-preview":"max-image-preview:large","max-video-preview":"max-video-preview:-1"},"canonical":"https:\/\/ryynanenconsulting.com\/et\/rekrytointi\/","og_locale":"et_EE","og_type":"article","og_title":"Yhti\u00f6 Viroon | Yritys Viroon | Kirjanpito","og_description":"Ryyn\u00e4nen Consulting","og_url":"https:\/\/ryynanenconsulting.com\/et\/rekrytointi\/","og_site_name":"yhti\u00f6 Viroon, yritys Viroon, kirjanpito Virossa, valmisyritys Viroon, kirjanpito Viroon","article_publisher":"https:\/\/www.facebook.com\/ryynanenconsulting?ref=hl","article_modified_time":"2022-01-06T13:41:24+00:00","og_image":[{"width":1024,"height":576,"url":"https:\/\/ryynanenconsulting.com\/oathitse\/2022\/01\/fbcover-01-1024x576.png","type":"image\/png"}],"twitter_misc":{"Est. reading time":"2 minutit"},"schema":{"@context":"https:\/\/schema.org","@graph":[{"@type":"Organization","@id":"https:\/\/ryynanenconsulting.com\/#organization","name":"Ryyn\u00e4nen Consulting O\u00dc","url":"https:\/\/ryynanenconsulting.com\/","sameAs":["https:\/\/www.facebook.com\/ryynanenconsulting?ref=hl","https:\/\/www.instagram.com\/ryynanenconsulting\/"],"logo":{"@type":"ImageObject","@id":"https:\/\/ryynanenconsulting.com\/#logo","inLanguage":"et","url":"https:\/\/ryynanenconsulting.com\/oathitse\/2021\/12\/Logo-860x233-1.png","contentUrl":"https:\/\/ryynanenconsulting.com\/oathitse\/2021\/12\/Logo-860x233-1.png","width":860,"height":233,"caption":"Ryyn\u00e4nen Consulting O\u00dc"},"image":{"@id":"https:\/\/ryynanenconsulting.com\/#logo"}},{"@type":"WebSite","@id":"https:\/\/ryynanenconsulting.com\/#website","url":"https:\/\/ryynanenconsulting.com\/","name":"yhti\u00f6 Viroon, yritys Viroon, kirjanpito Virossa, valmisyritys Viroon, kirjanpito Viroon","description":"yhti\u00f6 Viroon, yritys Viroon, valmisyritys Viroon, kirjanpito Viroon, kirjanpito Virossa, konsultointi- RYYN\u00c4NEN CONSULTING O\u00dc ville@ryynanenconsulting.com","publisher":{"@id":"https:\/\/ryynanenconsulting.com\/#organization"},"potentialAction":[{"@type":"SearchAction","target":{"@type":"EntryPoint","urlTemplate":"https:\/\/ryynanenconsulting.com\/?s={search_term_string}"},"query-input":"required name=search_term_string"}],"inLanguage":"et"},{"@type":"ImageObject","@id":"https:\/\/ryynanenconsulting.com\/rekrytointi\/#primaryimage","inLanguage":"et","url":"https:\/\/ryynanenconsulting.com\/oathitse\/2022\/01\/fbcover-01.png","contentUrl":"https:\/\/ryynanenconsulting.com\/oathitse\/2022\/01\/fbcover-01.png","width":8000,"height":4500},{"@type":"WebPage","@id":"https:\/\/ryynanenconsulting.com\/rekrytointi\/#webpage","url":"https:\/\/ryynanenconsulting.com\/rekrytointi\/","name":"REKRYTOINTI VIROSTA | Ty\u00f6ntekij\u00f6it\u00e4 Virosta","isPartOf":{"@id":"https:\/\/ryynanenconsulting.com\/#website"},"primaryImageOfPage":{"@id":"https:\/\/ryynanenconsulting.com\/rekrytointi\/#primaryimage"},"datePublished":"2022-01-03T12:08:24+00:00","dateModified":"2022-01-06T13:41:24+00:00","description":"Rekrytoimme m\u00e4\u00e4r\u00e4aikaisia & vakituisia osaajia johto- ja asiantuntijatason, toimihenkil\u00f6tason ja suorittavan tason teht\u00e4viin. Viron ty\u00f6sopimukset avullamme.","breadcrumb":{"@id":"https:\/\/ryynanenconsulting.com\/rekrytointi\/#breadcrumb"},"inLanguage":"et","potentialAction":[{"@type":"ReadAction","target":["https:\/\/ryynanenconsulting.com\/rekrytointi\/"]}]},{"@type":"BreadcrumbList","@id":"https:\/\/ryynanenconsulting.com\/rekrytointi\/#breadcrumb","itemListElement":[{"@type":"ListItem","position":1,"name":"Home","item":"https:\/\/ryynanenconsulting.com\/"},{"@type":"ListItem","position":2,"name":"Rekrytointi"}]}]}},"_links":{"self":[{"href":"https:\/\/ryynanenconsulting.com\/et\/wp-json\/wp\/v2\/pages\/101872"}],"collection":[{"href":"https:\/\/ryynanenconsulting.com\/et\/wp-json\/wp\/v2\/pages"}],"about":[{"href":"https:\/\/ryynanenconsulting.com\/et\/wp-json\/wp\/v2\/types\/page"}],"author":[{"embeddable":true,"href":"https:\/\/ryynanenconsulting.com\/et\/wp-json\/wp\/v2\/users\/100001"}],"replies":[{"embeddable":true,"href":"https:\/\/ryynanenconsulting.com\/et\/wp-json\/wp\/v2\/comments?post=101872"}],"version-history":[{"count":9,"href":"https:\/\/ryynanenconsulting.com\/et\/wp-json\/wp\/v2\/pages\/101872\/revisions"}],"predecessor-version":[{"id":102358,"href":"https:\/\/ryynanenconsulting.com\/et\/wp-json\/wp\/v2\/pages\/101872\/revisions\/102358"}],"wp:attachment":[{"href":"https:\/\/ryynanenconsulting.com\/et\/wp-json\/wp\/v2\/media?parent=101872"}],"curies":[{"name":"wp","href":"https:\/\/api.w.org\/{rel}","templated":true}]}}