{"id":103542,"date":"2022-05-16T13:23:53","date_gmt":"2022-05-16T10:23:53","guid":{"rendered":"https:\/\/ryynanenconsulting.com\/?page_id=103542"},"modified":"2026-02-26T17:07:03","modified_gmt":"2026-02-26T15:07:03","slug":"yksityishenkilon-osoitepalvelu-viroon-ja-viron-id-kortti","status":"publish","type":"page","link":"https:\/\/ryynanenconsulting.com\/en\/private-address-service-in-estonia-and-estonian-id\/","title":{"rendered":"Private address service in Estonia and Estonian ID card"},"content":{"rendered":"<div data-elementor-type=\"wp-page\"  data-elementor-id=\"103542\"  class=\"elementor elementor-103542\">\n\t\t\t\t\t\t\t\t\t<section data-particle_enable=\"false\"   data-particle-mobile-disabled=\"false\"   class=\"elementor-section elementor-top-section elementor-element elementor-element-7e57fe9 elementor-section-boxed elementor-section-height-default elementor-section-height-default\"  data-id=\"7e57fe9\"  data-element_type=\"section\">\n\t\t\t\t\t\t<div class=\"elementor-container elementor-column-gap-default\">\n\t\t\t\t\t<div class=\"elementor-column elementor-col-50 elementor-top-column elementor-element elementor-element-9f6e153\"   data-id=\"9f6e153\"  data-element_type=\"column\">\n\t\t\t<div class=\"elementor-widget-wrap elementor-element-populated\">\n\t\t\t\t\t\t\t\t<div class=\"elementor-element elementor-element-4af2373 dce_masking-none elementor-widget elementor-widget-image\"   data-id=\"4af2373\"   data-element_type=\"widget\" data-widget_type=\"image.default\">\n\t\t\t\t<div class=\"elementor-widget-container\">\n\t\t\t<style>\/*! elementor - v3.11.1 - 15-02-2023 *\/\n.elementor-widget-image{text-align:center}.elementor-widget-image a{display:inline-block}.elementor-widget-image a img[src$=\".svg\"]{width:48px}.elementor-widget-image img{vertical-align:middle;display:inline-block}<\/style>\t\t\t\t\t\t\t\t\t\t\t\t<img decoding=\"async\"   width=\"416\"   height=\"624\"   src=\"https:\/\/ryynanenconsulting.com\/oathitse\/2022\/01\/aadress-scaled-416x624.jpg\"   class=\"attachment-woocommerce_single size-woocommerce_single wp-image-101980\"   alt=\"\"   loading=\"lazy\"   srcset=\"https:\/\/ryynanenconsulting.com\/oathitse\/2022\/01\/aadress-scaled-416x624.jpg 416w, https:\/\/ryynanenconsulting.com\/oathitse\/2022\/01\/aadress-200x300.jpg 200w, https:\/\/ryynanenconsulting.com\/oathitse\/2022\/01\/aadress-683x1024.jpg 683w, https:\/\/ryynanenconsulting.com\/oathitse\/2022\/01\/aadress-768x1152.jpg 768w, https:\/\/ryynanenconsulting.com\/oathitse\/2022\/01\/aadress-1024x1536.jpg 1024w, https:\/\/ryynanenconsulting.com\/oathitse\/2022\/01\/aadress-1365x2048.jpg 1365w, https:\/\/ryynanenconsulting.com\/oathitse\/2022\/01\/aadress-8x12.jpg 8w, https:\/\/ryynanenconsulting.com\/oathitse\/2022\/01\/aadress-scaled.jpg 1707w\"   sizes=\"(max-width: 416px) 100vw, 416px\" \/>\t\t\t\t\t\t\t\t\t\t\t\t\t\t\t<\/div>\n\t\t\t\t<\/div>\n\t\t\t\t\t<\/div>\n\t\t<\/div>\n\t\t\t\t<div class=\"elementor-column elementor-col-50 elementor-top-column elementor-element elementor-element-c7be2d0\"   data-id=\"c7be2d0\"   data-element_type=\"column\">\n\t\t\t<div class=\"elementor-widget-wrap elementor-element-populated\">\n\t\t\t\t\t\t\t\t<div class=\"elementor-element elementor-element-cef6825 elementor-widget elementor-widget-text-editor\"   data-id=\"cef6825\"   data-element_type=\"widget\"   data-widget_type=\"text-editor.default\">\n\t\t\t\t<div class=\"elementor-widget-container\">\n\t\t\t<style>\/*! elementor - v3.11.1 - 15-02-2023 *\/\n.elementor-widget-text-editor.elementor-drop-cap-view-stacked .elementor-drop-cap{background-color:#818a91;color:#fff}.elementor-widget-text-editor.elementor-drop-cap-view-framed .elementor-drop-cap{color:#818a91;border:3px solid;background-color:transparent}.elementor-widget-text-editor:not(.elementor-drop-cap-view-default) .elementor-drop-cap{margin-top:8px}.elementor-widget-text-editor:not(.elementor-drop-cap-view-default) .elementor-drop-cap-letter{width:1em;height:1em}.elementor-widget-text-editor .elementor-drop-cap{float:left;text-align:center;line-height:1;font-size:50px}.elementor-widget-text-editor .elementor-drop-cap-letter{display:inline-block}<\/style>\t\t\t\t<p>We offer an address service for individuals who have not yet acquired a permanent place of residence in Estonia. This service will help you especially if you are thinking of moving to Estonia.<\/p><p>The private person's address service and official address from Estonia help the private person, e.g. to open your own personal bank account in Estonia, get an Estonian social security number (Estonian personal identification number) and an Estonian ID card, i.e. an Estonian identity card, which allows you to manage almost all your own and company affairs online from anywhere in the world.<\/p><p>Getting an Estonian postal address and an Estonian identity card requires drawing up a rental agreement with us. The minimum term for the contract is 6 months.<\/p><p>An individual can also report this address to, for example, the Foreign Magistrate's Office, when he reports a change abroad and possibly applies for tax exemption from his home country. If a person has a residence in Estonia, he is also entitled to drive his company or personally owned vehicle registered in Estonia when he is abroad. This arrangement also helps foreclosure debtors and those whose credit reports have gone bad. Foreign and Estonian bailiffs cooperate, but it is significantly more difficult for foreign bailiffs to operate in Estonia than in it's homeland. If your credit information is gone, you can start from a \"clean slate\" in Estonia.<\/p><p>However, a foreign citizen cannot use an Estonian identity card as a travel document.\u00a0<\/p>\t\t\t\t\t\t<\/div>\n\t\t\t\t<\/div>\n\t\t\t\t\t<\/div>\n\t\t<\/div>\n\t\t\t\t\t\t\t<\/div>\n\t\t<\/section>\n\t\t\t\t<section data-particle_enable=\"false\"   data-particle-mobile-disabled=\"false\"   class=\"elementor-section elementor-top-section elementor-element elementor-element-0c2e9ee elementor-section-boxed elementor-section-height-default elementor-section-height-default\"   data-id=\"0c2e9ee\"   data-element_type=\"section\">\n\t\t\t\t\t\t<div class=\"elementor-container elementor-column-gap-default\">\n\t\t\t\t\t<div class=\"elementor-column elementor-col-50 elementor-top-column elementor-element elementor-element-478709b\"   data-id=\"478709b\" data-element_type=\"column\">\n\t\t\t<div class=\"elementor-widget-wrap elementor-element-populated\">\n\t\t\t\t\t\t\t\t<div class=\"elementor-element elementor-element-a5df898 elementor-widget elementor-widget-text-editor\"   data-id=\"a5df898\"  data-element_type=\"widget\" data-widget_type=\"text-editor.default\">\n\t\t\t\t<div class=\"elementor-widget-container\">\n\t\t\t\t\t\t\t<h3><b>The price of the private address service:<\/b><\/h3>\t\t\t\t\t\t<\/div>\n\t\t\t\t<\/div>\n\t\t\t\t\t<\/div>\n\t\t<\/div>\n\t\t\t\t<div class=\"elementor-column elementor-col-50 elementor-top-column elementor-element elementor-element-57c3011\"   data-id=\"57c3011\"   data-element_type=\"column\">\n\t\t\t<div class=\"elementor-widget-wrap\">\n\t\t\t\t\t\t\t\t\t<\/div>\n\t\t<\/div>\n\t\t\t\t\t\t\t<\/div>\n\t\t<\/section>\n\t\t\t\t<section data-particle_enable=\"false\"   data-particle-mobile-disabled=\"false\"   class=\"elementor-section elementor-top-section elementor-element elementor-element-572f721 elementor-section-boxed elementor-section-height-default elementor-section-height-default\"   data-id=\"572f721\"   data-element_type=\"section\">\n\t\t\t\t\t\t<div class=\"elementor-container elementor-column-gap-default\">\n\t\t\t\t\t<div class=\"elementor-column elementor-col-100 elementor-top-column elementor-element elementor-element-d1e01d0\"   data-id=\"d1e01d0\"  data-element_type=\"column\">\n\t\t\t<div class=\"elementor-widget-wrap elementor-element-populated\">\n\t\t\t\t\t\t\t\t<div class=\"elementor-element elementor-element-47493c1 elementor-widget elementor-widget-text-editor\"   data-id=\"47493c1\"  data-element_type=\"widget\" data-widget_type=\"text-editor.default\">\n\t\t\t\t<div class=\"elementor-widget-container\" >\n\t\t\t\t\t\t\t<p><em>\u20ac100\/month, min. contract 6 months<\/em>,\u00a0<span style=\"text-decoration: underline;\"><strong>TOTAL \u20ac600<\/strong><\/span><span style=\"text-decoration: underline;\"><strong>*<\/strong><\/span><\/p><p><em>\u20ac80\/month, min. contract 12 months,\u00a0<\/em><span style=\"text-decoration: underline;\"><strong>TOTAL \u20ac960<\/strong><\/span><\/p><p><em>*The entire amount must be paid at once.\u00a0\u00a0<\/em><\/p><p>The service enables an Estonian identity card, a five-year residence permit, an Estonian ID card, i.e. an Estonian identity card, and a personal bank account in Estonia. The price includes our help in the whole process and also the forwarding of mail.<\/p><p>With a PO box address, you can also open a bank account in Estonia - without it, it is very difficult. If you want to open a foreign bank account, we recommend taking a personal address service in Estonia from us. If you are moving to Estonia permanently, it may make sense to take a personal address service at first, because it gives you time to look for an actual apartment in Estonia. Often, looking for a suitable apartment is a time-consuming task. In addition, landlords trust more a tenant who already has an Estonian ID card, because then it is easier to do a background check on a potential tenant.<\/p><p>The Estonian identity card also enables the digital signing of contracts and logging into the bank. Contracts are rarely signed on paper in Estonia today, because contracts are almost always digitally signed electronically <a href=\"https:\/\/dvv.fi\/muutot-suomen-ja-viron-valilla\"   target=\"_blank\" rel=\"noopener\"><span><\/a>.<\/p><p class=\" translation-block\">Getting an Estonian ID card requires 1-2 visits to Tallinn and the price includes our assistance at each visit. The price also includes opening a bank account in Estonia and applying for tax residency in Estonia. In addition, you must pay \u20ac45 in stamp duty for the Estonian ID card at the police station. If you want to order an ID card urgently, you must pay \u20ac250 in stamp duty. When ordering urgently, the Estonian ID card is usually ready in 1-2 days. You do not need to bring photos to the police station, as the photos are taken on site with a camera. As a standard order, the Estonian ID card is usually ready within about one week after the first visit. Our record is that the Estonian ID card was ready in two working days. Here is a <a href=\"https:\/\/www.politsei.ee\/en\/instructions\/id-card-sample\"  target=\"_blank\"  rel=\"noopener\">picture<\/a> of an ready Estonian id-card.<\/p><p class=\" translation-block\">You can find information on the company's address service <a href=\"https:\/\/ryynanenconsulting.com\/en\/address-service-for-business-in-estonia\/\" target=\"_self\">here<\/a>.<\/p>\t\t\t\t\t\t<\/div>\n\t\t\t\t<\/div>\n\t\t\t\t\t<\/div>\n\t\t<\/div>\n\t\t\t\t\t\t\t<\/div>\n\t\t<\/section>\n\t\t\t\t\t\t\t<\/div>","protected":false},"excerpt":{"rendered":"<p>Tarjoamme osoitepalvelua my\u00f6s yksityishenkil\u00f6ille, jotka eiv\u00e4t ole viel\u00e4 hankkineet vakituista asuinpaikkaa Virosta. T\u00e4m\u00e4 palvelu auttaa sinua erityisesti silloin, kun sinulla on mieless\u00e4 muutto Viroon. Yksityishenkil\u00f6n osoitepalvelu ja virallinen osoite Virosta auttavat yksityishenkil\u00f6\u00e4 mm. avaamaan Viroon oman henkil\u00f6kohtaisen pankkitilin, saamaan virolaisen sosiaaliturvatunnuksen (Viron henkil\u00f6tunnus) ja Viro ID-kortin eli Viron henkil\u00f6kortin, jonka avulla voi hoitaa l\u00e4hes kaikki [&hellip;]<\/p>","protected":false},"author":1,"featured_media":0,"parent":0,"menu_order":0,"comment_status":"closed","ping_status":"closed","template":"elementor_header_footer","meta":[],"yoast_head":"\n<title>Yksityishenkil\u00f6n osoitepalvelu Viroon, Viron ID-kortti ja muutto Viroon - yhti\u00f6 Viroon, yritys Viroon, kirjanpito Virossa, valmisyritys Viroon, kirjanpito Viroon<\/title>\n<meta name=\"description\"  content=\"Yksityishenkil\u00f6n osoitepalvelu, Viron henkil\u00f6kortti ja virallinen osoite Virosta avaavat pankkitilin, saamaan Viron sotun ja Viron ID-kortin.\" \/>\n<meta name=\"robots\"  content=\"index, follow, max-snippet:-1, max-image-preview:large, max-video-preview:-1\" \/>\n<link rel=\"canonical\"  href=\"https:\/\/ryynanenconsulting.com\/en\/private-address-service-in-estonia-and-estonian-id\/\" \/>\n<meta property=\"og:locale\"  content=\"en_GB\" \/>\n<meta property=\"og:type\"  content=\"article\" \/>\n<meta property=\"og:title\"  content=\"Yksityishenkil\u00f6n osoitepalvelu Viroon, Viron ID-kortti ja muutto Viroon\" \/>\n<meta property=\"og:description\"  content=\"Yksityishenkil\u00f6n osoitepalvelu, Viron henkil\u00f6kortti ja virallinen osoite Virosta avaavat pankkitilin, saamaan Viron sotun ja Viron ID-kortin.\" \/>\n<meta property=\"og:url\"  content=\"https:\/\/ryynanenconsulting.com\/en\/private-address-service-in-estonia-and-estonian-id\/\" \/>\n<meta property=\"og:site_name\"  content=\"yhti\u00f6 Viroon, yritys Viroon, kirjanpito Virossa, valmisyritys Viroon, kirjanpito Viroon\" \/>\n<meta property=\"article:publisher\"  content=\"https:\/\/www.facebook.com\/ryynanenconsulting?ref=hl\" \/>\n<meta property=\"article:modified_time\"  content=\"2026-02-26T15:07:03+00:00\" \/>\n<meta property=\"og:image\"  content=\"https:\/\/ryynanenconsulting.com\/oathitse\/2022\/01\/aadress-scaled-416x624.jpg\" \/>\n<meta name=\"twitter:label1\" content=\"Estimated reading time\" \/>\n\t<meta name=\"twitter:data1\" content=\"3 minutes\" \/>\n<script type=\"application\/ld+json\" class=\"yoast-schema-graph\">{\"@context\":\"https:\/\/schema.org\",\"@graph\":[{\"@type\":\"Organization\",\"@id\":\"https:\/\/ryynanenconsulting.com\/#organization\",\"name\":\"Ryyn\u00e4nen Consulting O\u00dc\",\"url\":\"https:\/\/ryynanenconsulting.com\/\",\"sameAs\":[\"https:\/\/www.facebook.com\/ryynanenconsulting?ref=hl\",\"https:\/\/www.instagram.com\/ryynanenconsulting\/\"],\"logo\":{\"@type\":\"ImageObject\",\"@id\":\"https:\/\/ryynanenconsulting.com\/#logo\",\"inLanguage\":\"en-GB\",\"url\":\"https:\/\/ryynanenconsulting.com\/oathitse\/2021\/12\/Logo-860x233-1.png\",\"contentUrl\":\"https:\/\/ryynanenconsulting.com\/oathitse\/2021\/12\/Logo-860x233-1.png\",\"width\":860,\"height\":233,\"caption\":\"Ryyn\u00e4nen Consulting O\u00dc\"},\"image\":{\"@id\":\"https:\/\/ryynanenconsulting.com\/#logo\"}},{\"@type\":\"WebSite\",\"@id\":\"https:\/\/ryynanenconsulting.com\/#website\",\"url\":\"https:\/\/ryynanenconsulting.com\/\",\"name\":\"yhti\u00f6 Viroon, yritys Viroon, kirjanpito Virossa, valmisyritys Viroon, kirjanpito Viroon\",\"description\":\"yhti\u00f6 Viroon, yritys Viroon, valmisyritys Viroon, kirjanpito Viroon, kirjanpito Virossa, konsultointi- RYYN\u00c4NEN CONSULTING O\u00dc ville@ryynanenconsulting.com\",\"publisher\":{\"@id\":\"https:\/\/ryynanenconsulting.com\/#organization\"},\"potentialAction\":[{\"@type\":\"SearchAction\",\"target\":{\"@type\":\"EntryPoint\",\"urlTemplate\":\"https:\/\/ryynanenconsulting.com\/?s={search_term_string}\"},\"query-input\":\"required name=search_term_string\"}],\"inLanguage\":\"en-GB\"},{\"@type\":\"ImageObject\",\"@id\":\"https:\/\/ryynanenconsulting.com\/yksityishenkilon-osoitepalvelu-viroon-ja-viron-id-kortti\/#primaryimage\",\"inLanguage\":\"en-GB\",\"url\":\"https:\/\/ryynanenconsulting.com\/oathitse\/2022\/01\/aadress-scaled.jpg\",\"contentUrl\":\"https:\/\/ryynanenconsulting.com\/oathitse\/2022\/01\/aadress-scaled.jpg\",\"width\":1707,\"height\":2560},{\"@type\":\"WebPage\",\"@id\":\"https:\/\/ryynanenconsulting.com\/yksityishenkilon-osoitepalvelu-viroon-ja-viron-id-kortti\/#webpage\",\"url\":\"https:\/\/ryynanenconsulting.com\/yksityishenkilon-osoitepalvelu-viroon-ja-viron-id-kortti\/\",\"name\":\"Yksityishenkil\u00f6n osoitepalvelu Viroon, Viron ID-kortti ja muutto Viroon - yhti\u00f6 Viroon, yritys Viroon, kirjanpito Virossa, valmisyritys Viroon, kirjanpito Viroon\",\"isPartOf\":{\"@id\":\"https:\/\/ryynanenconsulting.com\/#website\"},\"primaryImageOfPage\":{\"@id\":\"https:\/\/ryynanenconsulting.com\/yksityishenkilon-osoitepalvelu-viroon-ja-viron-id-kortti\/#primaryimage\"},\"datePublished\":\"2022-05-16T10:23:53+00:00\",\"dateModified\":\"2026-02-26T15:07:03+00:00\",\"description\":\"Yksityishenkil\u00f6n osoitepalvelu, Viron henkil\u00f6kortti ja virallinen osoite Virosta avaavat pankkitilin, saamaan Viron sotun ja Viron ID-kortin.\",\"breadcrumb\":{\"@id\":\"https:\/\/ryynanenconsulting.com\/yksityishenkilon-osoitepalvelu-viroon-ja-viron-id-kortti\/#breadcrumb\"},\"inLanguage\":\"en-GB\",\"potentialAction\":[{\"@type\":\"ReadAction\",\"target\":[\"https:\/\/ryynanenconsulting.com\/yksityishenkilon-osoitepalvelu-viroon-ja-viron-id-kortti\/\"]}]},{\"@type\":\"BreadcrumbList\",\"@id\":\"https:\/\/ryynanenconsulting.com\/yksityishenkilon-osoitepalvelu-viroon-ja-viron-id-kortti\/#breadcrumb\",\"itemListElement\":[{\"@type\":\"ListItem\",\"position\":1,\"name\":\"Home\",\"item\":\"https:\/\/ryynanenconsulting.com\/\"},{\"@type\":\"ListItem\",\"position\":2,\"name\":\"Yksityishenkil\u00f6n osoitepalvelu Viroon, Viron ID-kortti ja muutto Viroon\"}]}]}<\/script>\n","yoast_head_json":{"title":"Yksityishenkil\u00f6n osoitepalvelu Viroon, Viron ID-kortti ja muutto Viroon - yhti\u00f6 Viroon, yritys Viroon, kirjanpito Virossa, valmisyritys Viroon, kirjanpito Viroon","description":"Yksityishenkil\u00f6n osoitepalvelu, Viron henkil\u00f6kortti ja virallinen osoite Virosta avaavat pankkitilin, saamaan Viron sotun ja Viron ID-kortin.","robots":{"index":"index","follow":"follow","max-snippet":"max-snippet:-1","max-image-preview":"max-image-preview:large","max-video-preview":"max-video-preview:-1"},"canonical":"https:\/\/ryynanenconsulting.com\/en\/private-address-service-in-estonia-and-estonian-id\/","og_locale":"en_GB","og_type":"article","og_title":"Yksityishenkil\u00f6n osoitepalvelu Viroon, Viron ID-kortti ja muutto Viroon","og_description":"Yksityishenkil\u00f6n osoitepalvelu, Viron henkil\u00f6kortti ja virallinen osoite Virosta avaavat pankkitilin, saamaan Viron sotun ja Viron ID-kortin.","og_url":"https:\/\/ryynanenconsulting.com\/en\/private-address-service-in-estonia-and-estonian-id\/","og_site_name":"yhti\u00f6 Viroon, yritys Viroon, kirjanpito Virossa, valmisyritys Viroon, kirjanpito Viroon","article_publisher":"https:\/\/www.facebook.com\/ryynanenconsulting?ref=hl","article_modified_time":"2026-02-26T15:07:03+00:00","og_image":[{"url":"https:\/\/ryynanenconsulting.com\/oathitse\/2022\/01\/aadress-scaled-416x624.jpg"}],"twitter_misc":{"Estimated reading time":"3 minutes"},"schema":{"@context":"https:\/\/schema.org","@graph":[{"@type":"Organization","@id":"https:\/\/ryynanenconsulting.com\/#organization","name":"Ryyn\u00e4nen Consulting O\u00dc","url":"https:\/\/ryynanenconsulting.com\/","sameAs":["https:\/\/www.facebook.com\/ryynanenconsulting?ref=hl","https:\/\/www.instagram.com\/ryynanenconsulting\/"],"logo":{"@type":"ImageObject","@id":"https:\/\/ryynanenconsulting.com\/#logo","inLanguage":"en-GB","url":"https:\/\/ryynanenconsulting.com\/oathitse\/2021\/12\/Logo-860x233-1.png","contentUrl":"https:\/\/ryynanenconsulting.com\/oathitse\/2021\/12\/Logo-860x233-1.png","width":860,"height":233,"caption":"Ryyn\u00e4nen Consulting O\u00dc"},"image":{"@id":"https:\/\/ryynanenconsulting.com\/#logo"}},{"@type":"WebSite","@id":"https:\/\/ryynanenconsulting.com\/#website","url":"https:\/\/ryynanenconsulting.com\/","name":"yhti\u00f6 Viroon, yritys Viroon, kirjanpito Virossa, valmisyritys Viroon, kirjanpito Viroon","description":"yhti\u00f6 Viroon, yritys Viroon, valmisyritys Viroon, kirjanpito Viroon, kirjanpito Virossa, konsultointi- RYYN\u00c4NEN CONSULTING O\u00dc ville@ryynanenconsulting.com","publisher":{"@id":"https:\/\/ryynanenconsulting.com\/#organization"},"potentialAction":[{"@type":"SearchAction","target":{"@type":"EntryPoint","urlTemplate":"https:\/\/ryynanenconsulting.com\/?s={search_term_string}"},"query-input":"required name=search_term_string"}],"inLanguage":"en-GB"},{"@type":"ImageObject","@id":"https:\/\/ryynanenconsulting.com\/yksityishenkilon-osoitepalvelu-viroon-ja-viron-id-kortti\/#primaryimage","inLanguage":"en-GB","url":"https:\/\/ryynanenconsulting.com\/oathitse\/2022\/01\/aadress-scaled.jpg","contentUrl":"https:\/\/ryynanenconsulting.com\/oathitse\/2022\/01\/aadress-scaled.jpg","width":1707,"height":2560},{"@type":"WebPage","@id":"https:\/\/ryynanenconsulting.com\/yksityishenkilon-osoitepalvelu-viroon-ja-viron-id-kortti\/#webpage","url":"https:\/\/ryynanenconsulting.com\/yksityishenkilon-osoitepalvelu-viroon-ja-viron-id-kortti\/","name":"Yksityishenkil\u00f6n osoitepalvelu Viroon, Viron ID-kortti ja muutto Viroon - yhti\u00f6 Viroon, yritys Viroon, kirjanpito Virossa, valmisyritys Viroon, kirjanpito Viroon","isPartOf":{"@id":"https:\/\/ryynanenconsulting.com\/#website"},"primaryImageOfPage":{"@id":"https:\/\/ryynanenconsulting.com\/yksityishenkilon-osoitepalvelu-viroon-ja-viron-id-kortti\/#primaryimage"},"datePublished":"2022-05-16T10:23:53+00:00","dateModified":"2026-02-26T15:07:03+00:00","description":"Yksityishenkil\u00f6n osoitepalvelu, Viron henkil\u00f6kortti ja virallinen osoite Virosta avaavat pankkitilin, saamaan Viron sotun ja Viron ID-kortin.","breadcrumb":{"@id":"https:\/\/ryynanenconsulting.com\/yksityishenkilon-osoitepalvelu-viroon-ja-viron-id-kortti\/#breadcrumb"},"inLanguage":"en-GB","potentialAction":[{"@type":"ReadAction","target":["https:\/\/ryynanenconsulting.com\/yksityishenkilon-osoitepalvelu-viroon-ja-viron-id-kortti\/"]}]},{"@type":"BreadcrumbList","@id":"https:\/\/ryynanenconsulting.com\/yksityishenkilon-osoitepalvelu-viroon-ja-viron-id-kortti\/#breadcrumb","itemListElement":[{"@type":"ListItem","position":1,"name":"Home","item":"https:\/\/ryynanenconsulting.com\/"},{"@type":"ListItem","position":2,"name":"Yksityishenkil\u00f6n osoitepalvelu Viroon, Viron ID-kortti ja muutto Viroon"}]}]}},"_links":{"self":[{"href":"https:\/\/ryynanenconsulting.com\/en\/wp-json\/wp\/v2\/pages\/103542"}],"collection":[{"href":"https:\/\/ryynanenconsulting.com\/en\/wp-json\/wp\/v2\/pages"}],"about":[{"href":"https:\/\/ryynanenconsulting.com\/en\/wp-json\/wp\/v2\/types\/page"}],"author":[{"embeddable":true,"href":"https:\/\/ryynanenconsulting.com\/en\/wp-json\/wp\/v2\/users\/1"}],"replies":[{"embeddable":true,"href":"https:\/\/ryynanenconsulting.com\/en\/wp-json\/wp\/v2\/comments?post=103542"}],"version-history":[{"count":168,"href":"https:\/\/ryynanenconsulting.com\/en\/wp-json\/wp\/v2\/pages\/103542\/revisions"}],"predecessor-version":[{"id":105057,"href":"https:\/\/ryynanenconsulting.com\/en\/wp-json\/wp\/v2\/pages\/103542\/revisions\/105057"}],"wp:attachment":[{"href":"https:\/\/ryynanenconsulting.com\/en\/wp-json\/wp\/v2\/media?parent=103542"}],"curies":[{"name":"wp","href":"https:\/\/api.w.org\/{rel}","templated":true}]}}