{"id":102688,"date":"2022-01-07T14:52:38","date_gmt":"2022-01-07T12:52:38","guid":{"rendered":"https:\/\/ryynanenconsulting.com\/?page_id=102688"},"modified":"2022-04-20T21:09:14","modified_gmt":"2022-04-20T18:09:14","slug":"osoitepalvelu-virossa","status":"publish","type":"page","link":"https:\/\/ryynanenconsulting.com\/en\/address-service-for-business-in-estonia\/","title":{"rendered":"Address service for business in Estonia"},"content":{"rendered":"<div data-elementor-type=\"wp-page\"   data-elementor-id=\"102688\"   class=\"elementor elementor-102688\">\n\t\t\t\t\t\t\t\t\t<section data-particle_enable=\"false\"   data-particle-mobile-disabled=\"false\"   data-dce-background-color=\"#ffffff\"   class=\"elementor-section elementor-top-section elementor-element elementor-element-e342993 elementor-section-boxed elementor-section-height-default elementor-section-height-default\"   data-id=\"e342993\"   data-element_type=\"section\"   data-settings=\"{&quot;background_background&quot;:&quot;classic&quot;}\">\n\t\t\t\t\t\t<div class=\"elementor-container elementor-column-gap-default\">\n\t\t\t\t\t<div class=\"elementor-column elementor-col-100 elementor-top-column elementor-element elementor-element-bbe6ef5\"   data-id=\"bbe6ef5\"  data-element_type=\"column\">\n\t\t\t<div class=\"elementor-widget-wrap elementor-element-populated\">\n\t\t\t\t\t\t\t\t<div class=\"elementor-element elementor-element-83b27a0 elementor-widget elementor-widget-text-editor\"   data-id=\"83b27a0\"   data-element_type=\"widget\" data-widget_type=\"text-editor.default\">\n\t\t\t\t<div class=\"elementor-widget-container\">\n\t\t\t<style>\/*! elementor - v3.11.1 - 15-02-2023 *\/\n.elementor-widget-text-editor.elementor-drop-cap-view-stacked .elementor-drop-cap{background-color:#818a91;color:#fff}.elementor-widget-text-editor.elementor-drop-cap-view-framed .elementor-drop-cap{color:#818a91;border:3px solid;background-color:transparent}.elementor-widget-text-editor:not(.elementor-drop-cap-view-default) .elementor-drop-cap{margin-top:8px}.elementor-widget-text-editor:not(.elementor-drop-cap-view-default) .elementor-drop-cap-letter{width:1em;height:1em}.elementor-widget-text-editor .elementor-drop-cap{float:left;text-align:center;line-height:1;font-size:50px}.elementor-widget-text-editor .elementor-drop-cap-letter{display:inline-block}<\/style>\t\t\t\t<div class=\"wpb_column vc_column_container vc_col-sm-9\"><div class=\"vc_column-inner\"><div class=\"wpb_wrapper\"><div class=\"wpb_text_column wpb_content_element\"><div class=\"wpb_wrapper\"><p class=\" translation-block\">Ryyn\u00e4nen Consulting offers address and mailbox services. This is a good solution for start-ups and companies that do not have separate premises in Estonia. Prices for the address service start at <strong>\u20ac 12.50 \/ month<\/strong> + VAT (min. 1 year). The price also includes the contact person service required by law if the board member does not live in Estonia.<\/p><p>Under the agreement, the customer may indicate that address as the address of his business premises. Mail arriving at the address will be delivered as agreed to either another address, e-mail or a person authorized by the company.<\/p><\/div><\/div><\/div><\/div><\/div>\t\t\t\t\t\t<\/div>\n\t\t\t\t<\/div>\n\t\t\t\t\t<\/div>\n\t\t<\/div>\n\t\t\t\t\t\t\t<\/div>\n\t\t<\/section>\n\t\t\t\t<section data-particle_enable=\"false\"   data-particle-mobile-disabled=\"false\"   data-dce-background-color=\"#2E3192\"   data-dce-background-image-url=\"https:\/\/ryynanenconsulting.com\/oathitse\/2021\/12\/scattered-triangle2.png\"   class=\"elementor-section elementor-top-section elementor-element elementor-element-359e3f3 elementor-section-boxed elementor-section-height-default elementor-section-height-default\"   data-id=\"359e3f3\"   data-element_type=\"section\"   data-settings=\"{&quot;background_background&quot;:&quot;classic&quot;,&quot;shape_divider_top&quot;:&quot;tilt&quot;,&quot;shape_divider_bottom&quot;:&quot;tilt&quot;}\">\n\t\t\t\t\t<div class=\"elementor-shape elementor-shape-top\" data-negative=\"false\">\n\t\t\t<svg xmlns=\"http:\/\/www.w3.org\/2000\/svg\"   viewbox=\"0 0 1000 100\" preserveaspectratio=\"none\">\n\t<path class=\"elementor-shape-fill\" d=\"M0,6V0h1000v100L0,6z\"\/>\n<\/svg>\t\t<\/div>\n\t\t\t\t<div class=\"elementor-shape elementor-shape-bottom\"   data-negative=\"false\">\n\t\t\t<svg xmlns=\"http:\/\/www.w3.org\/2000\/svg\"   viewbox=\"0 0 1000 100\"   preserveaspectratio=\"none\">\n\t<path class=\"elementor-shape-fill\"  d=\"M0,6V0h1000v100L0,6z\"\/>\n<\/svg>\t\t<\/div>\n\t\t\t\t\t<div class=\"elementor-container elementor-column-gap-default\">\n\t\t\t\t\t<div class=\"elementor-column elementor-col-100 elementor-top-column elementor-element elementor-element-caa1081\"   data-id=\"caa1081\"   data-element_type=\"column\">\n\t\t\t<div class=\"elementor-widget-wrap elementor-element-populated\">\n\t\t\t\t\t\t\t\t<div class=\"elementor-element elementor-element-3909927 elementor-widget elementor-widget-heading\"   data-id=\"3909927\"   data-element_type=\"widget\"  data-widget_type=\"heading.default\">\n\t\t\t\t<div class=\"elementor-widget-container\" >\n\t\t\t<style>\/*! elementor - v3.11.1 - 15-02-2023 *\/\n.elementor-heading-title{padding:0;margin:0;line-height:1}.elementor-widget-heading .elementor-heading-title[class*=elementor-size-]>a{color:inherit;font-size:inherit;line-height:inherit}.elementor-widget-heading .elementor-heading-title.elementor-size-small{font-size:15px}.elementor-widget-heading .elementor-heading-title.elementor-size-medium{font-size:19px}.elementor-widget-heading .elementor-heading-title.elementor-size-large{font-size:29px}.elementor-widget-heading .elementor-heading-title.elementor-size-xl{font-size:39px}.elementor-widget-heading .elementor-heading-title.elementor-size-xxl{font-size:59px}<\/style><h2 class=\"elementor-heading-title elementor-size-default\">For example, you can choose from these options:<\/h2>\t\t<\/div>\n\t\t\t\t<\/div>\n\t\t\t\t<div class=\"elementor-element elementor-element-564f6cd elementor-widget elementor-widget-text-editor\"   data-id=\"564f6cd\"   data-element_type=\"widget\"   data-widget_type=\"text-editor.default\">\n\t\t\t\t<div class=\"elementor-widget-container\">\n\t\t\t\t\t\t\t<div class=\"wpb_column vc_column_container vc_col-sm-4\"><div class=\"vc_column-inner\"><div class=\"wpb_wrapper\" ><div class=\"wpb_text_column wpb_content_element\"><div class=\"wpb_wrapper\"><p><strong><em>Center of Tallinn: Hobujaama 4<\/em><\/strong><\/p><figure id=\"attachment_2691\"   aria-describedby=\"caption-attachment-2691\"   style=\"width: 300px\"   class=\"wp-caption alignleft\"><img decoding=\"async\"   loading=\"lazy\"   class=\"wp-image-2691 size-medium\"   src=\"https:\/\/ryynanenconsulting.com\/oathitse\/2013\/08\/Hobujaama-4-400x250.jpg\"   alt=\"Hobujaama 4\"   width=\"300\"   height=\"188\" \/><figcaption id=\"caption-attachment-2691\"   class=\"wp-caption-text\">Hobujaama 4, Tallinn<\/figcaption><\/figure><p class=\" translation-block\">This newly completed Premises is right in the center of Tallinn. The window shows the old town, Viru Center and Viru Hotel. The harbor is a stone's throw away. You can't be any closer to the city center! The space can also be used as a meeting place for an additional fee and study rooms are also available for rent.\nPrice of the address service: 16.66 \u20ac \/ month + VAT (first year), 25 \u20ac \/ month + VAT (following years). The price of possible mail scans will increase.\nThe contract is made for a period of 12 months and a security deposit of \u20ac 50 must be paid at the beginning, which will be refunded at the end of the contract.<\/p><\/div><\/div><\/div><\/div><\/div>\t\t\t\t\t\t<\/div>\n\t\t\t\t<\/div>\n\t\t\t\t<div class=\"elementor-element elementor-element-42101a2 elementor-widget elementor-widget-text-editor\"   data-id=\"42101a2\"   data-element_type=\"widget\"   data-widget_type=\"text-editor.default\">\n\t\t\t\t<div class=\"elementor-widget-container\">\n\t\t\t\t\t\t\t<div class=\"wpb_column vc_column_container vc_col-sm-4\"><div class=\"vc_column-inner\"><div class=\"wpb_wrapper\"><div class=\"wpb_text_column wpb_content_element\"><div class=\"wpb_wrapper\"><p><strong><em>Business center in Tallinna: Tornim\u00e4e 5<\/em><\/strong><\/p><figure id=\"attachment_2626\"   aria-describedby=\"caption-attachment-2626\"   style=\"width: 400px\"   class=\"wp-caption alignright\"><img decoding=\"async\"   loading=\"lazy\"   class=\"wp-image-2626\"   src=\"https:\/\/ryynanenconsulting.com\/oathitse\/2013\/08\/Tornim\u00e4e-5-Tallinn.jpg\"   alt=\"Tornim\u00e4e 5, Tallinn\"   width=\"400\"   height=\"250\" \/><figcaption id=\"caption-attachment-2626\"   class=\"wp-caption-text\">Tornim\u00e4e 5, Tallinn<\/figcaption><\/figure><p class=\" translation-block\">This is the most modern business center in Tallinn and all of Estonia. The space we offer is managed by a global company and perhaps that is why more than another hundred companies already operate at this address. Tornim\u00e4ki's space can also be used as a meeting place for an additional fee, and study rooms are also available for rent.\nPrice of the address service: 25 \u20ac \/ month + VAT. The price of possible mail scans will increase.\nThe contract is made for a period of 12 months and a security deposit of \u20ac 50 must be paid at the beginning, which will be refunded at the end of the contract.<\/p><\/div><\/div><\/div><\/div><\/div>\t\t\t\t\t\t<\/div>\n\t\t\t\t<\/div>\n\t\t\t\t<div class=\"elementor-element elementor-element-384326c elementor-widget elementor-widget-text-editor\"   data-id=\"384326c\"   data-element_type=\"widget\"   data-widget_type=\"text-editor.default\">\n\t\t\t\t<div class=\"elementor-widget-container\">\n\t\t\t\t\t\t\t<div class=\"wpb_column vc_column_container vc_col-sm-4\"><div class=\"vc_column-inner\"><div class=\"wpb_wrapper\"><div class=\"wpb_text_column wpb_content_element\"><div class=\"wpb_wrapper\"><p><strong><em>City center in Tallinn : Narva mnt 5<\/em><\/strong><\/p><figure id=\"attachment_864\"   aria-describedby=\"caption-attachment-864\"   style=\"width: 400px\"   class=\"wp-caption alignleft\"><a href=\"https:\/\/ryynanenconsulting.com\/oathitse\/2014\/09\/Narva-mnt-5-Tallinna.jpg\"><img decoding=\"async\"   loading=\"lazy\"   class=\"wp-image-864\"   src=\"https:\/\/ryynanenconsulting.com\/oathitse\/2014\/09\/Narva-mnt-5-Tallinna-400x250.jpg\"   alt=\"Virtuaalitoimisto Viroon\"   width=\"400\"   height=\"250\" \/><\/a><figcaption id=\"caption-attachment-864\"   class=\"wp-caption-text\">Narva mnt 5, Tallinn<\/figcaption><\/figure><p class=\" translation-block\">This property is located right in the heart of Tallinn, across the road from the Viru Center, a stone's throw from the Viru Hotel. The service provider is a company with an Estonian background, which also operates in Finland and Sweden. Meeting rooms and offices can also be rented from them for an hourly rate.\nPrice of the address service: 16.66 \u20ac \/ month + VAT. The price includes scanning of mail to the customer.\nThe service must be paid for 12 months at a time.<\/p><\/div><\/div><\/div><\/div><\/div>\t\t\t\t\t\t<\/div>\n\t\t\t\t<\/div>\n\t\t\t\t\t<\/div>\n\t\t<\/div>\n\t\t\t\t\t\t\t<\/div>\n\t\t<\/section>\n\t\t\t\t\t\t\t<\/div>","protected":false},"excerpt":{"rendered":"<p>Ryyn\u00e4nen Consulting tarjoaa osoite- ja postilaatikkopalveluja. T\u00e4m\u00e4 on hyv\u00e4 ratkaisu toimintansa aloittaville yrityksille sek\u00e4 yrityksille, joilla ei ole Virossa erillisi\u00e4 toimitiloja. Osoitepalvelun hinnat alkavat 12,50 \u20ac\/kk + ALV (min. 1 vuosi). Hintaan sis\u00e4ltyy my\u00f6s lain vaatima yhteyshenkil\u00f6palvelu, jos hallituksen j\u00e4sen ei asu Virossa. Asiakas voi sopimuksen puitteissa ilmoittaa yrityksens\u00e4 toimipaikan osoitteeksi kyseisen osoitteen. Osoitteeseen saapunut [&hellip;]<\/p>","protected":false},"author":100001,"featured_media":0,"parent":0,"menu_order":0,"comment_status":"closed","ping_status":"closed","template":"elementor_header_footer","meta":[],"yoast_head":"\n<title>Yrityksen osoitepalvelu Virossa | Virtuaalitoimisto | Viro | Tallinna<\/title>\n<meta name=\"description\"  content=\"Meilt\u00e4 osoitepalvelu Viroon. Tarjoamme virtuaalitoimistoja ja postilaatikkopalveluja. Yritykselle &amp; yksityishenkil\u00f6lle.\" \/>\n<meta name=\"robots\"  content=\"index, follow, max-snippet:-1, max-image-preview:large, max-video-preview:-1\" \/>\n<link rel=\"canonical\"  href=\"https:\/\/ryynanenconsulting.com\/en\/address-service-for-business-in-estonia\/\" \/>\n<meta property=\"og:locale\"  content=\"en_GB\" \/>\n<meta property=\"og:type\"  content=\"article\" \/>\n<meta property=\"og:title\"  content=\"Yrityksen osoitepalvelu Virossa\" \/>\n<meta property=\"og:description\"  content=\"Meilt\u00e4 osoitepalvelu Viroon. Tarjoamme virtuaalitoimistoja ja postilaatikkopalveluja. Yritykselle &amp; yksityishenkil\u00f6lle.\" \/>\n<meta property=\"og:url\"  content=\"https:\/\/ryynanenconsulting.com\/en\/address-service-for-business-in-estonia\/\" \/>\n<meta property=\"og:site_name\"  content=\"yhti\u00f6 Viroon, yritys Viroon, kirjanpito Virossa, valmisyritys Viroon, kirjanpito Viroon\" \/>\n<meta property=\"article:publisher\"  content=\"https:\/\/www.facebook.com\/ryynanenconsulting?ref=hl\" \/>\n<meta property=\"article:modified_time\"  content=\"2022-04-20T18:09:14+00:00\" \/>\n<meta property=\"og:image\"  content=\"https:\/\/ryynanenconsulting.com\/oathitse\/2022\/01\/fbcover-01-1024x576.png\" \/>\n\t<meta property=\"og:image:width\" content=\"1024\" \/>\n\t<meta property=\"og:image:height\" content=\"576\" \/>\n\t<meta property=\"og:image:type\" content=\"image\/png\" \/>\n<meta name=\"twitter:label1\" content=\"Estimated reading time\" \/>\n\t<meta name=\"twitter:data1\"  content=\"3 minutes\" \/>\n<script type=\"application\/ld+json\"  class=\"yoast-schema-graph\">{\"@context\":\"https:\/\/schema.org\",\"@graph\":[{\"@type\":\"Organization\",\"@id\":\"https:\/\/ryynanenconsulting.com\/#organization\",\"name\":\"Ryyn\u00e4nen Consulting O\u00dc\",\"url\":\"https:\/\/ryynanenconsulting.com\/\",\"sameAs\":[\"https:\/\/www.facebook.com\/ryynanenconsulting?ref=hl\",\"https:\/\/www.instagram.com\/ryynanenconsulting\/\"],\"logo\":{\"@type\":\"ImageObject\",\"@id\":\"https:\/\/ryynanenconsulting.com\/#logo\",\"inLanguage\":\"en-GB\",\"url\":\"https:\/\/ryynanenconsulting.com\/oathitse\/2021\/12\/Logo-860x233-1.png\",\"contentUrl\":\"https:\/\/ryynanenconsulting.com\/oathitse\/2021\/12\/Logo-860x233-1.png\",\"width\":860,\"height\":233,\"caption\":\"Ryyn\u00e4nen Consulting O\u00dc\"},\"image\":{\"@id\":\"https:\/\/ryynanenconsulting.com\/#logo\"}},{\"@type\":\"WebSite\",\"@id\":\"https:\/\/ryynanenconsulting.com\/#website\",\"url\":\"https:\/\/ryynanenconsulting.com\/\",\"name\":\"yhti\u00f6 Viroon, yritys Viroon, kirjanpito Virossa, valmisyritys Viroon, kirjanpito Viroon\",\"description\":\"yhti\u00f6 Viroon, yritys Viroon, valmisyritys Viroon, kirjanpito Viroon, kirjanpito Virossa, konsultointi- RYYN\u00c4NEN CONSULTING O\u00dc ville@ryynanenconsulting.com\",\"publisher\":{\"@id\":\"https:\/\/ryynanenconsulting.com\/#organization\"},\"potentialAction\":[{\"@type\":\"SearchAction\",\"target\":{\"@type\":\"EntryPoint\",\"urlTemplate\":\"https:\/\/ryynanenconsulting.com\/?s={search_term_string}\"},\"query-input\":\"required name=search_term_string\"}],\"inLanguage\":\"en-GB\"},{\"@type\":\"ImageObject\",\"@id\":\"https:\/\/ryynanenconsulting.com\/osoitepalvelu-virossa\/#primaryimage\",\"inLanguage\":\"en-GB\",\"url\":\"https:\/\/ryynanenconsulting.com\/oathitse\/2022\/01\/fbcover-01.png\",\"contentUrl\":\"https:\/\/ryynanenconsulting.com\/oathitse\/2022\/01\/fbcover-01.png\",\"width\":8000,\"height\":4500},{\"@type\":\"WebPage\",\"@id\":\"https:\/\/ryynanenconsulting.com\/osoitepalvelu-virossa\/#webpage\",\"url\":\"https:\/\/ryynanenconsulting.com\/osoitepalvelu-virossa\/\",\"name\":\"Yrityksen osoitepalvelu Virossa | Virtuaalitoimisto | Viro | Tallinna\",\"isPartOf\":{\"@id\":\"https:\/\/ryynanenconsulting.com\/#website\"},\"primaryImageOfPage\":{\"@id\":\"https:\/\/ryynanenconsulting.com\/osoitepalvelu-virossa\/#primaryimage\"},\"datePublished\":\"2022-01-07T12:52:38+00:00\",\"dateModified\":\"2022-04-20T18:09:14+00:00\",\"description\":\"Meilt\u00e4 osoitepalvelu Viroon. Tarjoamme virtuaalitoimistoja ja postilaatikkopalveluja. Yritykselle & yksityishenkil\u00f6lle.\",\"breadcrumb\":{\"@id\":\"https:\/\/ryynanenconsulting.com\/osoitepalvelu-virossa\/#breadcrumb\"},\"inLanguage\":\"en-GB\",\"potentialAction\":[{\"@type\":\"ReadAction\",\"target\":[\"https:\/\/ryynanenconsulting.com\/osoitepalvelu-virossa\/\"]}]},{\"@type\":\"BreadcrumbList\",\"@id\":\"https:\/\/ryynanenconsulting.com\/osoitepalvelu-virossa\/#breadcrumb\",\"itemListElement\":[{\"@type\":\"ListItem\",\"position\":1,\"name\":\"Home\",\"item\":\"https:\/\/ryynanenconsulting.com\/\"},{\"@type\":\"ListItem\",\"position\":2,\"name\":\"Yrityksen osoitepalvelu Virossa\"}]}]}<\/script>\n","yoast_head_json":{"title":"Yrityksen osoitepalvelu Virossa | Virtuaalitoimisto | Viro | Tallinna","description":"Meilt\u00e4 osoitepalvelu Viroon. Tarjoamme virtuaalitoimistoja ja postilaatikkopalveluja. Yritykselle & yksityishenkil\u00f6lle.","robots":{"index":"index","follow":"follow","max-snippet":"max-snippet:-1","max-image-preview":"max-image-preview:large","max-video-preview":"max-video-preview:-1"},"canonical":"https:\/\/ryynanenconsulting.com\/en\/address-service-for-business-in-estonia\/","og_locale":"en_GB","og_type":"article","og_title":"Yrityksen osoitepalvelu Virossa","og_description":"Meilt\u00e4 osoitepalvelu Viroon. Tarjoamme virtuaalitoimistoja ja postilaatikkopalveluja. Yritykselle & yksityishenkil\u00f6lle.","og_url":"https:\/\/ryynanenconsulting.com\/en\/address-service-for-business-in-estonia\/","og_site_name":"yhti\u00f6 Viroon, yritys Viroon, kirjanpito Virossa, valmisyritys Viroon, kirjanpito Viroon","article_publisher":"https:\/\/www.facebook.com\/ryynanenconsulting?ref=hl","article_modified_time":"2022-04-20T18:09:14+00:00","og_image":[{"width":1024,"height":576,"url":"https:\/\/ryynanenconsulting.com\/oathitse\/2022\/01\/fbcover-01-1024x576.png","type":"image\/png"}],"twitter_misc":{"Estimated reading time":"3 minutes"},"schema":{"@context":"https:\/\/schema.org","@graph":[{"@type":"Organization","@id":"https:\/\/ryynanenconsulting.com\/#organization","name":"Ryyn\u00e4nen Consulting O\u00dc","url":"https:\/\/ryynanenconsulting.com\/","sameAs":["https:\/\/www.facebook.com\/ryynanenconsulting?ref=hl","https:\/\/www.instagram.com\/ryynanenconsulting\/"],"logo":{"@type":"ImageObject","@id":"https:\/\/ryynanenconsulting.com\/#logo","inLanguage":"en-GB","url":"https:\/\/ryynanenconsulting.com\/oathitse\/2021\/12\/Logo-860x233-1.png","contentUrl":"https:\/\/ryynanenconsulting.com\/oathitse\/2021\/12\/Logo-860x233-1.png","width":860,"height":233,"caption":"Ryyn\u00e4nen Consulting O\u00dc"},"image":{"@id":"https:\/\/ryynanenconsulting.com\/#logo"}},{"@type":"WebSite","@id":"https:\/\/ryynanenconsulting.com\/#website","url":"https:\/\/ryynanenconsulting.com\/","name":"yhti\u00f6 Viroon, yritys Viroon, kirjanpito Virossa, valmisyritys Viroon, kirjanpito Viroon","description":"yhti\u00f6 Viroon, yritys Viroon, valmisyritys Viroon, kirjanpito Viroon, kirjanpito Virossa, konsultointi- RYYN\u00c4NEN CONSULTING O\u00dc ville@ryynanenconsulting.com","publisher":{"@id":"https:\/\/ryynanenconsulting.com\/#organization"},"potentialAction":[{"@type":"SearchAction","target":{"@type":"EntryPoint","urlTemplate":"https:\/\/ryynanenconsulting.com\/?s={search_term_string}"},"query-input":"required name=search_term_string"}],"inLanguage":"en-GB"},{"@type":"ImageObject","@id":"https:\/\/ryynanenconsulting.com\/osoitepalvelu-virossa\/#primaryimage","inLanguage":"en-GB","url":"https:\/\/ryynanenconsulting.com\/oathitse\/2022\/01\/fbcover-01.png","contentUrl":"https:\/\/ryynanenconsulting.com\/oathitse\/2022\/01\/fbcover-01.png","width":8000,"height":4500},{"@type":"WebPage","@id":"https:\/\/ryynanenconsulting.com\/osoitepalvelu-virossa\/#webpage","url":"https:\/\/ryynanenconsulting.com\/osoitepalvelu-virossa\/","name":"Yrityksen osoitepalvelu Virossa | Virtuaalitoimisto | Viro | Tallinna","isPartOf":{"@id":"https:\/\/ryynanenconsulting.com\/#website"},"primaryImageOfPage":{"@id":"https:\/\/ryynanenconsulting.com\/osoitepalvelu-virossa\/#primaryimage"},"datePublished":"2022-01-07T12:52:38+00:00","dateModified":"2022-04-20T18:09:14+00:00","description":"Meilt\u00e4 osoitepalvelu Viroon. Tarjoamme virtuaalitoimistoja ja postilaatikkopalveluja. Yritykselle & yksityishenkil\u00f6lle.","breadcrumb":{"@id":"https:\/\/ryynanenconsulting.com\/osoitepalvelu-virossa\/#breadcrumb"},"inLanguage":"en-GB","potentialAction":[{"@type":"ReadAction","target":["https:\/\/ryynanenconsulting.com\/osoitepalvelu-virossa\/"]}]},{"@type":"BreadcrumbList","@id":"https:\/\/ryynanenconsulting.com\/osoitepalvelu-virossa\/#breadcrumb","itemListElement":[{"@type":"ListItem","position":1,"name":"Home","item":"https:\/\/ryynanenconsulting.com\/"},{"@type":"ListItem","position":2,"name":"Yrityksen osoitepalvelu Virossa"}]}]}},"_links":{"self":[{"href":"https:\/\/ryynanenconsulting.com\/en\/wp-json\/wp\/v2\/pages\/102688"}],"collection":[{"href":"https:\/\/ryynanenconsulting.com\/en\/wp-json\/wp\/v2\/pages"}],"about":[{"href":"https:\/\/ryynanenconsulting.com\/en\/wp-json\/wp\/v2\/types\/page"}],"author":[{"embeddable":true,"href":"https:\/\/ryynanenconsulting.com\/en\/wp-json\/wp\/v2\/users\/100001"}],"replies":[{"embeddable":true,"href":"https:\/\/ryynanenconsulting.com\/en\/wp-json\/wp\/v2\/comments?post=102688"}],"version-history":[{"count":12,"href":"https:\/\/ryynanenconsulting.com\/en\/wp-json\/wp\/v2\/pages\/102688\/revisions"}],"predecessor-version":[{"id":103065,"href":"https:\/\/ryynanenconsulting.com\/en\/wp-json\/wp\/v2\/pages\/102688\/revisions\/103065"}],"wp:attachment":[{"href":"https:\/\/ryynanenconsulting.com\/en\/wp-json\/wp\/v2\/media?parent=102688"}],"curies":[{"name":"wp","href":"https:\/\/api.w.org\/{rel}","templated":true}]}}