{"id":102408,"date":"2022-01-07T08:53:39","date_gmt":"2022-01-07T06:53:39","guid":{"rendered":"https:\/\/ryynanenconsulting.com\/minu-konto\/"},"modified":"2022-01-07T08:53:39","modified_gmt":"2022-01-07T06:53:39","slug":"minu-konto","status":"publish","type":"page","link":"https:\/\/ryynanenconsulting.com\/en\/minu-konto\/","title":{"rendered":"Minu konto"},"content":{"rendered":"<div class=\"woocommerce\" ><\/div>","protected":false},"excerpt":{"rendered":"","protected":false},"author":1,"featured_media":0,"parent":0,"menu_order":0,"comment_status":"closed","ping_status":"closed","template":"","meta":[],"yoast_head":"\n<title>Minu konto - yhti\u00f6 Viroon, yritys Viroon, kirjanpito Virossa, valmisyritys Viroon, kirjanpito Viroon<\/title>\n<meta name=\"robots\"  content=\"index, follow, max-snippet:-1, max-image-preview:large, max-video-preview:-1\" \/>\n<link rel=\"canonical\"  href=\"https:\/\/ryynanenconsulting.com\/en\/minu-konto\/\" \/>\n<meta property=\"og:locale\"  content=\"en_GB\" \/>\n<meta property=\"og:type\"  content=\"article\" \/>\n<meta property=\"og:title\"  content=\"Minu konto\" \/>\n<meta property=\"og:url\"  content=\"https:\/\/ryynanenconsulting.com\/en\/minu-konto\/\" \/>\n<meta property=\"og:site_name\"  content=\"yhti\u00f6 Viroon, yritys Viroon, kirjanpito Virossa, valmisyritys Viroon, kirjanpito Viroon\" \/>\n<meta property=\"article:publisher\"  content=\"https:\/\/www.facebook.com\/ryynanenconsulting?ref=hl\" \/>\n<script type=\"application\/ld+json\"  class=\"yoast-schema-graph\">{\"@context\":\"https:\/\/schema.org\",\"@graph\":[{\"@type\":\"Organization\",\"@id\":\"https:\/\/ryynanenconsulting.com\/#organization\",\"name\":\"Ryyn\u00e4nen Consulting O\u00dc\",\"url\":\"https:\/\/ryynanenconsulting.com\/\",\"sameAs\":[\"https:\/\/www.facebook.com\/ryynanenconsulting?ref=hl\",\"https:\/\/www.instagram.com\/ryynanenconsulting\/\"],\"logo\":{\"@type\":\"ImageObject\",\"@id\":\"https:\/\/ryynanenconsulting.com\/#logo\",\"inLanguage\":\"en-GB\",\"url\":\"https:\/\/ryynanenconsulting.com\/oathitse\/2021\/12\/Logo-860x233-1.png\",\"contentUrl\":\"https:\/\/ryynanenconsulting.com\/oathitse\/2021\/12\/Logo-860x233-1.png\",\"width\":860,\"height\":233,\"caption\":\"Ryyn\u00e4nen Consulting O\u00dc\"},\"image\":{\"@id\":\"https:\/\/ryynanenconsulting.com\/#logo\"}},{\"@type\":\"WebSite\",\"@id\":\"https:\/\/ryynanenconsulting.com\/#website\",\"url\":\"https:\/\/ryynanenconsulting.com\/\",\"name\":\"yhti\u00f6 Viroon, yritys Viroon, kirjanpito Virossa, valmisyritys Viroon, kirjanpito Viroon\",\"description\":\"yhti\u00f6 Viroon, yritys Viroon, valmisyritys Viroon, kirjanpito Viroon, kirjanpito Virossa, konsultointi- RYYN\u00c4NEN CONSULTING O\u00dc ville@ryynanenconsulting.com\",\"publisher\":{\"@id\":\"https:\/\/ryynanenconsulting.com\/#organization\"},\"potentialAction\":[{\"@type\":\"SearchAction\",\"target\":{\"@type\":\"EntryPoint\",\"urlTemplate\":\"https:\/\/ryynanenconsulting.com\/?s={search_term_string}\"},\"query-input\":\"required name=search_term_string\"}],\"inLanguage\":\"en-GB\"},{\"@type\":\"WebPage\",\"@id\":\"https:\/\/ryynanenconsulting.com\/minu-konto\/#webpage\",\"url\":\"https:\/\/ryynanenconsulting.com\/minu-konto\/\",\"name\":\"Minu konto - yhti\u00f6 Viroon, yritys Viroon, kirjanpito Virossa, valmisyritys Viroon, kirjanpito Viroon\",\"isPartOf\":{\"@id\":\"https:\/\/ryynanenconsulting.com\/#website\"},\"datePublished\":\"2022-01-07T06:53:39+00:00\",\"dateModified\":\"2022-01-07T06:53:39+00:00\",\"breadcrumb\":{\"@id\":\"https:\/\/ryynanenconsulting.com\/minu-konto\/#breadcrumb\"},\"inLanguage\":\"en-GB\",\"potentialAction\":[{\"@type\":\"ReadAction\",\"target\":[\"https:\/\/ryynanenconsulting.com\/minu-konto\/\"]}]},{\"@type\":\"BreadcrumbList\",\"@id\":\"https:\/\/ryynanenconsulting.com\/minu-konto\/#breadcrumb\",\"itemListElement\":[{\"@type\":\"ListItem\",\"position\":1,\"name\":\"Home\",\"item\":\"https:\/\/ryynanenconsulting.com\/\"},{\"@type\":\"ListItem\",\"position\":2,\"name\":\"Minu konto\"}]}]}<\/script>\n","yoast_head_json":{"title":"Minu konto - yhti\u00f6 Viroon, yritys Viroon, kirjanpito Virossa, valmisyritys Viroon, kirjanpito Viroon","robots":{"index":"index","follow":"follow","max-snippet":"max-snippet:-1","max-image-preview":"max-image-preview:large","max-video-preview":"max-video-preview:-1"},"canonical":"https:\/\/ryynanenconsulting.com\/en\/minu-konto\/","og_locale":"en_GB","og_type":"article","og_title":"Minu konto","og_url":"https:\/\/ryynanenconsulting.com\/en\/minu-konto\/","og_site_name":"yhti\u00f6 Viroon, yritys Viroon, kirjanpito Virossa, valmisyritys Viroon, kirjanpito Viroon","article_publisher":"https:\/\/www.facebook.com\/ryynanenconsulting?ref=hl","schema":{"@context":"https:\/\/schema.org","@graph":[{"@type":"Organization","@id":"https:\/\/ryynanenconsulting.com\/#organization","name":"Ryyn\u00e4nen Consulting O\u00dc","url":"https:\/\/ryynanenconsulting.com\/","sameAs":["https:\/\/www.facebook.com\/ryynanenconsulting?ref=hl","https:\/\/www.instagram.com\/ryynanenconsulting\/"],"logo":{"@type":"ImageObject","@id":"https:\/\/ryynanenconsulting.com\/#logo","inLanguage":"en-GB","url":"https:\/\/ryynanenconsulting.com\/oathitse\/2021\/12\/Logo-860x233-1.png","contentUrl":"https:\/\/ryynanenconsulting.com\/oathitse\/2021\/12\/Logo-860x233-1.png","width":860,"height":233,"caption":"Ryyn\u00e4nen Consulting O\u00dc"},"image":{"@id":"https:\/\/ryynanenconsulting.com\/#logo"}},{"@type":"WebSite","@id":"https:\/\/ryynanenconsulting.com\/#website","url":"https:\/\/ryynanenconsulting.com\/","name":"yhti\u00f6 Viroon, yritys Viroon, kirjanpito Virossa, valmisyritys Viroon, kirjanpito Viroon","description":"yhti\u00f6 Viroon, yritys Viroon, valmisyritys Viroon, kirjanpito Viroon, kirjanpito Virossa, konsultointi- RYYN\u00c4NEN CONSULTING O\u00dc ville@ryynanenconsulting.com","publisher":{"@id":"https:\/\/ryynanenconsulting.com\/#organization"},"potentialAction":[{"@type":"SearchAction","target":{"@type":"EntryPoint","urlTemplate":"https:\/\/ryynanenconsulting.com\/?s={search_term_string}"},"query-input":"required name=search_term_string"}],"inLanguage":"en-GB"},{"@type":"WebPage","@id":"https:\/\/ryynanenconsulting.com\/minu-konto\/#webpage","url":"https:\/\/ryynanenconsulting.com\/minu-konto\/","name":"Minu konto - yhti\u00f6 Viroon, yritys Viroon, kirjanpito Virossa, valmisyritys Viroon, kirjanpito Viroon","isPartOf":{"@id":"https:\/\/ryynanenconsulting.com\/#website"},"datePublished":"2022-01-07T06:53:39+00:00","dateModified":"2022-01-07T06:53:39+00:00","breadcrumb":{"@id":"https:\/\/ryynanenconsulting.com\/minu-konto\/#breadcrumb"},"inLanguage":"en-GB","potentialAction":[{"@type":"ReadAction","target":["https:\/\/ryynanenconsulting.com\/minu-konto\/"]}]},{"@type":"BreadcrumbList","@id":"https:\/\/ryynanenconsulting.com\/minu-konto\/#breadcrumb","itemListElement":[{"@type":"ListItem","position":1,"name":"Home","item":"https:\/\/ryynanenconsulting.com\/"},{"@type":"ListItem","position":2,"name":"Minu konto"}]}]}},"_links":{"self":[{"href":"https:\/\/ryynanenconsulting.com\/en\/wp-json\/wp\/v2\/pages\/102408"}],"collection":[{"href":"https:\/\/ryynanenconsulting.com\/en\/wp-json\/wp\/v2\/pages"}],"about":[{"href":"https:\/\/ryynanenconsulting.com\/en\/wp-json\/wp\/v2\/types\/page"}],"author":[{"embeddable":true,"href":"https:\/\/ryynanenconsulting.com\/en\/wp-json\/wp\/v2\/users\/1"}],"replies":[{"embeddable":true,"href":"https:\/\/ryynanenconsulting.com\/en\/wp-json\/wp\/v2\/comments?post=102408"}],"version-history":[{"count":0,"href":"https:\/\/ryynanenconsulting.com\/en\/wp-json\/wp\/v2\/pages\/102408\/revisions"}],"wp:attachment":[{"href":"https:\/\/ryynanenconsulting.com\/en\/wp-json\/wp\/v2\/media?parent=102408"}],"curies":[{"name":"wp","href":"https:\/\/api.w.org\/{rel}","templated":true}]}}