{"id":101922,"date":"2022-01-03T16:35:40","date_gmt":"2022-01-03T14:35:40","guid":{"rendered":"https:\/\/ryynanenconsulting.com\/?page_id=101922"},"modified":"2022-01-27T16:30:34","modified_gmt":"2022-01-27T14:30:34","slug":"alihankinta","status":"publish","type":"page","link":"https:\/\/ryynanenconsulting.com\/en\/subcontracting-in-estonia\/","title":{"rendered":"Subcontracting in Estonia"},"content":{"rendered":"<div data-elementor-type=\"wp-page\"  data-elementor-id=\"101922\"  class=\"elementor elementor-101922\">\n\t\t\t\t\t\t\t\t\t<section data-particle_enable=\"false\"   data-particle-mobile-disabled=\"false\"   data-dce-background-color=\"#ffffff\"   class=\"elementor-section elementor-top-section elementor-element elementor-element-b787e6a elementor-section-boxed elementor-section-height-default elementor-section-height-default\"   data-id=\"b787e6a\"  data-element_type=\"section\"  data-settings=\"{&quot;background_background&quot;:&quot;classic&quot;}\">\n\t\t\t\t\t\t<div class=\"elementor-container elementor-column-gap-default\">\n\t\t\t\t\t<div class=\"elementor-column elementor-col-50 elementor-top-column elementor-element elementor-element-d2a1343\"   data-id=\"d2a1343\"  data-element_type=\"column\">\n\t\t\t<div class=\"elementor-widget-wrap elementor-element-populated\">\n\t\t\t\t\t\t\t\t<div class=\"elementor-element elementor-element-4136e98 dce_masking-none elementor-widget elementor-widget-image\"   data-id=\"4136e98\"   data-element_type=\"widget\" data-widget_type=\"image.default\">\n\t\t\t\t<div class=\"elementor-widget-container\">\n\t\t\t<style>\/*! elementor - v3.11.1 - 15-02-2023 *\/\n.elementor-widget-image{text-align:center}.elementor-widget-image a{display:inline-block}.elementor-widget-image a img[src$=\".svg\"]{width:48px}.elementor-widget-image img{vertical-align:middle;display:inline-block}<\/style>\t\t\t\t\t\t\t\t\t\t\t\t<img decoding=\"async\"   width=\"683\"   height=\"1024\"   src=\"https:\/\/ryynanenconsulting.com\/oathitse\/2022\/01\/kontor-683x1024.jpg\"   class=\"attachment-large size-large wp-image-101799\"   alt=\"\"   loading=\"lazy\"   srcset=\"https:\/\/ryynanenconsulting.com\/oathitse\/2022\/01\/kontor-683x1024.jpg 683w, https:\/\/ryynanenconsulting.com\/oathitse\/2022\/01\/kontor-scaled-416x624.jpg 416w, https:\/\/ryynanenconsulting.com\/oathitse\/2022\/01\/kontor-200x300.jpg 200w, https:\/\/ryynanenconsulting.com\/oathitse\/2022\/01\/kontor-768x1152.jpg 768w, https:\/\/ryynanenconsulting.com\/oathitse\/2022\/01\/kontor-1024x1536.jpg 1024w, https:\/\/ryynanenconsulting.com\/oathitse\/2022\/01\/kontor-1365x2048.jpg 1365w, https:\/\/ryynanenconsulting.com\/oathitse\/2022\/01\/kontor-8x12.jpg 8w, https:\/\/ryynanenconsulting.com\/oathitse\/2022\/01\/kontor-scaled.jpg 1707w\"   sizes=\"(max-width: 683px) 100vw, 683px\" \/>\t\t\t\t\t\t\t\t\t\t\t\t\t\t\t<\/div>\n\t\t\t\t<\/div>\n\t\t\t\t\t<\/div>\n\t\t<\/div>\n\t\t\t\t<div class=\"elementor-column elementor-col-50 elementor-top-column elementor-element elementor-element-4b583f0\"   data-id=\"4b583f0\"   data-element_type=\"column\">\n\t\t\t<div class=\"elementor-widget-wrap elementor-element-populated\">\n\t\t\t\t\t\t\t\t<div class=\"elementor-element elementor-element-48c7475 elementor-widget elementor-widget-text-editor\"   data-id=\"48c7475\"   data-element_type=\"widget\"   data-widget_type=\"text-editor.default\">\n\t\t\t\t<div class=\"elementor-widget-container\">\n\t\t\t<style>\/*! elementor - v3.11.1 - 15-02-2023 *\/\n.elementor-widget-text-editor.elementor-drop-cap-view-stacked .elementor-drop-cap{background-color:#818a91;color:#fff}.elementor-widget-text-editor.elementor-drop-cap-view-framed .elementor-drop-cap{color:#818a91;border:3px solid;background-color:transparent}.elementor-widget-text-editor:not(.elementor-drop-cap-view-default) .elementor-drop-cap{margin-top:8px}.elementor-widget-text-editor:not(.elementor-drop-cap-view-default) .elementor-drop-cap-letter{width:1em;height:1em}.elementor-widget-text-editor .elementor-drop-cap{float:left;text-align:center;line-height:1;font-size:50px}.elementor-widget-text-editor .elementor-drop-cap-letter{display:inline-block}<\/style>\t\t\t\t<p>We offer help for expanding into Estonia and operating in Estonia and in other Baltic countries.<\/p><p>We have over 20 years of experience in Estonia that ensures in-depth knowledge of Estonian approaches and business environment.<\/p><p>Would you like to save your expenses? For instance, we can find you a reliable subcontractor in Estonia who can deliver products and services to you a lot cheaper than your present partner in your country! An Estonian subcontractor often enables fast deliveries at reasonable prices.<\/p><p>Estonia is so close to Scandinavia both geographically and culturally that it is a splendid place for nearshoring base of Scandinavian companies. So, do not hesitate to ask for more information on how you could organise subcontracting in Estonia!<\/p>\t\t\t\t\t\t<\/div>\n\t\t\t\t<\/div>\n\t\t\t\t\t<\/div>\n\t\t<\/div>\n\t\t\t\t\t\t\t<\/div>\n\t\t<\/section>\n\t\t\t\t\t\t\t<\/div>","protected":false},"excerpt":{"rendered":"<p>Alihankinta Virosta voi tuoda merkitt\u00e4v\u00e4\u00e4 s\u00e4\u00e4st\u00f6\u00e4 yhti\u00f6llesi. Viron palkkataso on keskim\u00e4\u00e4rin noin 2-4 kertaa matalampi kuin Suomessa ja samalla monien virolaisyhti\u00f6iden osaaminen on eritt\u00e4in korkealla tasolla. Samoin yritysverotus ja muut kulut ovat Virossa huomattavasti kevyemm\u00e4t. Viro on my\u00f6s maantieteellisesti ja kulttuurisesti eritt\u00e4in l\u00e4hell\u00e4 Suomea. Virolaiset yritykset ja ty\u00f6ntekij\u00e4t ovat eritt\u00e4in joustavia ja pystyv\u00e4t nopeasti reagoimaan [&hellip;]<\/p>","protected":false},"author":100001,"featured_media":0,"parent":0,"menu_order":0,"comment_status":"closed","ping_status":"closed","template":"elementor_header_footer","meta":[],"yoast_head":"\n<title>Alihankinta Virosta | Alihankinta Baltiasta Latviasta Liettuasta<\/title>\n<meta name=\"description\"  content=\"Alihankinta Virosta on korkealaatuista. Viro on kulttuurisesti eritt\u00e4in l\u00e4hell\u00e4 Suomea, joten alihankinta Viroon on houkuttelevaa. My\u00f6s Latvia ja Liettua.\" \/>\n<meta name=\"robots\"  content=\"index, follow, max-snippet:-1, max-image-preview:large, max-video-preview:-1\" \/>\n<link rel=\"canonical\"  href=\"https:\/\/ryynanenconsulting.com\/en\/subcontracting-in-estonia\/\" \/>\n<meta property=\"og:locale\"  content=\"en_GB\" \/>\n<meta property=\"og:type\"  content=\"article\" \/>\n<meta property=\"og:title\"  content=\"Alihankinta Yhti\u00f6 Viroon | Yritys Viroon | Kirjanpito\" \/>\n<meta property=\"og:description\"  content=\"Ryyn\u00e4nen Consulting\" \/>\n<meta property=\"og:url\"  content=\"https:\/\/ryynanenconsulting.com\/en\/subcontracting-in-estonia\/\" \/>\n<meta property=\"og:site_name\"  content=\"yhti\u00f6 Viroon, yritys Viroon, kirjanpito Virossa, valmisyritys Viroon, kirjanpito Viroon\" \/>\n<meta property=\"article:publisher\"  content=\"https:\/\/www.facebook.com\/ryynanenconsulting?ref=hl\" \/>\n<meta property=\"article:modified_time\"  content=\"2022-01-27T14:30:34+00:00\" \/>\n<meta property=\"og:image\"  content=\"https:\/\/ryynanenconsulting.com\/oathitse\/2022\/01\/fbcover-01-1024x576.png\" \/>\n\t<meta property=\"og:image:width\" content=\"1024\" \/>\n\t<meta property=\"og:image:height\" content=\"576\" \/>\n\t<meta property=\"og:image:type\" content=\"image\/png\" \/>\n<meta name=\"twitter:label1\" content=\"Estimated reading time\" \/>\n\t<meta name=\"twitter:data1\"  content=\"2 minutes\"  \/>\n<script type=\"application\/ld+json\"  class=\"yoast-schema-graph\">{\"@context\":\"https:\/\/schema.org\",\"@graph\":[{\"@type\":\"Organization\",\"@id\":\"https:\/\/ryynanenconsulting.com\/#organization\",\"name\":\"Ryyn\u00e4nen Consulting O\u00dc\",\"url\":\"https:\/\/ryynanenconsulting.com\/\",\"sameAs\":[\"https:\/\/www.facebook.com\/ryynanenconsulting?ref=hl\",\"https:\/\/www.instagram.com\/ryynanenconsulting\/\"],\"logo\":{\"@type\":\"ImageObject\",\"@id\":\"https:\/\/ryynanenconsulting.com\/#logo\",\"inLanguage\":\"en-GB\",\"url\":\"https:\/\/ryynanenconsulting.com\/oathitse\/2021\/12\/Logo-860x233-1.png\",\"contentUrl\":\"https:\/\/ryynanenconsulting.com\/oathitse\/2021\/12\/Logo-860x233-1.png\",\"width\":860,\"height\":233,\"caption\":\"Ryyn\u00e4nen Consulting O\u00dc\"},\"image\":{\"@id\":\"https:\/\/ryynanenconsulting.com\/#logo\"}},{\"@type\":\"WebSite\",\"@id\":\"https:\/\/ryynanenconsulting.com\/#website\",\"url\":\"https:\/\/ryynanenconsulting.com\/\",\"name\":\"yhti\u00f6 Viroon, yritys Viroon, kirjanpito Virossa, valmisyritys Viroon, kirjanpito Viroon\",\"description\":\"yhti\u00f6 Viroon, yritys Viroon, valmisyritys Viroon, kirjanpito Viroon, kirjanpito Virossa, konsultointi- RYYN\u00c4NEN CONSULTING O\u00dc ville@ryynanenconsulting.com\",\"publisher\":{\"@id\":\"https:\/\/ryynanenconsulting.com\/#organization\"},\"potentialAction\":[{\"@type\":\"SearchAction\",\"target\":{\"@type\":\"EntryPoint\",\"urlTemplate\":\"https:\/\/ryynanenconsulting.com\/?s={search_term_string}\"},\"query-input\":\"required name=search_term_string\"}],\"inLanguage\":\"en-GB\"},{\"@type\":\"ImageObject\",\"@id\":\"https:\/\/ryynanenconsulting.com\/alihankinta\/#primaryimage\",\"inLanguage\":\"en-GB\",\"url\":\"https:\/\/ryynanenconsulting.com\/oathitse\/2022\/01\/fbcover-01.png\",\"contentUrl\":\"https:\/\/ryynanenconsulting.com\/oathitse\/2022\/01\/fbcover-01.png\",\"width\":8000,\"height\":4500},{\"@type\":\"WebPage\",\"@id\":\"https:\/\/ryynanenconsulting.com\/alihankinta\/#webpage\",\"url\":\"https:\/\/ryynanenconsulting.com\/alihankinta\/\",\"name\":\"Alihankinta Virosta | Alihankinta Baltiasta Latviasta Liettuasta\",\"isPartOf\":{\"@id\":\"https:\/\/ryynanenconsulting.com\/#website\"},\"primaryImageOfPage\":{\"@id\":\"https:\/\/ryynanenconsulting.com\/alihankinta\/#primaryimage\"},\"datePublished\":\"2022-01-03T14:35:40+00:00\",\"dateModified\":\"2022-01-27T14:30:34+00:00\",\"description\":\"Alihankinta Virosta on korkealaatuista. Viro on kulttuurisesti eritt\u00e4in l\u00e4hell\u00e4 Suomea, joten alihankinta Viroon on houkuttelevaa. My\u00f6s Latvia ja Liettua.\",\"breadcrumb\":{\"@id\":\"https:\/\/ryynanenconsulting.com\/alihankinta\/#breadcrumb\"},\"inLanguage\":\"en-GB\",\"potentialAction\":[{\"@type\":\"ReadAction\",\"target\":[\"https:\/\/ryynanenconsulting.com\/alihankinta\/\"]}]},{\"@type\":\"BreadcrumbList\",\"@id\":\"https:\/\/ryynanenconsulting.com\/alihankinta\/#breadcrumb\",\"itemListElement\":[{\"@type\":\"ListItem\",\"position\":1,\"name\":\"Home\",\"item\":\"https:\/\/ryynanenconsulting.com\/\"},{\"@type\":\"ListItem\",\"position\":2,\"name\":\"Alihankinta\"}]}]}<\/script>\n","yoast_head_json":{"title":"Alihankinta Virosta | Alihankinta Baltiasta Latviasta Liettuasta","description":"Alihankinta Virosta on korkealaatuista. Viro on kulttuurisesti eritt\u00e4in l\u00e4hell\u00e4 Suomea, joten alihankinta Viroon on houkuttelevaa. My\u00f6s Latvia ja Liettua.","robots":{"index":"index","follow":"follow","max-snippet":"max-snippet:-1","max-image-preview":"max-image-preview:large","max-video-preview":"max-video-preview:-1"},"canonical":"https:\/\/ryynanenconsulting.com\/en\/subcontracting-in-estonia\/","og_locale":"en_GB","og_type":"article","og_title":"Alihankinta Yhti\u00f6 Viroon | Yritys Viroon | Kirjanpito","og_description":"Ryyn\u00e4nen Consulting","og_url":"https:\/\/ryynanenconsulting.com\/en\/subcontracting-in-estonia\/","og_site_name":"yhti\u00f6 Viroon, yritys Viroon, kirjanpito Virossa, valmisyritys Viroon, kirjanpito Viroon","article_publisher":"https:\/\/www.facebook.com\/ryynanenconsulting?ref=hl","article_modified_time":"2022-01-27T14:30:34+00:00","og_image":[{"width":1024,"height":576,"url":"https:\/\/ryynanenconsulting.com\/oathitse\/2022\/01\/fbcover-01-1024x576.png","type":"image\/png"}],"twitter_misc":{"Estimated reading time":"2 minutes"},"schema":{"@context":"https:\/\/schema.org","@graph":[{"@type":"Organization","@id":"https:\/\/ryynanenconsulting.com\/#organization","name":"Ryyn\u00e4nen Consulting O\u00dc","url":"https:\/\/ryynanenconsulting.com\/","sameAs":["https:\/\/www.facebook.com\/ryynanenconsulting?ref=hl","https:\/\/www.instagram.com\/ryynanenconsulting\/"],"logo":{"@type":"ImageObject","@id":"https:\/\/ryynanenconsulting.com\/#logo","inLanguage":"en-GB","url":"https:\/\/ryynanenconsulting.com\/oathitse\/2021\/12\/Logo-860x233-1.png","contentUrl":"https:\/\/ryynanenconsulting.com\/oathitse\/2021\/12\/Logo-860x233-1.png","width":860,"height":233,"caption":"Ryyn\u00e4nen Consulting O\u00dc"},"image":{"@id":"https:\/\/ryynanenconsulting.com\/#logo"}},{"@type":"WebSite","@id":"https:\/\/ryynanenconsulting.com\/#website","url":"https:\/\/ryynanenconsulting.com\/","name":"yhti\u00f6 Viroon, yritys Viroon, kirjanpito Virossa, valmisyritys Viroon, kirjanpito Viroon","description":"yhti\u00f6 Viroon, yritys Viroon, valmisyritys Viroon, kirjanpito Viroon, kirjanpito Virossa, konsultointi- RYYN\u00c4NEN CONSULTING O\u00dc ville@ryynanenconsulting.com","publisher":{"@id":"https:\/\/ryynanenconsulting.com\/#organization"},"potentialAction":[{"@type":"SearchAction","target":{"@type":"EntryPoint","urlTemplate":"https:\/\/ryynanenconsulting.com\/?s={search_term_string}"},"query-input":"required name=search_term_string"}],"inLanguage":"en-GB"},{"@type":"ImageObject","@id":"https:\/\/ryynanenconsulting.com\/alihankinta\/#primaryimage","inLanguage":"en-GB","url":"https:\/\/ryynanenconsulting.com\/oathitse\/2022\/01\/fbcover-01.png","contentUrl":"https:\/\/ryynanenconsulting.com\/oathitse\/2022\/01\/fbcover-01.png","width":8000,"height":4500},{"@type":"WebPage","@id":"https:\/\/ryynanenconsulting.com\/alihankinta\/#webpage","url":"https:\/\/ryynanenconsulting.com\/alihankinta\/","name":"Alihankinta Virosta | Alihankinta Baltiasta Latviasta Liettuasta","isPartOf":{"@id":"https:\/\/ryynanenconsulting.com\/#website"},"primaryImageOfPage":{"@id":"https:\/\/ryynanenconsulting.com\/alihankinta\/#primaryimage"},"datePublished":"2022-01-03T14:35:40+00:00","dateModified":"2022-01-27T14:30:34+00:00","description":"Alihankinta Virosta on korkealaatuista. Viro on kulttuurisesti eritt\u00e4in l\u00e4hell\u00e4 Suomea, joten alihankinta Viroon on houkuttelevaa. My\u00f6s Latvia ja Liettua.","breadcrumb":{"@id":"https:\/\/ryynanenconsulting.com\/alihankinta\/#breadcrumb"},"inLanguage":"en-GB","potentialAction":[{"@type":"ReadAction","target":["https:\/\/ryynanenconsulting.com\/alihankinta\/"]}]},{"@type":"BreadcrumbList","@id":"https:\/\/ryynanenconsulting.com\/alihankinta\/#breadcrumb","itemListElement":[{"@type":"ListItem","position":1,"name":"Home","item":"https:\/\/ryynanenconsulting.com\/"},{"@type":"ListItem","position":2,"name":"Alihankinta"}]}]}},"_links":{"self":[{"href":"https:\/\/ryynanenconsulting.com\/en\/wp-json\/wp\/v2\/pages\/101922"}],"collection":[{"href":"https:\/\/ryynanenconsulting.com\/en\/wp-json\/wp\/v2\/pages"}],"about":[{"href":"https:\/\/ryynanenconsulting.com\/en\/wp-json\/wp\/v2\/types\/page"}],"author":[{"embeddable":true,"href":"https:\/\/ryynanenconsulting.com\/en\/wp-json\/wp\/v2\/users\/100001"}],"replies":[{"embeddable":true,"href":"https:\/\/ryynanenconsulting.com\/en\/wp-json\/wp\/v2\/comments?post=101922"}],"version-history":[{"count":20,"href":"https:\/\/ryynanenconsulting.com\/en\/wp-json\/wp\/v2\/pages\/101922\/revisions"}],"predecessor-version":[{"id":103370,"href":"https:\/\/ryynanenconsulting.com\/en\/wp-json\/wp\/v2\/pages\/101922\/revisions\/103370"}],"wp:attachment":[{"href":"https:\/\/ryynanenconsulting.com\/en\/wp-json\/wp\/v2\/media?parent=101922"}],"curies":[{"name":"wp","href":"https:\/\/api.w.org\/{rel}","templated":true}]}}