{"id":101899,"date":"2022-01-03T15:46:39","date_gmt":"2022-01-03T13:46:39","guid":{"rendered":"https:\/\/ryynanenconsulting.com\/?page_id=101899"},"modified":"2022-01-10T13:27:03","modified_gmt":"2022-01-10T11:27:03","slug":"juridiset-palvelut","status":"publish","type":"page","link":"https:\/\/ryynanenconsulting.com\/en\/juridiset-palvelut\/","title":{"rendered":"Juridiset palvelut"},"content":{"rendered":"<div data-elementor-type=\"wp-page\"  data-elementor-id=\"101899\"  class=\"elementor elementor-101899\">\n\t\t\t\t\t\t\t\t\t<section data-particle_enable=\"false\"   data-particle-mobile-disabled=\"false\"   data-dce-background-color=\"#ffffff\"   class=\"elementor-section elementor-top-section elementor-element elementor-element-283cb13 elementor-section-boxed elementor-section-height-default elementor-section-height-default\"   data-id=\"283cb13\"  data-element_type=\"section\"  data-settings=\"{&quot;background_background&quot;:&quot;classic&quot;}\">\n\t\t\t\t\t\t<div class=\"elementor-container elementor-column-gap-default\">\n\t\t\t\t\t<div class=\"elementor-column elementor-col-50 elementor-top-column elementor-element elementor-element-f5061dd\"   data-id=\"f5061dd\"  data-element_type=\"column\">\n\t\t\t<div class=\"elementor-widget-wrap elementor-element-populated\">\n\t\t\t\t\t\t\t\t<div class=\"elementor-element elementor-element-e7a2d63 elementor-widget elementor-widget-text-editor\"   data-id=\"e7a2d63\"   data-element_type=\"widget\" data-widget_type=\"text-editor.default\">\n\t\t\t\t<div class=\"elementor-widget-container\">\n\t\t\t<style>\/*! elementor - v3.11.1 - 15-02-2023 *\/\n.elementor-widget-text-editor.elementor-drop-cap-view-stacked .elementor-drop-cap{background-color:#818a91;color:#fff}.elementor-widget-text-editor.elementor-drop-cap-view-framed .elementor-drop-cap{color:#818a91;border:3px solid;background-color:transparent}.elementor-widget-text-editor:not(.elementor-drop-cap-view-default) .elementor-drop-cap{margin-top:8px}.elementor-widget-text-editor:not(.elementor-drop-cap-view-default) .elementor-drop-cap-letter{width:1em;height:1em}.elementor-widget-text-editor .elementor-drop-cap{float:left;text-align:center;line-height:1;font-size:50px}.elementor-widget-text-editor .elementor-drop-cap-letter{display:inline-block}<\/style>\t\t\t\t<p>Meilt\u00e4 ja meid\u00e4n yhteisty\u00f6kumppaneilta saa Viron juridiset palvelut ja oikeudellisen neuvonnan ja juristin tai asianajajan avun ja muut lakipalvelut. Jos sinulla on kysymyksi\u00e4 liittyen Viron\u00a0yritys- ja kiinteist\u00f6oikeuteen ja oikeudenk\u00e4ynteihin, ole meihin yhteydess\u00e4. Autamme Virossa yritysj\u00e4rjestelyiss\u00e4, omistajanmuutoksissa ja kiinteist\u00f6kaupoissa. Autamme my\u00f6s <em>due diligencen<\/em>\u00a0 suorittamissessa, eli kartoitamme yrityskauppaan liittyvi\u00e4 riskej\u00e4 ja vastuita. Jos olet esim. sijoittamassa virolaiseen startup -yritykseen, pystymme selvitt\u00e4m\u00e4\u00e4n sijoitukseen liittyvi\u00e4 taustoja.<\/p><p>Oikeudelliset palvelut auttavat monissa Viron yrityksen liiketoiminnallisissa kysymyksiss\u00e4, mm. riitatilanteissa. Asianajajaa tarvitaan my\u00f6s, jos asiaa k\u00e4sitell\u00e4\u00e4n oikeudessa. Kauttamme saa asianajajan Viroon.<\/p><p>Meilt\u00e4 saa my\u00f6s juristin ja lakimiehen Viroon, ja juristi pystyy auttamaan, kun asia k\u00e4sitell\u00e4\u00e4n oikeuden ulkopuolella.<\/p>\t\t\t\t\t\t<\/div>\n\t\t\t\t<\/div>\n\t\t\t\t\t<\/div>\n\t\t<\/div>\n\t\t\t\t<div class=\"elementor-column elementor-col-50 elementor-top-column elementor-element elementor-element-d8925db\"   data-id=\"d8925db\"   data-element_type=\"column\">\n\t\t\t<div class=\"elementor-widget-wrap elementor-element-populated\">\n\t\t\t\t\t\t\t\t<div class=\"elementor-element elementor-element-0948be2 dce_masking-none elementor-widget elementor-widget-image\"   data-id=\"0948be2\"   data-element_type=\"widget\"  data-widget_type=\"image.default\">\n\t\t\t\t<div class=\"elementor-widget-container\">\n\t\t\t<style>\/*! elementor - v3.11.1 - 15-02-2023 *\/\n.elementor-widget-image{text-align:center}.elementor-widget-image a{display:inline-block}.elementor-widget-image a img[src$=\".svg\"]{width:48px}.elementor-widget-image img{vertical-align:middle;display:inline-block}<\/style>\t\t\t\t\t\t\t\t\t\t\t\t<img decoding=\"async\"   width=\"860\"   height=\"574\"   src=\"https:\/\/ryynanenconsulting.com\/oathitse\/2020\/04\/shutterstock_1121506268-860x574.jpg\"   class=\"attachment-large size-large wp-image-100724\"   alt=\"\"   loading=\"lazy\"   srcset=\"https:\/\/ryynanenconsulting.com\/oathitse\/2020\/04\/shutterstock_1121506268-860x574.jpg 860w, https:\/\/ryynanenconsulting.com\/oathitse\/2020\/04\/shutterstock_1121506268-416x277.jpg 416w, https:\/\/ryynanenconsulting.com\/oathitse\/2020\/04\/shutterstock_1121506268-768x512.jpg 768w, https:\/\/ryynanenconsulting.com\/oathitse\/2020\/04\/shutterstock_1121506268.jpg 1000w\"   sizes=\"(max-width: 860px) 100vw, 860px\" \/>\t\t\t\t\t\t\t\t\t\t\t\t\t\t\t<\/div>\n\t\t\t\t<\/div>\n\t\t\t\t\t<\/div>\n\t\t<\/div>\n\t\t\t\t\t\t\t<\/div>\n\t\t<\/section>\n\t\t\t\t\t\t\t<\/div>","protected":false},"excerpt":{"rendered":"<p>Meilt\u00e4 ja meid\u00e4n yhteisty\u00f6kumppaneilta saa Viron juridiset palvelut ja oikeudellisen neuvonnan ja juristin tai asianajajan avun ja muut lakipalvelut. Jos sinulla on kysymyksi\u00e4 liittyen Viron\u00a0yritys- ja kiinteist\u00f6oikeuteen ja oikeudenk\u00e4ynteihin, ole meihin yhteydess\u00e4. Autamme Virossa yritysj\u00e4rjestelyiss\u00e4, omistajanmuutoksissa ja kiinteist\u00f6kaupoissa. Autamme my\u00f6s due diligencen\u00a0 suorittamissessa, eli kartoitamme yrityskauppaan liittyvi\u00e4 riskej\u00e4 ja vastuita. Jos olet esim. sijoittamassa virolaiseen [&hellip;]<\/p>","protected":false},"author":100001,"featured_media":0,"parent":0,"menu_order":0,"comment_status":"closed","ping_status":"closed","template":"elementor_header_footer","meta":[],"yoast_head":"\n<title>Juridiset ja oikeudelliset palvelut Virossa, juridinen neuvonta, asiakirjat<\/title>\n<meta name=\"description\"  content=\"Meilt\u00e4 saa Viron juridiset palvelut ja oikeudellisen neuvonnan.\"  \/>\n<meta name=\"robots\"  content=\"index, follow, max-snippet:-1, max-image-preview:large, max-video-preview:-1\" \/>\n<link rel=\"canonical\"  href=\"https:\/\/ryynanenconsulting.com\/en\/juridiset-palvelut\/\" \/>\n<meta property=\"og:locale\"  content=\"en_GB\" \/>\n<meta property=\"og:type\"  content=\"article\" \/>\n<meta property=\"og:title\"  content=\"Yhti\u00f6 Viroon | Yritys Viroon | Kirjanpito\" \/>\n<meta property=\"og:description\"  content=\"Ryyn\u00e4nen Consulting\" \/>\n<meta property=\"og:url\"  content=\"https:\/\/ryynanenconsulting.com\/en\/juridiset-palvelut\/\" \/>\n<meta property=\"og:site_name\"  content=\"yhti\u00f6 Viroon, yritys Viroon, kirjanpito Virossa, valmisyritys Viroon, kirjanpito Viroon\" \/>\n<meta property=\"article:publisher\"  content=\"https:\/\/www.facebook.com\/ryynanenconsulting?ref=hl\" \/>\n<meta property=\"article:modified_time\"  content=\"2022-01-10T11:27:03+00:00\" \/>\n<meta property=\"og:image\"  content=\"https:\/\/ryynanenconsulting.com\/oathitse\/2022\/01\/fbcover-01-1024x576.png\" \/>\n\t<meta property=\"og:image:width\" content=\"1024\" \/>\n\t<meta property=\"og:image:height\" content=\"576\" \/>\n\t<meta property=\"og:image:type\" content=\"image\/png\" \/>\n<meta name=\"twitter:label1\" content=\"Estimated reading time\" \/>\n\t<meta name=\"twitter:data1\"  content=\"2 minutes\"  \/>\n<script type=\"application\/ld+json\"  class=\"yoast-schema-graph\">{\"@context\":\"https:\/\/schema.org\",\"@graph\":[{\"@type\":\"Organization\",\"@id\":\"https:\/\/ryynanenconsulting.com\/#organization\",\"name\":\"Ryyn\u00e4nen Consulting O\u00dc\",\"url\":\"https:\/\/ryynanenconsulting.com\/\",\"sameAs\":[\"https:\/\/www.facebook.com\/ryynanenconsulting?ref=hl\",\"https:\/\/www.instagram.com\/ryynanenconsulting\/\"],\"logo\":{\"@type\":\"ImageObject\",\"@id\":\"https:\/\/ryynanenconsulting.com\/#logo\",\"inLanguage\":\"en-GB\",\"url\":\"https:\/\/ryynanenconsulting.com\/oathitse\/2021\/12\/Logo-860x233-1.png\",\"contentUrl\":\"https:\/\/ryynanenconsulting.com\/oathitse\/2021\/12\/Logo-860x233-1.png\",\"width\":860,\"height\":233,\"caption\":\"Ryyn\u00e4nen Consulting O\u00dc\"},\"image\":{\"@id\":\"https:\/\/ryynanenconsulting.com\/#logo\"}},{\"@type\":\"WebSite\",\"@id\":\"https:\/\/ryynanenconsulting.com\/#website\",\"url\":\"https:\/\/ryynanenconsulting.com\/\",\"name\":\"yhti\u00f6 Viroon, yritys Viroon, kirjanpito Virossa, valmisyritys Viroon, kirjanpito Viroon\",\"description\":\"yhti\u00f6 Viroon, yritys Viroon, valmisyritys Viroon, kirjanpito Viroon, kirjanpito Virossa, konsultointi- RYYN\u00c4NEN CONSULTING O\u00dc ville@ryynanenconsulting.com\",\"publisher\":{\"@id\":\"https:\/\/ryynanenconsulting.com\/#organization\"},\"potentialAction\":[{\"@type\":\"SearchAction\",\"target\":{\"@type\":\"EntryPoint\",\"urlTemplate\":\"https:\/\/ryynanenconsulting.com\/?s={search_term_string}\"},\"query-input\":\"required name=search_term_string\"}],\"inLanguage\":\"en-GB\"},{\"@type\":\"ImageObject\",\"@id\":\"https:\/\/ryynanenconsulting.com\/juridiset-palvelut\/#primaryimage\",\"inLanguage\":\"en-GB\",\"url\":\"https:\/\/ryynanenconsulting.com\/oathitse\/2022\/01\/fbcover-01.png\",\"contentUrl\":\"https:\/\/ryynanenconsulting.com\/oathitse\/2022\/01\/fbcover-01.png\",\"width\":8000,\"height\":4500},{\"@type\":\"WebPage\",\"@id\":\"https:\/\/ryynanenconsulting.com\/juridiset-palvelut\/#webpage\",\"url\":\"https:\/\/ryynanenconsulting.com\/juridiset-palvelut\/\",\"name\":\"Juridiset ja oikeudelliset palvelut Virossa, juridinen neuvonta, asiakirjat\",\"isPartOf\":{\"@id\":\"https:\/\/ryynanenconsulting.com\/#website\"},\"primaryImageOfPage\":{\"@id\":\"https:\/\/ryynanenconsulting.com\/juridiset-palvelut\/#primaryimage\"},\"datePublished\":\"2022-01-03T13:46:39+00:00\",\"dateModified\":\"2022-01-10T11:27:03+00:00\",\"description\":\"Meilt\u00e4 saa Viron juridiset palvelut ja oikeudellisen neuvonnan.\",\"breadcrumb\":{\"@id\":\"https:\/\/ryynanenconsulting.com\/juridiset-palvelut\/#breadcrumb\"},\"inLanguage\":\"en-GB\",\"potentialAction\":[{\"@type\":\"ReadAction\",\"target\":[\"https:\/\/ryynanenconsulting.com\/juridiset-palvelut\/\"]}]},{\"@type\":\"BreadcrumbList\",\"@id\":\"https:\/\/ryynanenconsulting.com\/juridiset-palvelut\/#breadcrumb\",\"itemListElement\":[{\"@type\":\"ListItem\",\"position\":1,\"name\":\"Home\",\"item\":\"https:\/\/ryynanenconsulting.com\/\"},{\"@type\":\"ListItem\",\"position\":2,\"name\":\"Juridiset palvelut\"}]}]}<\/script>\n","yoast_head_json":{"title":"Juridiset ja oikeudelliset palvelut Virossa, juridinen neuvonta, asiakirjat","description":"Meilt\u00e4 saa Viron juridiset palvelut ja oikeudellisen neuvonnan.","robots":{"index":"index","follow":"follow","max-snippet":"max-snippet:-1","max-image-preview":"max-image-preview:large","max-video-preview":"max-video-preview:-1"},"canonical":"https:\/\/ryynanenconsulting.com\/en\/juridiset-palvelut\/","og_locale":"en_GB","og_type":"article","og_title":"Yhti\u00f6 Viroon | Yritys Viroon | Kirjanpito","og_description":"Ryyn\u00e4nen Consulting","og_url":"https:\/\/ryynanenconsulting.com\/en\/juridiset-palvelut\/","og_site_name":"yhti\u00f6 Viroon, yritys Viroon, kirjanpito Virossa, valmisyritys Viroon, kirjanpito Viroon","article_publisher":"https:\/\/www.facebook.com\/ryynanenconsulting?ref=hl","article_modified_time":"2022-01-10T11:27:03+00:00","og_image":[{"width":1024,"height":576,"url":"https:\/\/ryynanenconsulting.com\/oathitse\/2022\/01\/fbcover-01-1024x576.png","type":"image\/png"}],"twitter_misc":{"Estimated reading time":"2 minutes"},"schema":{"@context":"https:\/\/schema.org","@graph":[{"@type":"Organization","@id":"https:\/\/ryynanenconsulting.com\/#organization","name":"Ryyn\u00e4nen Consulting O\u00dc","url":"https:\/\/ryynanenconsulting.com\/","sameAs":["https:\/\/www.facebook.com\/ryynanenconsulting?ref=hl","https:\/\/www.instagram.com\/ryynanenconsulting\/"],"logo":{"@type":"ImageObject","@id":"https:\/\/ryynanenconsulting.com\/#logo","inLanguage":"en-GB","url":"https:\/\/ryynanenconsulting.com\/oathitse\/2021\/12\/Logo-860x233-1.png","contentUrl":"https:\/\/ryynanenconsulting.com\/oathitse\/2021\/12\/Logo-860x233-1.png","width":860,"height":233,"caption":"Ryyn\u00e4nen Consulting O\u00dc"},"image":{"@id":"https:\/\/ryynanenconsulting.com\/#logo"}},{"@type":"WebSite","@id":"https:\/\/ryynanenconsulting.com\/#website","url":"https:\/\/ryynanenconsulting.com\/","name":"yhti\u00f6 Viroon, yritys Viroon, kirjanpito Virossa, valmisyritys Viroon, kirjanpito Viroon","description":"yhti\u00f6 Viroon, yritys Viroon, valmisyritys Viroon, kirjanpito Viroon, kirjanpito Virossa, konsultointi- RYYN\u00c4NEN CONSULTING O\u00dc ville@ryynanenconsulting.com","publisher":{"@id":"https:\/\/ryynanenconsulting.com\/#organization"},"potentialAction":[{"@type":"SearchAction","target":{"@type":"EntryPoint","urlTemplate":"https:\/\/ryynanenconsulting.com\/?s={search_term_string}"},"query-input":"required name=search_term_string"}],"inLanguage":"en-GB"},{"@type":"ImageObject","@id":"https:\/\/ryynanenconsulting.com\/juridiset-palvelut\/#primaryimage","inLanguage":"en-GB","url":"https:\/\/ryynanenconsulting.com\/oathitse\/2022\/01\/fbcover-01.png","contentUrl":"https:\/\/ryynanenconsulting.com\/oathitse\/2022\/01\/fbcover-01.png","width":8000,"height":4500},{"@type":"WebPage","@id":"https:\/\/ryynanenconsulting.com\/juridiset-palvelut\/#webpage","url":"https:\/\/ryynanenconsulting.com\/juridiset-palvelut\/","name":"Juridiset ja oikeudelliset palvelut Virossa, juridinen neuvonta, asiakirjat","isPartOf":{"@id":"https:\/\/ryynanenconsulting.com\/#website"},"primaryImageOfPage":{"@id":"https:\/\/ryynanenconsulting.com\/juridiset-palvelut\/#primaryimage"},"datePublished":"2022-01-03T13:46:39+00:00","dateModified":"2022-01-10T11:27:03+00:00","description":"Meilt\u00e4 saa Viron juridiset palvelut ja oikeudellisen neuvonnan.","breadcrumb":{"@id":"https:\/\/ryynanenconsulting.com\/juridiset-palvelut\/#breadcrumb"},"inLanguage":"en-GB","potentialAction":[{"@type":"ReadAction","target":["https:\/\/ryynanenconsulting.com\/juridiset-palvelut\/"]}]},{"@type":"BreadcrumbList","@id":"https:\/\/ryynanenconsulting.com\/juridiset-palvelut\/#breadcrumb","itemListElement":[{"@type":"ListItem","position":1,"name":"Home","item":"https:\/\/ryynanenconsulting.com\/"},{"@type":"ListItem","position":2,"name":"Juridiset palvelut"}]}]}},"_links":{"self":[{"href":"https:\/\/ryynanenconsulting.com\/en\/wp-json\/wp\/v2\/pages\/101899"}],"collection":[{"href":"https:\/\/ryynanenconsulting.com\/en\/wp-json\/wp\/v2\/pages"}],"about":[{"href":"https:\/\/ryynanenconsulting.com\/en\/wp-json\/wp\/v2\/types\/page"}],"author":[{"embeddable":true,"href":"https:\/\/ryynanenconsulting.com\/en\/wp-json\/wp\/v2\/users\/100001"}],"replies":[{"embeddable":true,"href":"https:\/\/ryynanenconsulting.com\/en\/wp-json\/wp\/v2\/comments?post=101899"}],"version-history":[{"count":26,"href":"https:\/\/ryynanenconsulting.com\/en\/wp-json\/wp\/v2\/pages\/101899\/revisions"}],"predecessor-version":[{"id":102877,"href":"https:\/\/ryynanenconsulting.com\/en\/wp-json\/wp\/v2\/pages\/101899\/revisions\/102877"}],"wp:attachment":[{"href":"https:\/\/ryynanenconsulting.com\/en\/wp-json\/wp\/v2\/media?parent=101899"}],"curies":[{"name":"wp","href":"https:\/\/api.w.org\/{rel}","templated":true}]}}